{"id":8635,"date":"2022-07-04T09:41:53","date_gmt":"2022-07-04T01:41:53","guid":{"rendered":"https:\/\/sellersunionagent.com\/?post_type=product&#038;p=8635"},"modified":"2026-01-06T14:29:06","modified_gmt":"2026-01-06T06:29:06","slug":"lunch-bag-for-women-men-kids-for-school-or-travel-oem-and-odm","status":"publish","type":"product","link":"https:\/\/www.sellersunionagent.com\/pl\/lunch-bag-for-women-men-kids-for-school-or-travel-oem-and-odm\/","title":{"rendered":"Torba na lunch dla kobiet, m\u0119\u017cczyzn, dzieci do szko\u0142y lub podr\u00f3\u017cy OEM i ODM"},"content":{"rendered":"<h2>Torba na lunch dla kobiet, m\u0119\u017cczyzn, dzieci do szko\u0142y lub podr\u00f3\u017cy OEM i ODM<\/h2>\n<p>&nbsp;<\/p>\n<p>&nbsp;<\/p>\n<p>&lt;High Quality Materials&gt; This lunch bag was made of high quality materials so that it can keep the food warm\/still cold. The aluminum foil lining is an insulating, safe and environmentally friendly material. The lunch box provides long-lasting durability in daily activities and it is easy to clean.<\/p>\n<p>&nbsp;<\/p>\n<p>&nbsp;<\/p>\n<p>&lt;Large Capacity&gt; We offer 5 different capacities for you to choose the one mostly suits for you. The details are showing below:<\/p>\n<p>Item A:\u00a0L25*W16*H28cm(220G)<\/p>\n<p>Item B:\u00a0L25*W15*H19cm(142G)<\/p>\n<p>Item C:\u00a0L17*W17*H13.5cm(110G)<\/p>\n<p>Item D:\u00a0L18*H22cm(158G)<\/p>\n<p>Item E:\u00a0L22*W20*H16cm(174G)<\/p>\n<p>&nbsp;<\/p>\n<p>&lt;Wide Range of Uses&gt; The compact and cute lunch box small can be a handbag for women, men, adults, boys and girls, and is an ideal gift choice for work, university and outdoor activities.<\/p>\n<p>&nbsp;<\/p>\n<p>&nbsp;<\/p>\n<p>Typ: Torba na lunch<\/p>\n<p>Item No.: JBWD308<\/p>\n<p>Size&amp;Weight:<\/p>\n<p>Item A:\u00a0L25*W16*H28cm(220G)<\/p>\n<p>Item B:\u00a0L25*W15*H19cm(142G)<\/p>\n<p>Item C:\u00a0L17*W17*H13.5cm(110G)<\/p>\n<p>Item D:\u00a0L18*H22cm(158G)<\/p>\n<p>Item E:\u00a0L22*W20*H16cm(174G)<\/p>\n<p>OEM\/ODM: zaakceptowane<\/p>\n<p><img fetchpriority=\"high\" decoding=\"async\" class=\"aligncenter wp-image-8720\" src=\"https:\/\/www.sellersunionagent.com\/wp-content\/uploads\/2022\/07\/lunch-bag-for-women-3.jpg\" alt=\"OEM\/ODM\" width=\"600\" height=\"600\" \/> <img decoding=\"async\" class=\"aligncenter wp-image-8721\" src=\"https:\/\/www.sellersunionagent.com\/wp-content\/uploads\/2022\/07\/lunch-bag-for-women-2.jpg\" alt=\"OEM\/ODM\" width=\"600\" height=\"600\" \/> <img decoding=\"async\" class=\"aligncenter wp-image-8722\" src=\"https:\/\/www.sellersunionagent.com\/wp-content\/uploads\/2022\/07\/lunch-bag-for-women-1.jpg\" alt=\"OEM\/ODM\" width=\"600\" height=\"600\" \/> <img loading=\"lazy\" decoding=\"async\" class=\"aligncenter wp-image-8723\" src=\"https:\/\/www.sellersunionagent.com\/wp-content\/uploads\/2022\/07\/lunch-bag-for-women.jpg\" alt=\"OEM\/ODM\" width=\"600\" height=\"600\" \/><img loading=\"lazy\" decoding=\"async\" class=\"aligncenter wp-image-8637\" src=\"https:\/\/www.sellersunionagent.com\/wp-content\/uploads\/2022\/07\/lunch-bag-for-women-men-3.jpg\" alt=\"OEM\/ODM\" width=\"600\" height=\"600\" \/><\/p>","protected":false},"excerpt":{"rendered":"<p><strong>MOQ<\/strong>: 500 lub Elastyczny<\/p>\n<p><strong>Bezp\u0142atna pr\u00f3bka<\/strong>: Obs\u0142ugiwane<\/p>\n<p><strong>Personalizacja<\/strong>logo\/kolor\/materia\u0142y\/opakowanie<\/p>\n<p><strong>Zni\u017cka<\/strong>: 10% zni\u017cki na pierwsze zam\u00f3wienie<\/p>\n<p><strong>Wska\u017anik terminowo\u015bci dostaw<\/strong>: 100%<\/p>\n<p><strong>Przesy\u0142ki og\u00f3\u0142em<\/strong>: 106467 PCS<\/p>\n<p><strong>Wysy\u0142ka<\/strong>: Obs\u0142uga przesy\u0142ek ekspresowych\/frachtu morskiego\/frachtu l\u0105dowego<\/p>","protected":false},"featured_media":8639,"comment_status":"open","ping_status":"closed","template":"","meta":{"_acf_changed":false},"product_brand":[],"product_cat":[28],"product_tag":[41,167,93],"class_list":{"0":"post-8635","1":"product","2":"type-product","3":"status-publish","4":"has-post-thumbnail","6":"product_cat-lunch-bag","7":"product_tag-lunch-bag","8":"product_tag-odm-oem","9":"product_tag-storage","11":"first","12":"instock","13":"shipping-taxable","14":"purchasable","15":"product-type-simple","16":"swiper-slide"},"acf":[],"_links":{"self":[{"href":"https:\/\/www.sellersunionagent.com\/pl\/wp-json\/wp\/v2\/product\/8635","targetHints":{"allow":["GET"]}}],"collection":[{"href":"https:\/\/www.sellersunionagent.com\/pl\/wp-json\/wp\/v2\/product"}],"about":[{"href":"https:\/\/www.sellersunionagent.com\/pl\/wp-json\/wp\/v2\/types\/product"}],"replies":[{"embeddable":true,"href":"https:\/\/www.sellersunionagent.com\/pl\/wp-json\/wp\/v2\/comments?post=8635"}],"wp:featuredmedia":[{"embeddable":true,"href":"https:\/\/www.sellersunionagent.com\/pl\/wp-json\/wp\/v2\/media\/8639"}],"wp:attachment":[{"href":"https:\/\/www.sellersunionagent.com\/pl\/wp-json\/wp\/v2\/media?parent=8635"}],"wp:term":[{"taxonomy":"product_brand","embeddable":true,"href":"https:\/\/www.sellersunionagent.com\/pl\/wp-json\/wp\/v2\/product_brand?post=8635"},{"taxonomy":"product_cat","embeddable":true,"href":"https:\/\/www.sellersunionagent.com\/pl\/wp-json\/wp\/v2\/product_cat?post=8635"},{"taxonomy":"product_tag","embeddable":true,"href":"https:\/\/www.sellersunionagent.com\/pl\/wp-json\/wp\/v2\/product_tag?post=8635"}],"curies":[{"name":"wp","href":"https:\/\/api.w.org\/{rel}","templated":true}]}}