{"id":8629,"date":"2022-07-04T09:07:22","date_gmt":"2022-07-04T01:07:22","guid":{"rendered":"https:\/\/sellersunionagent.com\/?post_type=product&#038;p=8629"},"modified":"2022-07-11T09:38:14","modified_gmt":"2022-07-11T01:38:14","slug":"spersonalizowany-lun","status":"publish","type":"product","link":"https:\/\/www.sellersunionagent.com\/pl\/customized-lun\/","title":{"rendered":"Nowy projekt mody Dostosowana torba na lunch z chi\u0144skich fabryk"},"content":{"rendered":"<h2>Nowy projekt mody Dostosowana torba na lunch z chi\u0144skich fabryk<\/h2>\n<p>&nbsp;<\/p>\n<p>&nbsp;<\/p>\n<p>Ca\u0142kowita waga ka\u017cdej torby na lunch wynosi tylko 180 g. Rozwi\u0144 lub z\u0142\u00f3\u017c zgodnie z wymaganiami dotycz\u0105cymi rozmiaru, oszcz\u0119dzaj\u0105c miejsce. Jest r\u00f3wnie\u017c odporna na \u015bcieranie i wodoodporna, dzi\u0119ki czemu mo\u017cna j\u0105 bardzo \u0142atwo wyczy\u015bci\u0107.<\/p>\n<p>&nbsp;<\/p>\n<p>&nbsp;<\/p>\n<p>Mo\u017ce by\u0107 u\u017cywana jako opakowanie na l\u00f3d, torby na lunch, torby na drobiazgi lub torby na zakupy, torby na przek\u0105ski na d\u0142ugie podr\u00f3\u017ce, wygodne torby dla naszych konsument\u00f3w.<\/p>\n<p>&nbsp;<\/p>\n<p>&nbsp;<\/p>\n<p>Rozmiar tej torby na lunch wynosi 27 * 24 * 17 cm, co jest lekk\u0105 i ciep\u0142\u0105 torb\u0105 na lunch o du\u017cej pojemno\u015bci. Jest wystarczaj\u0105co du\u017co miejsca, aby pomie\u015bci\u0107 wszystkie potrawy, kt\u00f3re chcesz przechowywa\u0107, takie jak konserwy, owoce, butelki z wod\u0105 i przek\u0105ski. Ta torba na lunch mo\u017ce pomie\u015bci\u0107 potrzebne jedzenie przez ca\u0142y dzie\u0144.<\/p>\n<p>&nbsp;<\/p>\n<p>&nbsp;<\/p>\n<p><img fetchpriority=\"high\" decoding=\"async\" class=\"aligncenter wp-image-8729\" src=\"https:\/\/www.sellersunionagent.com\/wp-content\/uploads\/2022\/07\/new-fashion-design-customized-lunch-bag.png\" alt=\"Chi\u0144skie fabryki\" width=\"600\" height=\"571\" \/><img decoding=\"async\" class=\"aligncenter wp-image-8728\" src=\"https:\/\/www.sellersunionagent.com\/wp-content\/uploads\/2022\/07\/new-fashion-design-customized-lunch-bag-1.png\" alt=\"Chi\u0144skie fabryki\" width=\"600\" height=\"600\" \/> <img decoding=\"async\" class=\"aligncenter wp-image-8727\" src=\"https:\/\/www.sellersunionagent.com\/wp-content\/uploads\/2022\/07\/new-fashion-design-customized-lunch-bag-2.png\" alt=\"Chi\u0144skie fabryki\" width=\"600\" height=\"603\" \/><img loading=\"lazy\" decoding=\"async\" class=\"aligncenter wp-image-8633\" src=\"https:\/\/www.sellersunionagent.com\/wp-content\/uploads\/2022\/07\/new-fashion-design-customized-lunch-bag-1.jpg\" alt=\"\" width=\"600\" height=\"600\" \/><\/p>","protected":false},"excerpt":{"rendered":"<p>Typ: Torba na lunch<\/p>\n<p>Nr artyku\u0142u: JBWD359<\/p>\n<p>Rozmiar i waga: 27 * 24 * 17 cm i 180 g;<\/p>\n<p>OEM\/ODM: zaakceptowane<\/p>","protected":false},"featured_media":8848,"comment_status":"open","ping_status":"closed","template":"","meta":{"_acf_changed":false},"product_brand":[],"product_cat":[28],"product_tag":[165,166,41,163,92,93],"class_list":{"0":"post-8629","1":"product","2":"type-product","3":"status-publish","4":"has-post-thumbnail","6":"product_cat-lunch-bag","7":"product_tag-export","8":"product_tag-import","9":"product_tag-lunch-bag","10":"product_tag-meal","11":"product_tag-retail","12":"product_tag-storage","14":"first","15":"instock","16":"shipping-taxable","17":"product-type-simple","18":"swiper-slide"},"acf":[],"_links":{"self":[{"href":"https:\/\/www.sellersunionagent.com\/pl\/wp-json\/wp\/v2\/product\/8629","targetHints":{"allow":["GET"]}}],"collection":[{"href":"https:\/\/www.sellersunionagent.com\/pl\/wp-json\/wp\/v2\/product"}],"about":[{"href":"https:\/\/www.sellersunionagent.com\/pl\/wp-json\/wp\/v2\/types\/product"}],"replies":[{"embeddable":true,"href":"https:\/\/www.sellersunionagent.com\/pl\/wp-json\/wp\/v2\/comments?post=8629"}],"wp:featuredmedia":[{"embeddable":true,"href":"https:\/\/www.sellersunionagent.com\/pl\/wp-json\/wp\/v2\/media\/8848"}],"wp:attachment":[{"href":"https:\/\/www.sellersunionagent.com\/pl\/wp-json\/wp\/v2\/media?parent=8629"}],"wp:term":[{"taxonomy":"product_brand","embeddable":true,"href":"https:\/\/www.sellersunionagent.com\/pl\/wp-json\/wp\/v2\/product_brand?post=8629"},{"taxonomy":"product_cat","embeddable":true,"href":"https:\/\/www.sellersunionagent.com\/pl\/wp-json\/wp\/v2\/product_cat?post=8629"},{"taxonomy":"product_tag","embeddable":true,"href":"https:\/\/www.sellersunionagent.com\/pl\/wp-json\/wp\/v2\/product_tag?post=8629"}],"curies":[{"name":"wp","href":"https:\/\/api.w.org\/{rel}","templated":true}]}}