{"id":8618,"date":"2022-07-03T16:39:02","date_gmt":"2022-07-03T08:39:02","guid":{"rendered":"https:\/\/sellersunionagent.com\/?post_type=product&#038;p=8618"},"modified":"2022-07-03T16:39:02","modified_gmt":"2022-07-03T08:39:02","slug":"wielofunkcyjna-torba-do-przechowywania-na-oparcie-fotela-samochodowego","status":"publish","type":"product","link":"https:\/\/www.sellersunionagent.com\/pl\/car-seat-back-organizer-multifunctional-storage-bag\/","title":{"rendered":"Organizer na oparcie fotela samochodowego Wielofunkcyjna torba do przechowywania"},"content":{"rendered":"<h2>Organizer na oparcie fotela samochodowego Wielofunkcyjna torba do przechowywania<\/h2>\n<p>WYGODNA ZAWIESZANA KONSTRUKCJA: Organizer wisi nad siedzeniem i nie zajmuje miejsca na pod\u0142odze baga\u017cnika, jak organizer w pude\u0142ku. Pomaga zachowa\u0107 cenn\u0105 przestrze\u0144 na pod\u0142odze dla wi\u0119kszych przedmiot\u00f3w, takich jak walizki i w\u00f3zek. Torba jest sk\u0142adana, ma wy\u015bcie\u0142any uchwyt i odpinany pasek na rami\u0119, dzi\u0119ki czemu mo\u017cna j\u0105 przechowywa\u0107 nie tylko w samochodzie, ale tak\u017ce na kempingu.<\/p>\n<p>&nbsp;<\/p>\n<p>DU\u017bA PRZESTRZE\u0143 DO PRZECHOWYWANIA: Wymiary 27 * 11 * 25 cm, du\u017cy rozmiar zapewnia du\u017c\u0105 przestrze\u0144 do przechowywania.<\/p>\n<p>&nbsp;<\/p>\n<p>WYTRZYMA\u0141A TKANINA: Zastosowano wysokiej jako\u015bci poliester ze wzmocnionymi szwami, kt\u00f3re zapewniaj\u0105 wystarczaj\u0105c\u0105 wytrzyma\u0142o\u015b\u0107 i trwa\u0142o\u015b\u0107.<\/p>\n<p><img fetchpriority=\"high\" decoding=\"async\" class=\"aligncenter wp-image-8628\" src=\"https:\/\/www.sellersunionagent.com\/wp-content\/uploads\/2022\/07\/car-seat-back-organizer.jpg\" alt=\"Wielofunkcyjna torba do przechowywania\" width=\"600\" height=\"497\" \/> <img decoding=\"async\" class=\"aligncenter wp-image-8627\" src=\"https:\/\/www.sellersunionagent.com\/wp-content\/uploads\/2022\/07\/car-seat-back-organizer-1.jpg\" alt=\"Wielofunkcyjna torba do przechowywania\" width=\"600\" height=\"600\" \/> <img decoding=\"async\" class=\"aligncenter wp-image-8626\" src=\"https:\/\/www.sellersunionagent.com\/wp-content\/uploads\/2022\/07\/car-seat-back-organizer-2.jpg\" alt=\"Wielofunkcyjna torba do przechowywania\" width=\"600\" height=\"600\" \/> <img loading=\"lazy\" decoding=\"async\" class=\"aligncenter wp-image-8624\" src=\"https:\/\/www.sellersunionagent.com\/wp-content\/uploads\/2022\/07\/car-seat-back-organizer-3.jpg\" alt=\"Wielofunkcyjna torba do przechowywania\" width=\"600\" height=\"600\" \/> \u00a0<img loading=\"lazy\" decoding=\"async\" class=\"aligncenter wp-image-8622\" src=\"https:\/\/www.sellersunionagent.com\/wp-content\/uploads\/2022\/07\/car-seat-back-organizer-5.png\" alt=\"Wielofunkcyjna torba do przechowywania\" width=\"600\" height=\"578\" \/> <img loading=\"lazy\" decoding=\"async\" class=\"aligncenter wp-image-8621\" src=\"https:\/\/www.sellersunionagent.com\/wp-content\/uploads\/2022\/07\/car-seat-back-organizer-6.jpg\" alt=\"Wielofunkcyjna torba do przechowywania\" width=\"600\" height=\"600\" \/> <img loading=\"lazy\" decoding=\"async\" class=\"aligncenter wp-image-8620\" src=\"https:\/\/www.sellersunionagent.com\/wp-content\/uploads\/2022\/07\/car-seat-back-organizer-7.png\" alt=\"Wielofunkcyjna torba do przechowywania\" width=\"600\" height=\"600\" \/><\/p>","protected":false},"excerpt":{"rendered":"<p><strong>Typ<\/strong>: Wielofunkcyjna torba do przechowywania \/ torba na lunch<\/p>\n<p><strong>Numer pozycji:<\/strong> JBWN377<\/p>\n<p><strong>Rozmiar elementu<\/strong>27*11*25cm<\/p>\n<p><strong>Kolory<\/strong>: Szary\/czarny\/zielony\/czerwony\/granatowy<\/p>\n<p><strong>Materia\u0142:<\/strong>\u00a0polister<span class=\"\">\u00a0+<\/span>\u00a0folia aluminiowa<\/p>\n<p>Jako dostawca hurtowy z ponad 20-letnim do\u015bwiadczeniem, jeste\u015bmy zobowi\u0105zani do dostarczania wysokiej jako\u015bci produkt\u00f3w do przechowywania w konkurencyjnych cenach. Eksportujemy modne, wysokiej jako\u015bci, wielofunkcyjne i w dobrej cenie towary, wspieramy dostosowywanie OEM i ODM oraz zapewniamy profesjonaln\u0105 kompleksow\u0105 obs\u0142ug\u0119.<\/p>","protected":false},"featured_media":8619,"comment_status":"open","ping_status":"closed","template":"","meta":{"_acf_changed":false},"product_brand":[],"product_cat":[28],"product_tag":[59,162],"class_list":{"0":"post-8618","1":"product","2":"type-product","3":"status-publish","4":"has-post-thumbnail","6":"product_cat-lunch-bag","7":"product_tag-multifunctional","8":"product_tag-with-large-pockets","10":"first","11":"instock","12":"shipping-taxable","13":"product-type-simple","14":"swiper-slide"},"acf":[],"_links":{"self":[{"href":"https:\/\/www.sellersunionagent.com\/pl\/wp-json\/wp\/v2\/product\/8618","targetHints":{"allow":["GET"]}}],"collection":[{"href":"https:\/\/www.sellersunionagent.com\/pl\/wp-json\/wp\/v2\/product"}],"about":[{"href":"https:\/\/www.sellersunionagent.com\/pl\/wp-json\/wp\/v2\/types\/product"}],"replies":[{"embeddable":true,"href":"https:\/\/www.sellersunionagent.com\/pl\/wp-json\/wp\/v2\/comments?post=8618"}],"wp:featuredmedia":[{"embeddable":true,"href":"https:\/\/www.sellersunionagent.com\/pl\/wp-json\/wp\/v2\/media\/8619"}],"wp:attachment":[{"href":"https:\/\/www.sellersunionagent.com\/pl\/wp-json\/wp\/v2\/media?parent=8618"}],"wp:term":[{"taxonomy":"product_brand","embeddable":true,"href":"https:\/\/www.sellersunionagent.com\/pl\/wp-json\/wp\/v2\/product_brand?post=8618"},{"taxonomy":"product_cat","embeddable":true,"href":"https:\/\/www.sellersunionagent.com\/pl\/wp-json\/wp\/v2\/product_cat?post=8618"},{"taxonomy":"product_tag","embeddable":true,"href":"https:\/\/www.sellersunionagent.com\/pl\/wp-json\/wp\/v2\/product_tag?post=8618"}],"curies":[{"name":"wp","href":"https:\/\/api.w.org\/{rel}","templated":true}]}}