{"id":8606,"date":"2022-07-03T16:20:26","date_gmt":"2022-07-03T08:20:26","guid":{"rendered":"https:\/\/sellersunionagent.com\/?post_type=product&#038;p=8606"},"modified":"2026-01-06T14:29:07","modified_gmt":"2026-01-06T06:29:07","slug":"goraco-sprzedajaca-sie-izolowana-torba-na-lunch-dla-kobiet-z-kreskowek","status":"publish","type":"product","link":"https:\/\/www.sellersunionagent.com\/pl\/hot-selling-cartoon-women-insulated-lunch-bag\/","title":{"rendered":"Gor\u0105co sprzedaj\u0105ca si\u0119 izolowana torba na lunch dla kobiet z kresk\u00f3wek"},"content":{"rendered":"<h2>Gor\u0105co sprzedaj\u0105ca si\u0119 izolowana torba na lunch dla kobiet z kresk\u00f3wek<\/h2>\n<p>&nbsp;<\/p>\n<p>Przyci\u0105gaj\u0105cy wzrok wygl\u0105d: Dost\u0119pny w r\u00f3\u017cnych kolorach i lekki z \u017cywym wzorem.<\/p>\n<p>&nbsp;<\/p>\n<p>&nbsp;<\/p>\n<p>Utrzymuje ciep\u0142o i \u015bwie\u017co\u015b\u0107 \u017cywno\u015bci: Ten produkt pochodzi ze \u015bci\u015ble wyselekcjonowanych fabryk wsp\u00f3\u0142pracuj\u0105cych z nami. Wewn\u0119trzna wy\u015bci\u00f3\u0142ka zosta\u0142a wykonana z aluminiowej folii spo\u017cywczej i wy\u015bcie\u0142ana piank\u0105 EPE o grubo\u015bci 5 mm, co zapewnia doskona\u0142\u0105 odporno\u015b\u0107 termiczn\u0105 i \u0142atwe czyszczenie. Izolowana podszewka mo\u017ce utrzymywa\u0107 ciep\u0142o i \u015bwie\u017co\u015b\u0107 \u017cywno\u015bci i napoj\u00f3w przez wiele godzin oraz zapobiega\u0107 wylewaniu si\u0119 p\u0142ynu z pojemnika. \u015awietnie nadaje si\u0119 r\u00f3wnie\u017c do utrzymywania temperatury lod\u00f3w lub zimnych napoj\u00f3w w samochodzie lub na si\u0142owni.<\/p>\n<p>&nbsp;<\/p>\n<p>&nbsp;<\/p>\n<p>Du\u017ca pojemno\u015b\u0107: Torba ma wygodny rozmiar do pakowania \u017cywno\u015bci do szko\u0142y, pracy i podr\u00f3\u017cy. Jej pojemno\u015b\u0107 jest wystarczaj\u0105co du\u017ca, aby idealnie pomie\u015bci\u0107 lunch, taki jak posi\u0142ki, delikatesy, przek\u0105ski i smako\u0142yki na lunch.<\/p>\n<p>&nbsp;<\/p>\n<p>&nbsp;<\/p>\n<p>\u0141atwa do przenoszenia: Nasza modna torba na lunch ma wytrzyma\u0142e uchwyty i g\u0142adkie, ulepszone zamki b\u0142yskawiczne, kt\u00f3re mo\u017cna bardzo \u0142atwo otwiera\u0107 i zamyka\u0107.<\/p>\n<p>&nbsp;<\/p>\n<p><strong>Typ<\/strong>: Torba na lunch<\/p>\n<p><strong>Numer pozycji:<\/strong> WN361-1<\/p>\n<p><strong>Rozmiar elementu<\/strong>: 18*14*18cm<\/p>\n<p><strong>Kolory<\/strong>: R\u00f3\u017cowy\/czerwony\/\u017c\u00f3\u0142ty\/szary\/niebieski\/czarny<\/p>\n<p><strong>Materia\u0142: <\/strong><span style=\"font-family: -apple-system, BlinkMacSystemFont, 'Segoe UI', Roboto, 'Helvetica Neue', Arial, 'Noto Sans', sans-serif, 'Apple Color Emoji', 'Segoe UI Emoji', 'Segoe UI Symbol', 'Noto Color Emoji'; font-size: 1rem;\">Tkanina kationowa+<\/span><span style=\"font-family: -apple-system, BlinkMacSystemFont, 'Segoe UI', Roboto, 'Helvetica Neue', Arial, 'Noto Sans', sans-serif, 'Apple Color Emoji', 'Segoe UI Emoji', 'Segoe UI Symbol', 'Noto Color Emoji'; font-size: 1rem;\">bawe\u0142na per\u0142owa +peva<\/span><\/p>\n<p><img fetchpriority=\"high\" decoding=\"async\" class=\"aligncenter wp-image-8612\" src=\"https:\/\/www.sellersunionagent.com\/wp-content\/uploads\/2022\/07\/cartoon-women-insulated-lunch-bag-1.jpg\" alt=\"Gor\u0105ca sprzeda\u017c\" width=\"600\" height=\"600\" \/><\/p>\n<p><img decoding=\"async\" class=\"aligncenter wp-image-8608\" src=\"https:\/\/www.sellersunionagent.com\/wp-content\/uploads\/2022\/07\/cartoon-women-insulated-lunch-bag-5.png\" alt=\"Gor\u0105ca sprzeda\u017c\" width=\"600\" height=\"600\" \/><\/p>\n<p><img decoding=\"async\" class=\"aligncenter wp-image-8609\" src=\"https:\/\/www.sellersunionagent.com\/wp-content\/uploads\/2022\/07\/cartoon-women-insulated-lunch-bag-4.jpg\" alt=\"Gor\u0105ca sprzeda\u017c\" width=\"600\" height=\"600\" \/><\/p>\n<p><img loading=\"lazy\" decoding=\"async\" class=\"aligncenter wp-image-8610\" src=\"https:\/\/www.sellersunionagent.com\/wp-content\/uploads\/2022\/07\/cartoon-women-insulated-lunch-bag-3.jpg\" alt=\"Gor\u0105ca sprzeda\u017c\" width=\"600\" height=\"600\" \/><\/p>\n<p><img loading=\"lazy\" decoding=\"async\" class=\"aligncenter wp-image-8607\" src=\"https:\/\/www.sellersunionagent.com\/wp-content\/uploads\/2022\/07\/cartoon-women-insulated-lunch-bag-6.png\" alt=\"Gor\u0105ca sprzeda\u017c\" width=\"600\" height=\"600\" \/> <img loading=\"lazy\" decoding=\"async\" class=\"aligncenter wp-image-8617\" src=\"https:\/\/www.sellersunionagent.com\/wp-content\/uploads\/2022\/07\/cartoon-women-insulated-lunch-bag-11.jpg\" alt=\"Gor\u0105ca sprzeda\u017c\" width=\"600\" height=\"600\" \/><\/p>","protected":false},"excerpt":{"rendered":"<p><strong>MOQ<\/strong>: 500 lub Elastyczny<\/p>\n<p><strong>Bezp\u0142atna pr\u00f3bka<\/strong>: Obs\u0142ugiwane<\/p>\n<p><strong>Personalizacja<\/strong>logo\/kolor\/materia\u0142y\/opakowanie<\/p>\n<p><strong>Zni\u017cka<\/strong>: 10% zni\u017cki na pierwsze zam\u00f3wienie<\/p>\n<p><strong>Wska\u017anik terminowo\u015bci dostaw<\/strong>: 100%<\/p>\n<p><strong>Przesy\u0142ki og\u00f3\u0142em<\/strong>: 106876 PCS<\/p>\n<p><strong>Wysy\u0142ka<\/strong>: Obs\u0142uga przesy\u0142ek ekspresowych\/frachtu morskiego\/frachtu l\u0105dowego<\/p>\n<p>&nbsp;<\/p>\n<p>&nbsp;<\/p>\n<p>Jako dostawca toreb na lunch w Chinach, mamy ponad 20-letnie do\u015bwiadczenie, jeste\u015bmy zobowi\u0105zani do dostarczania wysokiej jako\u015bci produkt\u00f3w do przechowywania w konkurencyjnych cenach. Eksportujemy modne, wysokiej jako\u015bci towary w dobrej cenie, wspieramy dostosowywanie OEM i ODM oraz zapewniamy profesjonaln\u0105 kompleksow\u0105 obs\u0142ug\u0119.<\/p>","protected":false},"featured_media":8614,"comment_status":"open","ping_status":"closed","template":"","meta":{"_acf_changed":false},"product_brand":[],"product_cat":[28],"product_tag":[55,44,161],"class_list":{"0":"post-8606","1":"product","2":"type-product","3":"status-publish","4":"has-post-thumbnail","6":"product_cat-lunch-bag","7":"product_tag-easy-to-carry","8":"product_tag-hot-selling","9":"product_tag-keep-food-warm-and-fresh","11":"first","12":"instock","13":"shipping-taxable","14":"purchasable","15":"product-type-simple","16":"swiper-slide"},"acf":[],"_links":{"self":[{"href":"https:\/\/www.sellersunionagent.com\/pl\/wp-json\/wp\/v2\/product\/8606","targetHints":{"allow":["GET"]}}],"collection":[{"href":"https:\/\/www.sellersunionagent.com\/pl\/wp-json\/wp\/v2\/product"}],"about":[{"href":"https:\/\/www.sellersunionagent.com\/pl\/wp-json\/wp\/v2\/types\/product"}],"replies":[{"embeddable":true,"href":"https:\/\/www.sellersunionagent.com\/pl\/wp-json\/wp\/v2\/comments?post=8606"}],"wp:featuredmedia":[{"embeddable":true,"href":"https:\/\/www.sellersunionagent.com\/pl\/wp-json\/wp\/v2\/media\/8614"}],"wp:attachment":[{"href":"https:\/\/www.sellersunionagent.com\/pl\/wp-json\/wp\/v2\/media?parent=8606"}],"wp:term":[{"taxonomy":"product_brand","embeddable":true,"href":"https:\/\/www.sellersunionagent.com\/pl\/wp-json\/wp\/v2\/product_brand?post=8606"},{"taxonomy":"product_cat","embeddable":true,"href":"https:\/\/www.sellersunionagent.com\/pl\/wp-json\/wp\/v2\/product_cat?post=8606"},{"taxonomy":"product_tag","embeddable":true,"href":"https:\/\/www.sellersunionagent.com\/pl\/wp-json\/wp\/v2\/product_tag?post=8606"}],"curies":[{"name":"wp","href":"https:\/\/api.w.org\/{rel}","templated":true}]}}