{"id":8597,"date":"2022-07-03T15:52:36","date_gmt":"2022-07-03T07:52:36","guid":{"rendered":"https:\/\/sellersunionagent.com\/?post_type=product&#038;p=8597"},"modified":"2022-07-03T15:52:36","modified_gmt":"2022-07-03T07:52:36","slug":"izolowana-torba-na-lunch-dla-dzieci-przenosna-wielokrotnego-uzytku-duza-pojemnosc","status":"publish","type":"product","link":"https:\/\/www.sellersunionagent.com\/pl\/kids-insulated-lunch-bag-portable-reusable-large-capacity\/","title":{"rendered":"Izolowana torba na lunch dla dzieci - przeno\u015bna torba wielokrotnego u\u017cytku o du\u017cej pojemno\u015bci"},"content":{"rendered":"<h2>Izolowana torba na lunch dla dzieci - przeno\u015bna torba wielokrotnego u\u017cytku o du\u017cej pojemno\u015bci<\/h2>\n<p>Bezpieczny materia\u0142 i \u0142atwe czyszczenie: Ten przedmiot zosta\u0142 ulepszony, aby u\u017cywa\u0107 grubego polistyrenu. Podszewka z folii aluminiowej jest bezpiecznym materia\u0142em izolacyjnym, kt\u00f3ry mo\u017ce utrzymywa\u0107 \u017cywno\u015b\u0107 lub napoje w \u015bwie\u017co\u015bci \/ ch\u0142odzie \/ cieple. Mo\u017cesz cieszy\u0107 si\u0119 doskona\u0142ym smakiem posi\u0142ku, gdziekolwiek jeste\u015b. Je\u015bli napoje rozlej\u0105 si\u0119 w \u015brodku, wystarczy przetrze\u0107 je wilgotn\u0105 szmatk\u0105.<\/p>\n<p>&nbsp;<\/p>\n<p>Wielofunkcyjno\u015b\u0107: Ta stylowa torba na lunch o du\u017cej pojemno\u015bci ma prost\u0105, nowoczesn\u0105 osobowo\u015b\u0107 i mo\u017ce by\u0107 u\u017cywana do wielu zastosowa\u0144, takich jak jedzenie, przek\u0105ski, napoje i napoje. Mo\u017ce by\u0107 u\u017cywana w pracy, na pla\u017cy, na basenie, na pikniku, w parku, a nawet podczas wizyty u drogich przyjaci\u00f3\u0142.<\/p>\n<p>&nbsp;<\/p>\n<p>Inne szczeg\u00f3\u0142y: Dwukierunkowy zamek b\u0142yskawiczny, przednia kiesze\u0144 i mo\u017cliwo\u015b\u0107 personalizacji logo.<\/p>\n<p><img fetchpriority=\"high\" decoding=\"async\" class=\"aligncenter wp-image-8598\" src=\"https:\/\/www.sellersunionagent.com\/wp-content\/uploads\/2022\/07\/kids-insulated-lunch-bag-7.jpg\" alt=\"Izolowana torba na lunch\" width=\"600\" height=\"600\" \/><img decoding=\"async\" class=\"aligncenter wp-image-8600\" src=\"https:\/\/www.sellersunionagent.com\/wp-content\/uploads\/2022\/07\/kids-insulated-lunch-bag-5.jpg\" alt=\"Izolowana torba na lunch\" width=\"600\" height=\"600\" \/><img decoding=\"async\" class=\"aligncenter wp-image-8604\" src=\"https:\/\/www.sellersunionagent.com\/wp-content\/uploads\/2022\/07\/kids-insulated-lunch-bag-1.png\" alt=\"Izolowana torba na lunch\" width=\"600\" height=\"600\" \/> <img loading=\"lazy\" decoding=\"async\" class=\"aligncenter wp-image-8599\" src=\"https:\/\/www.sellersunionagent.com\/wp-content\/uploads\/2022\/07\/kids-insulated-lunch-bag-6.jpg\" alt=\"Izolowana torba na lunch\" width=\"600\" height=\"600\" \/> \u00a0<img loading=\"lazy\" decoding=\"async\" class=\"aligncenter wp-image-8601\" src=\"https:\/\/www.sellersunionagent.com\/wp-content\/uploads\/2022\/07\/kids-insulated-lunch-bag-4.jpg\" alt=\"Izolowana torba na lunch\" width=\"600\" height=\"600\" \/> <img loading=\"lazy\" decoding=\"async\" class=\"aligncenter wp-image-8602\" src=\"https:\/\/www.sellersunionagent.com\/wp-content\/uploads\/2022\/07\/kids-insulated-lunch-bag-3.png\" alt=\"Izolowana torba na lunch\" width=\"600\" height=\"600\" \/> <img loading=\"lazy\" decoding=\"async\" class=\"aligncenter wp-image-8603\" src=\"https:\/\/www.sellersunionagent.com\/wp-content\/uploads\/2022\/07\/kids-insulated-lunch-bag-2.png\" alt=\"Izolowana torba na lunch\" width=\"600\" height=\"600\" \/><\/p>","protected":false},"excerpt":{"rendered":"<p><strong>Typ<\/strong>: Torba na lunch<\/p>\n<p><strong>Numer pozycji:<\/strong> JBWN361<\/p>\n<p><strong>Rozmiar elementu<\/strong>: 19*14*18cm<\/p>\n<p><strong>Kolory<\/strong>: Szary\/niebieski\/fioletowy<\/p>\n<p><strong>Materia\u0142:<\/strong> polister<span class=\"\">\u00a0+<\/span>\u00a0folia aluminiowa<\/p>\n<p>&nbsp;<\/p>\n<p>&nbsp;<\/p>\n<p>&nbsp;<\/p>\n<p>Jako dostawca hurtowy z ponad 20-letnim do\u015bwiadczeniem, jeste\u015bmy zobowi\u0105zani do dostarczania wysokiej jako\u015bci produkt\u00f3w do przechowywania w konkurencyjnych cenach. Eksportujemy modne towary o wysokiej jako\u015bci i dobrej cenie, wspieramy dostosowywanie OEM i ODM oraz zapewniamy profesjonaln\u0105 kompleksow\u0105 obs\u0142ug\u0119.<\/p>","protected":false},"featured_media":8605,"comment_status":"open","ping_status":"closed","template":"","meta":{"_acf_changed":false},"product_brand":[],"product_cat":[28],"product_tag":[48,60,160],"class_list":{"0":"post-8597","1":"product","2":"type-product","3":"status-publish","4":"has-post-thumbnail","6":"product_cat-lunch-bag","7":"product_tag-large-capacity","8":"product_tag-portable","9":"product_tag-reusable","11":"first","12":"instock","13":"shipping-taxable","14":"product-type-simple","15":"swiper-slide"},"acf":[],"_links":{"self":[{"href":"https:\/\/www.sellersunionagent.com\/pl\/wp-json\/wp\/v2\/product\/8597","targetHints":{"allow":["GET"]}}],"collection":[{"href":"https:\/\/www.sellersunionagent.com\/pl\/wp-json\/wp\/v2\/product"}],"about":[{"href":"https:\/\/www.sellersunionagent.com\/pl\/wp-json\/wp\/v2\/types\/product"}],"replies":[{"embeddable":true,"href":"https:\/\/www.sellersunionagent.com\/pl\/wp-json\/wp\/v2\/comments?post=8597"}],"wp:featuredmedia":[{"embeddable":true,"href":"https:\/\/www.sellersunionagent.com\/pl\/wp-json\/wp\/v2\/media\/8605"}],"wp:attachment":[{"href":"https:\/\/www.sellersunionagent.com\/pl\/wp-json\/wp\/v2\/media?parent=8597"}],"wp:term":[{"taxonomy":"product_brand","embeddable":true,"href":"https:\/\/www.sellersunionagent.com\/pl\/wp-json\/wp\/v2\/product_brand?post=8597"},{"taxonomy":"product_cat","embeddable":true,"href":"https:\/\/www.sellersunionagent.com\/pl\/wp-json\/wp\/v2\/product_cat?post=8597"},{"taxonomy":"product_tag","embeddable":true,"href":"https:\/\/www.sellersunionagent.com\/pl\/wp-json\/wp\/v2\/product_tag?post=8597"}],"curies":[{"name":"wp","href":"https:\/\/api.w.org\/{rel}","templated":true}]}}