{"id":8586,"date":"2022-07-03T15:31:14","date_gmt":"2022-07-03T07:31:14","guid":{"rendered":"https:\/\/sellersunionagent.com\/?post_type=product&#038;p=8586"},"modified":"2022-07-03T15:31:15","modified_gmt":"2022-07-03T07:31:15","slug":"hurtowa-modna-torba-izolacyjna-z-nadrukiem","status":"publish","type":"product","link":"https:\/\/www.sellersunionagent.com\/pl\/wholesale-fashionable-printed-insulation-lunch-bag\/","title":{"rendered":"Hurtowa modna torba termoizolacyjna z nadrukiem"},"content":{"rendered":"<h2>Hurtowa modna torba termoizolacyjna z nadrukiem<\/h2>\n<p>Utrzymuje ciep\u0142o i \u015bwie\u017co\u015b\u0107 \u017cywno\u015bci: Ten produkt pochodzi ze \u015bci\u015ble wyselekcjonowanych fabryk wsp\u00f3\u0142pracuj\u0105cych z nami. Wewn\u0119trzna wy\u015bci\u00f3\u0142ka zosta\u0142a wykonana z aluminiowej folii spo\u017cywczej i wy\u015bcie\u0142ana piank\u0105 EPE o grubo\u015bci 5 mm, co zapewnia doskona\u0142\u0105 odporno\u015b\u0107 termiczn\u0105 i \u0142atwe czyszczenie. Izolowana podszewka mo\u017ce utrzymywa\u0107 ciep\u0142o i \u015bwie\u017co\u015b\u0107 \u017cywno\u015bci i napoj\u00f3w przez wiele godzin oraz zapobiega\u0107 wylewaniu si\u0119 p\u0142ynu z pojemnika. \u015awietnie nadaje si\u0119 r\u00f3wnie\u017c do utrzymywania temperatury lod\u00f3w lub zimnych napoj\u00f3w w samochodzie lub na si\u0142owni.<\/p>\n<p>&nbsp;<\/p>\n<p>Du\u017ca pojemno\u015b\u0107: Torba ma wygodny rozmiar do pakowania jedzenia do szko\u0142y, pracy i podr\u00f3\u017cy. Jej pojemno\u015b\u0107 wynosi 9 litr\u00f3w, co wystarcza do przechowywania 9 puszek coli (330 ml), 8 butelek piwa lub 3 pude\u0142ek na posi\u0142ki z owocami i przek\u0105skami.<\/p>\n<p>&nbsp;<\/p>\n<p>Sk\u0142adany i przeno\u015bny: Szeroko otwarta konstrukcja z podw\u00f3jnymi zamkami b\u0142yskawicznymi u\u0142atwia dost\u0119p, a ten izolowany pojemnik na lunch mo\u017cna nosi\u0107 tak \u0142atwo, jak ksi\u0105\u017ck\u0119 po z\u0142o\u017ceniu. Klasyczny i prosty wygl\u0105d z wy\u015bcie\u0142anym uchwytem oraz odpinanym i regulowanym paskiem na rami\u0119, dzi\u0119ki czemu mo\u017cna go nosi\u0107 w 2 trybach: torby na rami\u0119 i torebki.<img fetchpriority=\"high\" decoding=\"async\" class=\"aligncenter wp-image-8587\" src=\"https:\/\/www.sellersunionagent.com\/wp-content\/uploads\/2022\/07\/fashionable-printed-insulation-lunch-bag-9.png\" alt=\"Sprzeda\u017c hurtowa\" width=\"600\" height=\"600\" \/> <img decoding=\"async\" class=\"aligncenter wp-image-8588\" src=\"https:\/\/www.sellersunionagent.com\/wp-content\/uploads\/2022\/07\/fashionable-printed-insulation-lunch-bag-8.jpg\" alt=\"Sprzeda\u017c hurtowa\" width=\"600\" height=\"600\" \/> \u00a0<img decoding=\"async\" class=\"aligncenter wp-image-8590\" src=\"https:\/\/www.sellersunionagent.com\/wp-content\/uploads\/2022\/07\/fashionable-printed-insulation-lunch-bag-6.jpg\" alt=\"Sprzeda\u017c hurtowa\" width=\"600\" height=\"600\" \/> <img loading=\"lazy\" decoding=\"async\" class=\"aligncenter wp-image-8591\" src=\"https:\/\/www.sellersunionagent.com\/wp-content\/uploads\/2022\/07\/fashionable-printed-insulation-lunch-bag-5.jpg\" alt=\"Sprzeda\u017c hurtowa\" width=\"600\" height=\"600\" \/> <img loading=\"lazy\" decoding=\"async\" class=\"aligncenter wp-image-8592\" src=\"https:\/\/www.sellersunionagent.com\/wp-content\/uploads\/2022\/07\/fashionable-printed-insulation-lunch-bag-4.jpg\" alt=\"Sprzeda\u017c hurtowa\" width=\"600\" height=\"600\" \/> <img loading=\"lazy\" decoding=\"async\" class=\"aligncenter wp-image-8593\" src=\"https:\/\/www.sellersunionagent.com\/wp-content\/uploads\/2022\/07\/fashionable-printed-insulation-lunch-bag-3.png\" alt=\"Sprzeda\u017c hurtowa\" width=\"600\" height=\"600\" \/> <img loading=\"lazy\" decoding=\"async\" class=\"aligncenter wp-image-8594\" src=\"https:\/\/www.sellersunionagent.com\/wp-content\/uploads\/2022\/07\/fashionable-printed-insulation-lunch-bag-2.png\" alt=\"Sprzeda\u017c hurtowa\" width=\"600\" height=\"600\" \/> <img loading=\"lazy\" decoding=\"async\" class=\"aligncenter wp-image-8595\" src=\"https:\/\/www.sellersunionagent.com\/wp-content\/uploads\/2022\/07\/fashionable-printed-insulation-lunch-bag-1.png\" alt=\"Sprzeda\u017c hurtowa\" width=\"600\" height=\"600\" \/> <img loading=\"lazy\" decoding=\"async\" class=\"aligncenter wp-image-8596\" src=\"https:\/\/www.sellersunionagent.com\/wp-content\/uploads\/2022\/07\/fashionable-printed-insulation-lunch-bag.png\" alt=\"Sprzeda\u017c hurtowa\" width=\"600\" height=\"600\" \/><\/p>","protected":false},"excerpt":{"rendered":"<p><strong>Typ<\/strong>: Torba na lunch<\/p>\n<p><strong>Numer pozycji:<\/strong> JBWN358<\/p>\n<p><strong>Rozmiar elementu<\/strong>: 18*18*25cm<\/p>\n<p><strong>Kolory<\/strong>: Budka telefoniczna \/ Flaming \/ Nied\u017awied\u017a \/ Rower \/ Budynek z kresk\u00f3wki<\/p>\n<p><strong>Materia\u0142:\u00a0<\/strong><span id=\"w_199\" class=\"\">Oxford\u00a0<\/span><span id=\"w_200\" class=\"\">tkanina\u00a0<\/span><\/p>\n<p>&nbsp;<\/p>\n<p>&nbsp;<\/p>\n<p>Jako dostawca hurtowy z ponad 20-letnim do\u015bwiadczeniem, jeste\u015bmy zobowi\u0105zani do dostarczania wysokiej jako\u015bci produkt\u00f3w do przechowywania w konkurencyjnych cenach. Eksportujemy modne towary o wysokiej jako\u015bci i dobrej cenie, wspieramy dostosowywanie OEM i ODM oraz zapewniamy profesjonaln\u0105 kompleksow\u0105 obs\u0142ug\u0119.<\/p>","protected":false},"featured_media":8589,"comment_status":"open","ping_status":"closed","template":"","meta":{"_acf_changed":false},"product_brand":[],"product_cat":[28],"product_tag":[159,50],"class_list":{"0":"post-8586","1":"product","2":"type-product","3":"status-publish","4":"has-post-thumbnail","6":"product_cat-lunch-bag","7":"product_tag-insulation-lunch-bag","8":"product_tag-wholesale","10":"first","11":"instock","12":"shipping-taxable","13":"product-type-simple","14":"swiper-slide"},"acf":[],"_links":{"self":[{"href":"https:\/\/www.sellersunionagent.com\/pl\/wp-json\/wp\/v2\/product\/8586","targetHints":{"allow":["GET"]}}],"collection":[{"href":"https:\/\/www.sellersunionagent.com\/pl\/wp-json\/wp\/v2\/product"}],"about":[{"href":"https:\/\/www.sellersunionagent.com\/pl\/wp-json\/wp\/v2\/types\/product"}],"replies":[{"embeddable":true,"href":"https:\/\/www.sellersunionagent.com\/pl\/wp-json\/wp\/v2\/comments?post=8586"}],"wp:featuredmedia":[{"embeddable":true,"href":"https:\/\/www.sellersunionagent.com\/pl\/wp-json\/wp\/v2\/media\/8589"}],"wp:attachment":[{"href":"https:\/\/www.sellersunionagent.com\/pl\/wp-json\/wp\/v2\/media?parent=8586"}],"wp:term":[{"taxonomy":"product_brand","embeddable":true,"href":"https:\/\/www.sellersunionagent.com\/pl\/wp-json\/wp\/v2\/product_brand?post=8586"},{"taxonomy":"product_cat","embeddable":true,"href":"https:\/\/www.sellersunionagent.com\/pl\/wp-json\/wp\/v2\/product_cat?post=8586"},{"taxonomy":"product_tag","embeddable":true,"href":"https:\/\/www.sellersunionagent.com\/pl\/wp-json\/wp\/v2\/product_tag?post=8586"}],"curies":[{"name":"wp","href":"https:\/\/api.w.org\/{rel}","templated":true}]}}