{"id":8579,"date":"2022-07-03T15:11:18","date_gmt":"2022-07-03T07:11:18","guid":{"rendered":"https:\/\/sellersunionagent.com\/?post_type=product&#038;p=8579"},"modified":"2022-07-03T15:11:19","modified_gmt":"2022-07-03T07:11:19","slug":"spersonalizowana-podrozna-kosmetyczka-z-zamkiem-blyskawicznym","status":"publish","type":"product","link":"https:\/\/www.sellersunionagent.com\/pl\/personalized-travel-makeup-bag-with-zipper\/","title":{"rendered":"Spersonalizowana podr\u00f3\u017cna kosmetyczka z zamkiem b\u0142yskawicznym"},"content":{"rendered":"<h2>Spersonalizowana podr\u00f3\u017cna kosmetyczka z zamkiem b\u0142yskawicznym<\/h2>\n<p>Spersonalizowana kosmetyczka: Mo\u017ce by\u0107 spersonalizowana imieniem lub innym logo w specjalnej czcionce i kolorze, dost\u0119pna w wielu kolorach. Skontaktuj si\u0119 z nami, aby stworzy\u0107 sw\u00f3j w\u0142asny prezent.<\/p>\n<p>&nbsp;<\/p>\n<p>&nbsp;<\/p>\n<p>Odpowiedni rozmiar: 15*20cm. Jest \u0142atwa do w\u0142o\u017cenia do torebki, plecaka, walizki, nie tylko praktyczna do przechowywania kosmetyk\u00f3w, ale tak\u017ce s\u0142u\u017cy jako codzienna torba do przechowywania wszystkich rzeczy, takich jak s\u0142uchawki, telefon kom\u00f3rkowy, okulary przeciws\u0142oneczne i klucze.<\/p>\n<p>&nbsp;<\/p>\n<p>&nbsp;<\/p>\n<p>Dobry materia\u0142: Nasza kosmetyczka wykonana jest z cienkiej bawe\u0142nianej tkaniny z zamkiem b\u0142yskawicznym, ekologicznego materia\u0142u, du\u017cego rozmiaru i wytrzyma\u0142ego.<\/p>\n<p>&nbsp;<\/p>\n<p>&nbsp;<\/p>\n<p>Idealne narz\u0119dzie lub prezent: Modny design tej torby nadaje si\u0119 do codziennego u\u017cytku. Ponadto stylowa spersonalizowana kosmetyczka jest r\u00f3wnie\u017c idealnym prezentem. Obszar zastosowania spersonalizowanej kosmetyczki jest do\u015b\u0107 szeroki. Mo\u017cna jej u\u017cywa\u0107 na przyj\u0119ciu druhny, wieczorze panie\u0144skim, weselu, zakupach, w szkole itp. Nie ma lepszego pomys\u0142u na prezent dla kobiet i dziewcz\u0105t. Co za wspania\u0142y prezent na ka\u017cdy wyj\u0105tkowy dzie\u0144!<\/p>\n<p><img fetchpriority=\"high\" decoding=\"async\" class=\"aligncenter wp-image-8580\" src=\"https:\/\/www.sellersunionagent.com\/wp-content\/uploads\/2022\/07\/travel-makeup-bag-with-zipper-5.jpg\" alt=\"Spersonalizowane\" width=\"600\" height=\"600\" \/><\/p>\n<p><img decoding=\"async\" class=\"aligncenter wp-image-8584\" src=\"https:\/\/www.sellersunionagent.com\/wp-content\/uploads\/2022\/07\/travel-makeup-bag-with-zipper-1.jpg\" alt=\"Spersonalizowane\" width=\"600\" height=\"600\" \/><\/p>\n<p><img decoding=\"async\" class=\"aligncenter wp-image-8582\" src=\"https:\/\/www.sellersunionagent.com\/wp-content\/uploads\/2022\/07\/travel-makeup-bag-with-zipper-3.jpg\" alt=\"Spersonalizowane\" width=\"600\" height=\"600\" \/> <img loading=\"lazy\" decoding=\"async\" class=\"aligncenter wp-image-8581\" src=\"https:\/\/www.sellersunionagent.com\/wp-content\/uploads\/2022\/07\/travel-makeup-bag-with-zipper-4.jpg\" alt=\"Spersonalizowane\" width=\"601\" height=\"601\" \/><\/p>","protected":false},"excerpt":{"rendered":"<p><strong>Typ<\/strong>:  kosmetyczka<\/p>\n<p><strong>Numer pozycji:<\/strong> YG005<\/p>\n<p><strong>Rozmiar elementu<\/strong>: 15*20cm<\/p>\n<p><strong>Kolory<\/strong>: Bia\u0142y<\/p>\n<p><strong>Materia\u0142:\u00a0<\/strong>poliester bawe\u0142na<\/p>\n<p>&nbsp;<\/p>\n<p>&nbsp;<\/p>\n<p>Jako dostawca gor\u0105cych artyku\u0142\u00f3w do przechowywania w Chinach, mamy ponad 20-letnie do\u015bwiadczenie, jeste\u015bmy zobowi\u0105zani do dostarczania spersonalizowanych produkt\u00f3w do przechowywania w konkurencyjnych cenach. Eksportujemy modne towary o wysokiej jako\u015bci i dobrej cenie, wspieramy dostosowywanie OEM i ODM oraz zapewniamy profesjonaln\u0105 kompleksow\u0105 obs\u0142ug\u0119.<\/p>","protected":false},"featured_media":8585,"comment_status":"open","ping_status":"closed","template":"","meta":{"_acf_changed":false},"product_brand":[],"product_cat":[30],"product_tag":[43,158,125],"class_list":{"0":"post-8579","1":"product","2":"type-product","3":"status-publish","4":"has-post-thumbnail","6":"product_cat-makeup-bag","7":"product_tag-fashion","8":"product_tag-make-up-pouch","9":"product_tag-personalized","11":"first","12":"instock","13":"shipping-taxable","14":"product-type-simple","15":"swiper-slide"},"acf":[],"_links":{"self":[{"href":"https:\/\/www.sellersunionagent.com\/pl\/wp-json\/wp\/v2\/product\/8579","targetHints":{"allow":["GET"]}}],"collection":[{"href":"https:\/\/www.sellersunionagent.com\/pl\/wp-json\/wp\/v2\/product"}],"about":[{"href":"https:\/\/www.sellersunionagent.com\/pl\/wp-json\/wp\/v2\/types\/product"}],"replies":[{"embeddable":true,"href":"https:\/\/www.sellersunionagent.com\/pl\/wp-json\/wp\/v2\/comments?post=8579"}],"wp:featuredmedia":[{"embeddable":true,"href":"https:\/\/www.sellersunionagent.com\/pl\/wp-json\/wp\/v2\/media\/8585"}],"wp:attachment":[{"href":"https:\/\/www.sellersunionagent.com\/pl\/wp-json\/wp\/v2\/media?parent=8579"}],"wp:term":[{"taxonomy":"product_brand","embeddable":true,"href":"https:\/\/www.sellersunionagent.com\/pl\/wp-json\/wp\/v2\/product_brand?post=8579"},{"taxonomy":"product_cat","embeddable":true,"href":"https:\/\/www.sellersunionagent.com\/pl\/wp-json\/wp\/v2\/product_cat?post=8579"},{"taxonomy":"product_tag","embeddable":true,"href":"https:\/\/www.sellersunionagent.com\/pl\/wp-json\/wp\/v2\/product_tag?post=8579"}],"curies":[{"name":"wp","href":"https:\/\/api.w.org\/{rel}","templated":true}]}}