{"id":8572,"date":"2022-07-03T14:52:42","date_gmt":"2022-07-03T06:52:42","guid":{"rendered":"https:\/\/sellersunionagent.com\/?post_type=product&#038;p=8572"},"modified":"2026-01-06T14:29:08","modified_gmt":"2026-01-06T06:29:08","slug":"custom-economical-canvas-grocery-shopping-bag-suitable-for-advertising-diy-promotion-gift-giveaway","status":"publish","type":"product","link":"https:\/\/www.sellersunionagent.com\/pl\/custom-economical-canvas-grocery-shopping-bag-suitable-for-advertising-diy-promotion-gift-giveaway\/","title":{"rendered":"Niestandardowa ekonomiczna p\u0142\u00f3cienna torba na zakupy nadaje si\u0119 do reklamy, majsterkowania, promocji, prezent\u00f3w, prezent\u00f3w"},"content":{"rendered":"<h2>Niestandardowa ekonomiczna p\u0142\u00f3cienna torba na zakupy nadaje si\u0119 do reklamy, majsterkowania, promocji, prezent\u00f3w, prezent\u00f3w<\/h2>\n<p><strong>Typ<\/strong>: Torba na zakupy<\/p>\n<p><strong>Numer pozycji:<\/strong> YG003<\/p>\n<p><strong>Rozmiar elementu<\/strong>: 40*35*25cm<\/p>\n<p><strong>Kolory<\/strong>: Bia\u0142y<\/p>\n<p><strong>Materia\u0142:\u00a0<\/strong>poliester bawe\u0142na<\/p>\n<p>&nbsp;<\/p>\n<p>&nbsp;<\/p>\n<ul>\n<li>Dostosuj dowolny styl \/ kolor \/ wz\u00f3r<\/li>\n<li>Wzmocniony uchwyt o dobrej no\u015bno\u015bci<\/li>\n<li>Delikatny materia\u0142, dobra tekstura<\/li>\n<li>Wysoka pojemno\u015b\u0107<\/li>\n<li><img fetchpriority=\"high\" decoding=\"async\" class=\"aligncenter wp-image-8573\" src=\"https:\/\/www.sellersunionagent.com\/wp-content\/uploads\/2022\/07\/9685799711_1235836658.jpg\" alt=\"Niestandardowe\" width=\"600\" height=\"600\" \/> <img decoding=\"async\" class=\"aligncenter wp-image-8574\" src=\"https:\/\/www.sellersunionagent.com\/wp-content\/uploads\/2022\/07\/custom-economical-canvas-grocery-shopping-bag-2.jpg\" alt=\"Niestandardowe\" width=\"600\" height=\"600\" \/> <img decoding=\"async\" class=\"aligncenter wp-image-8575\" src=\"https:\/\/www.sellersunionagent.com\/wp-content\/uploads\/2022\/07\/custom-economical-canvas-grocery-shopping-bag-1.jpg\" alt=\"Niestandardowe\" width=\"600\" height=\"600\" \/> <img loading=\"lazy\" decoding=\"async\" class=\"aligncenter wp-image-8577\" src=\"https:\/\/www.sellersunionagent.com\/wp-content\/uploads\/2022\/07\/custom-economical-canvas-grocery-shopping-bag.jpg\" alt=\"\" width=\"600\" height=\"600\" \/><\/li>\n<\/ul>","protected":false},"excerpt":{"rendered":"<p><strong>MOQ<\/strong>:  5000 szt.<br \/>\n<strong>Bezp\u0142atna pr\u00f3bka<\/strong>:  Obs\u0142ugiwane<br \/>\n<strong>Personalizacja<\/strong>logo \/ kolor \/ materia\u0142y \/ opakowanie itp.<br \/>\n<strong>Zni\u017cka<\/strong>:  Pierwsze zam\u00f3wienia ju\u017c od 10% taniej.<br \/>\n<strong>Wska\u017anik terminowo\u015bci dostaw<\/strong>:\u00a0 100%<br \/>\n<strong>Przesy\u0142ki og\u00f3\u0142em<\/strong>:  10000 szt.<br \/>\n<strong>Wysy\u0142ka<\/strong>: Fracht morski Fracht l\u0105dowy<\/p>\n<p>&nbsp;<\/p>\n<p>&nbsp;<\/p>\n<p>Jako dostawca toreb na lunch w Chinach, mamy ponad 20-letnie do\u015bwiadczenie, jeste\u015bmy zobowi\u0105zani do dostarczania niestandardowych produkt\u00f3w do przechowywania produkt\u00f3w w konkurencyjnych cenach. Eksportujemy modne, wysokiej jako\u015bci towary w dobrej cenie, wspieramy dostosowywanie OEM i ODM oraz zapewniamy profesjonaln\u0105 kompleksow\u0105 obs\u0142ug\u0119.<\/p>","protected":false},"featured_media":13780,"comment_status":"open","ping_status":"closed","template":"","meta":{"_acf_changed":false},"product_brand":[],"product_cat":[29],"product_tag":[121,156,157],"class_list":{"0":"post-8572","1":"product","2":"type-product","3":"status-publish","4":"has-post-thumbnail","6":"product_cat-shopping-bag","7":"product_tag-custom","8":"product_tag-economical","9":"product_tag-environmental-protection","11":"first","12":"instock","13":"shipping-taxable","14":"purchasable","15":"product-type-simple","16":"swiper-slide"},"acf":[],"_links":{"self":[{"href":"https:\/\/www.sellersunionagent.com\/pl\/wp-json\/wp\/v2\/product\/8572","targetHints":{"allow":["GET"]}}],"collection":[{"href":"https:\/\/www.sellersunionagent.com\/pl\/wp-json\/wp\/v2\/product"}],"about":[{"href":"https:\/\/www.sellersunionagent.com\/pl\/wp-json\/wp\/v2\/types\/product"}],"replies":[{"embeddable":true,"href":"https:\/\/www.sellersunionagent.com\/pl\/wp-json\/wp\/v2\/comments?post=8572"}],"wp:featuredmedia":[{"embeddable":true,"href":"https:\/\/www.sellersunionagent.com\/pl\/wp-json\/wp\/v2\/media\/13780"}],"wp:attachment":[{"href":"https:\/\/www.sellersunionagent.com\/pl\/wp-json\/wp\/v2\/media?parent=8572"}],"wp:term":[{"taxonomy":"product_brand","embeddable":true,"href":"https:\/\/www.sellersunionagent.com\/pl\/wp-json\/wp\/v2\/product_brand?post=8572"},{"taxonomy":"product_cat","embeddable":true,"href":"https:\/\/www.sellersunionagent.com\/pl\/wp-json\/wp\/v2\/product_cat?post=8572"},{"taxonomy":"product_tag","embeddable":true,"href":"https:\/\/www.sellersunionagent.com\/pl\/wp-json\/wp\/v2\/product_tag?post=8572"}],"curies":[{"name":"wp","href":"https:\/\/api.w.org\/{rel}","templated":true}]}}