{"id":8559,"date":"2022-07-03T14:24:59","date_gmt":"2022-07-03T06:24:59","guid":{"rendered":"https:\/\/sellersunionagent.com\/?post_type=product&#038;p=8559"},"modified":"2022-08-31T14:06:52","modified_gmt":"2022-08-31T06:06:52","slug":"niestandardowa-plocienna-torba-na-zakupy","status":"publish","type":"product","link":"https:\/\/www.sellersunionagent.com\/pl\/custom-canvas-tote-shopping-bag\/","title":{"rendered":"Niestandardowa p\u0142\u00f3cienna torba na zakupy"},"content":{"rendered":"<h2>Niestandardowa p\u0142\u00f3cienna torba na zakupy<\/h2>\n<ul>\n<li>Dostosuj dowolny styl \/ kolor \/ wz\u00f3r<\/li>\n<li>Wzmocniony uchwyt o dobrej no\u015bno\u015bci<\/li>\n<li>Delikatny materia\u0142, dobra tekstura<\/li>\n<li>Wysoka pojemno\u015b\u0107<\/li>\n<li><img fetchpriority=\"high\" decoding=\"async\" class=\"aligncenter wp-image-8563\" src=\"https:\/\/www.sellersunionagent.com\/wp-content\/uploads\/2022\/07\/custom-canvas-tote-shopping-bag-2.jpg\" alt=\"Niestandardowe \" width=\"600\" height=\"600\" \/><img decoding=\"async\" class=\"aligncenter wp-image-8561\" src=\"https:\/\/www.sellersunionagent.com\/wp-content\/uploads\/2022\/07\/custom-canvas-tote-shopping-bag-4.jpg\" alt=\"Niestandardowe \" width=\"600\" height=\"600\" \/><\/li>\n<li><img decoding=\"async\" class=\"aligncenter wp-image-8560\" src=\"https:\/\/www.sellersunionagent.com\/wp-content\/uploads\/2022\/07\/custom-canvas-tote-shopping-bag-5.jpg\" alt=\"Niestandardowe \" width=\"600\" height=\"600\" \/> <img loading=\"lazy\" decoding=\"async\" class=\"aligncenter wp-image-8562\" src=\"https:\/\/www.sellersunionagent.com\/wp-content\/uploads\/2022\/07\/custom-canvas-tote-shopping-bag-3.jpg\" alt=\"Niestandardowe \" width=\"600\" height=\"600\" \/><\/li>\n<\/ul>","protected":false},"excerpt":{"rendered":"<p><strong>Typ<\/strong>: Torba na zakupy<\/p>\n<p><strong>Numer pozycji:<\/strong> YG002<\/p>\n<p><strong>Rozmiar elementu<\/strong>: 34,5*40*25cm<\/p>\n<p><strong>Kolory<\/strong>: Bia\u0142y<\/p>\n<p><strong>Materia\u0142: <\/strong>poliester bawe\u0142na<\/p>\n<p>&nbsp;<\/p>\n<p>&nbsp;<\/p>\n<p>Jako dostawca toreb na lunch w Chinach, mamy ponad 20-letnie do\u015bwiadczenie, jeste\u015bmy zobowi\u0105zani do dostarczania niestandardowych produkt\u00f3w do przechowywania produkt\u00f3w w konkurencyjnych cenach. Eksportujemy modne, wysokiej jako\u015bci towary w dobrej cenie, wspieramy dostosowywanie OEM i ODM oraz zapewniamy profesjonaln\u0105 kompleksow\u0105 obs\u0142ug\u0119.<\/p>","protected":false},"featured_media":8565,"comment_status":"open","ping_status":"closed","template":"","meta":{"_acf_changed":false},"product_brand":[],"product_cat":[29],"product_tag":[121,153],"class_list":{"0":"post-8559","1":"product","2":"type-product","3":"status-publish","4":"has-post-thumbnail","6":"product_cat-shopping-bag","7":"product_tag-custom","8":"product_tag-tote","10":"first","11":"instock","12":"shipping-taxable","13":"product-type-simple","14":"swiper-slide"},"acf":[],"_links":{"self":[{"href":"https:\/\/www.sellersunionagent.com\/pl\/wp-json\/wp\/v2\/product\/8559","targetHints":{"allow":["GET"]}}],"collection":[{"href":"https:\/\/www.sellersunionagent.com\/pl\/wp-json\/wp\/v2\/product"}],"about":[{"href":"https:\/\/www.sellersunionagent.com\/pl\/wp-json\/wp\/v2\/types\/product"}],"replies":[{"embeddable":true,"href":"https:\/\/www.sellersunionagent.com\/pl\/wp-json\/wp\/v2\/comments?post=8559"}],"wp:featuredmedia":[{"embeddable":true,"href":"https:\/\/www.sellersunionagent.com\/pl\/wp-json\/wp\/v2\/media\/8565"}],"wp:attachment":[{"href":"https:\/\/www.sellersunionagent.com\/pl\/wp-json\/wp\/v2\/media?parent=8559"}],"wp:term":[{"taxonomy":"product_brand","embeddable":true,"href":"https:\/\/www.sellersunionagent.com\/pl\/wp-json\/wp\/v2\/product_brand?post=8559"},{"taxonomy":"product_cat","embeddable":true,"href":"https:\/\/www.sellersunionagent.com\/pl\/wp-json\/wp\/v2\/product_cat?post=8559"},{"taxonomy":"product_tag","embeddable":true,"href":"https:\/\/www.sellersunionagent.com\/pl\/wp-json\/wp\/v2\/product_tag?post=8559"}],"curies":[{"name":"wp","href":"https:\/\/api.w.org\/{rel}","templated":true}]}}