{"id":8550,"date":"2022-07-02T22:36:46","date_gmt":"2022-07-02T14:36:46","guid":{"rendered":"https:\/\/sellersunionagent.com\/?post_type=product&#038;p=8550"},"modified":"2022-07-02T22:37:29","modified_gmt":"2022-07-02T14:37:29","slug":"hurtowe-bawelniane-torby-spozywcze-z-siatki-premium","status":"publish","type":"product","link":"https:\/\/www.sellersunionagent.com\/pl\/wholesale-premium-cotton-mesh-grocery-bags\/","title":{"rendered":"Hurtowe bawe\u0142niane torby spo\u017cywcze z siatki Premium"},"content":{"rendered":"<h2>Hurtowe bawe\u0142niane torby spo\u017cywcze z siatki Premium<\/h2>\n<ul>\n<li>Odporna na zu\u017cycie tkanina bawe\u0142niana, mi\u0119kka i przyjemna w dotyku<\/li>\n<li>Wydr\u0105\u017cona, prosta konstrukcja, du\u017ca no\u015bno\u015b\u0107, \u0142atwo\u015b\u0107 czyszczenia i konserwacji.<\/li>\n<li>Siatkow\u0105 torb\u0119 mo\u017cna z\u0142o\u017cy\u0107 i umie\u015bci\u0107 w ma\u0142ej kieszeni, co jest wygodne do przenoszenia<\/li>\n<li>Du\u017ca no\u015bno\u015b\u0107, odporny na zu\u017cycie materia\u0142 umo\u017cliwia umieszczanie ci\u0119\u017ckich przedmiot\u00f3w<\/li>\n<\/ul>\n<p><img fetchpriority=\"high\" decoding=\"async\" class=\"aligncenter wp-image-8551\" src=\"https:\/\/www.sellersunionagent.com\/wp-content\/uploads\/2022\/07\/wholesale-premium-cotton-mesh-grocery-bags-5.png\" alt=\"Sprzeda\u017c hurtowa\" width=\"600\" height=\"604\" \/><\/p>\n<p><img decoding=\"async\" class=\"aligncenter wp-image-8545\" src=\"https:\/\/www.sellersunionagent.com\/wp-content\/uploads\/2022\/07\/wholesale-premium-cotton-mesh-grocery-bags-10.jpg\" alt=\"Sprzeda\u017c hurtowa\" width=\"600\" height=\"600\" \/><img decoding=\"async\" class=\"aligncenter wp-image-8554\" src=\"https:\/\/www.sellersunionagent.com\/wp-content\/uploads\/2022\/07\/wholesale-premium-cotton-mesh-grocery-bags-3.jpg\" alt=\"\" width=\"600\" height=\"429\" \/> <img loading=\"lazy\" decoding=\"async\" class=\"aligncenter wp-image-8556\" src=\"https:\/\/www.sellersunionagent.com\/wp-content\/uploads\/2022\/07\/wholesale-premium-cotton-mesh-grocery-bags-1.jpg\" alt=\"\" width=\"600\" height=\"502\" \/><br \/>\n<img loading=\"lazy\" decoding=\"async\" class=\"aligncenter wp-image-8552\" src=\"https:\/\/www.sellersunionagent.com\/wp-content\/uploads\/2022\/07\/WeChatcf1056b89398b1db12a2b90c3690261a.png\" alt=\"\" width=\"600\" height=\"600\" \/>\u00a0\u00a0<img loading=\"lazy\" decoding=\"async\" class=\"aligncenter wp-image-8549\" src=\"https:\/\/www.sellersunionagent.com\/wp-content\/uploads\/2022\/07\/wholesale-premium-cotton-mesh-grocery-bags-6.jpg\" alt=\"Sprzeda\u017c hurtowa\" width=\"600\" height=\"600\" \/> <img loading=\"lazy\" decoding=\"async\" class=\"aligncenter wp-image-8548\" src=\"https:\/\/www.sellersunionagent.com\/wp-content\/uploads\/2022\/07\/wholesale-premium-cotton-mesh-grocery-bags-7.jpg\" alt=\"Sprzeda\u017c hurtowa\" width=\"600\" height=\"600\" \/> <img loading=\"lazy\" decoding=\"async\" class=\"aligncenter wp-image-8547\" src=\"https:\/\/www.sellersunionagent.com\/wp-content\/uploads\/2022\/07\/wholesale-premium-cotton-mesh-grocery-bags-8.jpg\" alt=\"Sprzeda\u017c hurtowa\" width=\"600\" height=\"600\" \/> <img loading=\"lazy\" decoding=\"async\" class=\"aligncenter wp-image-8546\" src=\"https:\/\/www.sellersunionagent.com\/wp-content\/uploads\/2022\/07\/wholesale-premium-cotton-mesh-grocery-bags-9.jpg\" alt=\"Sprzeda\u017c hurtowa\" width=\"600\" height=\"600\" \/><\/p>","protected":false},"excerpt":{"rendered":"<p>Typ: Torba na zakupy<\/p>\n<p>Numer artyku\u0142u: YG001<\/p>\n<p>Rozmiar przedmiotu: 36*35*25cm<\/p>\n<p>Kolory: Bia\u0142y\/niebieski<\/p>\n<p>Materia\u0142: Poliester<\/p>\n<p>&nbsp;<\/p>\n<p>Jeste\u015bmy profesjonalnym dostawc\u0105 hurtowym i zgodnie z koncepcj\u0105 ochrony \u015brodowiska i mody, aby zaprojektowa\u0107 sk\u0142adane torby na zakupy chroni\u0105ce \u015brodowisko, aby lepiej traktowa\u0107 nasz\u0105 ziemi\u0119. Ta torba na zakupy ma zapasy fabryczne, \u0142atwa do przenoszenia, sk\u0142adana, zmywalna, odpowiednia na ka\u017cd\u0105 okazj\u0119. Porozmawiaj z nami o bardziej niestandardowych!<\/p>","protected":false},"featured_media":8557,"comment_status":"open","ping_status":"closed","template":"","meta":{"_acf_changed":false},"product_brand":[],"product_cat":[29],"product_tag":[152,50],"class_list":{"0":"post-8550","1":"product","2":"type-product","3":"status-publish","4":"has-post-thumbnail","6":"product_cat-shopping-bag","7":"product_tag-cotton-bag","8":"product_tag-wholesale","10":"first","11":"instock","12":"shipping-taxable","13":"product-type-simple","14":"swiper-slide"},"acf":[],"_links":{"self":[{"href":"https:\/\/www.sellersunionagent.com\/pl\/wp-json\/wp\/v2\/product\/8550","targetHints":{"allow":["GET"]}}],"collection":[{"href":"https:\/\/www.sellersunionagent.com\/pl\/wp-json\/wp\/v2\/product"}],"about":[{"href":"https:\/\/www.sellersunionagent.com\/pl\/wp-json\/wp\/v2\/types\/product"}],"replies":[{"embeddable":true,"href":"https:\/\/www.sellersunionagent.com\/pl\/wp-json\/wp\/v2\/comments?post=8550"}],"wp:featuredmedia":[{"embeddable":true,"href":"https:\/\/www.sellersunionagent.com\/pl\/wp-json\/wp\/v2\/media\/8557"}],"wp:attachment":[{"href":"https:\/\/www.sellersunionagent.com\/pl\/wp-json\/wp\/v2\/media?parent=8550"}],"wp:term":[{"taxonomy":"product_brand","embeddable":true,"href":"https:\/\/www.sellersunionagent.com\/pl\/wp-json\/wp\/v2\/product_brand?post=8550"},{"taxonomy":"product_cat","embeddable":true,"href":"https:\/\/www.sellersunionagent.com\/pl\/wp-json\/wp\/v2\/product_cat?post=8550"},{"taxonomy":"product_tag","embeddable":true,"href":"https:\/\/www.sellersunionagent.com\/pl\/wp-json\/wp\/v2\/product_tag?post=8550"}],"curies":[{"name":"wp","href":"https:\/\/api.w.org\/{rel}","templated":true}]}}