{"id":8536,"date":"2022-07-02T15:02:10","date_gmt":"2022-07-02T07:02:10","guid":{"rendered":"https:\/\/sellersunionagent.com\/?post_type=product&#038;p=8536"},"modified":"2026-01-06T14:29:09","modified_gmt":"2026-01-06T06:29:09","slug":"hurtowa-torba-na-lunch-do-pracy-szkola-piknik-plaza-z-uchwytem-do-przenoszenia","status":"publish","type":"product","link":"https:\/\/www.sellersunionagent.com\/pl\/wholesale-lunch-bag-for-work-school-picnic-beach-with-carrying-handle\/","title":{"rendered":"Hurtowa torba termiczna do pracy Szko\u0142a Piknik Pla\u017ca z uchwytem do przenoszenia"},"content":{"rendered":"<h2 id=\"title\" class=\"a-size-large a-spacing-none\"><span id=\"productTitle\" class=\"a-size-large product-title-word-break\">Torba termiczna dla kobiet i m\u0119\u017cczyzn Izolowany pojemnik na lunch wielokrotnego u\u017cytku do pracy Szko\u0142a Piknik Pla\u017ca, mro\u017cona torba termiczna z uchwytem do przenoszenia dla dzieci\/doros\u0142ych<\/span><\/h2>\n<p>&nbsp;<\/p>\n<p>&nbsp;<\/p>\n<ul>\n<li><strong>BEZPIECZNY I WYSOKIEJ JAKO\u015aCI MATERIA\u0141:<\/strong> Zewn\u0119trzna cz\u0119\u015b\u0107 torby ch\u0142odz\u0105cej jest wykonana z wodoodpornej, odpornej na zabrudzenia tkaniny oxford o wysokiej g\u0119sto\u015bci, zapewniaj\u0105cej trwa\u0142o\u015b\u0107 i \u0142atwe czyszczenie. Nasza torba na lunch jest idealna na posi\u0142ki w podr\u00f3\u017cy, pikniki, wycieczki, do biura, szko\u0142y, na pla\u017c\u0119 i nie tylko!<\/li>\n<\/ul>\n<p>&nbsp;<\/p>\n<p>&nbsp;<\/p>\n<ul>\n<li><strong>WYGODNY I PRZENO\u015aNY:<\/strong> Ta torba termiczna wielokrotnego u\u017cytku oferuje wi\u0119cej opcji przenoszenia. Szeroki otw\u00f3r umo\u017cliwia wygodne nape\u0142nianie i wyjmowanie pojemnik\u00f3w na \u017cywno\u015b\u0107 i lunch. Ta torba na lunch wygl\u0105da na ma\u0142\u0105, ale ma du\u017c\u0105 pojemno\u015b\u0107, dzi\u0119ki czemu idealnie pasuje do pude\u0142ka na lunch, przek\u0105sek, a nawet butelki z koktajlem proteinowym. To szczere opinie naszych klient\u00f3w.<\/li>\n<\/ul>\n<p>&nbsp;<\/p>\n<p>&nbsp;<\/p>\n<ul>\n<li><strong>TORBA NA LUNCH O SZEROKIM ZASTOSOWANIU:<\/strong> Nowoczesna i lekka konstrukcja sprawia, \u017ce jest to idealny prezent dla Ciebie i Twoich bliskich jako torba na lunch, torba ch\u0142odz\u0105ca, torba piknikowa, torba na r\u00f3\u017cne rzeczy lub torba na zakupy, odpowiednia dla wszystkich grup wiekowych. Torba ch\u0142odz\u0105ca jest wystarczaj\u0105co du\u017ca, aby pomie\u015bci\u0107 niezb\u0119dne rzeczy potrzebne na piknik, a jednocze\u015bnie nie jest uci\u0105\u017cliwa. Jest idealna dla kobiet i m\u0119\u017cczyzn do pracy lub na kemping, w\u0119dr\u00f3wki, grilla itp.<\/li>\n<\/ul>\n<p>&nbsp;<\/p>\n<p>&nbsp;<\/p>\n<p><strong>Typ<\/strong>: Torba termiczna<\/p>\n<p><strong>Numer pozycji:<\/strong> YUNJ1<\/p>\n<p><strong>Rozmiar elementu<\/strong>23*13*23,5cm<\/p>\n<p><strong>Materia\u0142: <\/strong>Tkanina Oxford<\/p>\n<p><strong>MOQ:<\/strong> 500szt.<\/p>\n<p><img fetchpriority=\"high\" decoding=\"async\" class=\"aligncenter wp-image-8539\" src=\"https:\/\/www.sellersunionagent.com\/wp-content\/uploads\/2022\/07\/wholesale-thermal-bag-for-work-school-picnic-beach-1.jpg\" alt=\"Producent hurtowy z Chin\" width=\"600\" height=\"600\" \/><\/p>\n<p><img decoding=\"async\" class=\"aligncenter wp-image-8920\" src=\"https:\/\/www.sellersunionagent.com\/wp-content\/uploads\/2022\/07\/4e823fb4773a026827422aeb1b5e10c.png\" alt=\"Produkcja w Chinach\" width=\"600\" height=\"552\" \/>\u3001 <img decoding=\"async\" class=\"aligncenter wp-image-8921\" src=\"https:\/\/www.sellersunionagent.com\/wp-content\/uploads\/2022\/07\/6e50e6a9c1473b4ffb9b90b372bcd54.png\" alt=\"Produkcja w Chinach\" width=\"600\" height=\"553\" \/><\/p>\n<p><img loading=\"lazy\" decoding=\"async\" class=\"aligncenter wp-image-8922\" src=\"https:\/\/www.sellersunionagent.com\/wp-content\/uploads\/2022\/07\/c7b63bc26e7a35db5e354013a97feba.png\" alt=\"Produkcja w Chinach\" width=\"500\" height=\"500\" \/><\/p>","protected":false},"excerpt":{"rendered":"<p><strong>MOQ<\/strong>: 500 lub Elastyczny<\/p>\n<p><strong>Bezp\u0142atna pr\u00f3bka<\/strong>: Obs\u0142ugiwane<\/p>\n<p><strong>Personalizacja<\/strong>logo\/kolor\/materia\u0142y\/opakowanie<\/p>\n<p><strong>Zni\u017cka<\/strong>: 10% zni\u017cki na pierwsze zam\u00f3wienie<\/p>\n<p><strong>Wska\u017anik terminowo\u015bci dostaw<\/strong>: 100%<\/p>\n<p><strong>Przesy\u0142ki og\u00f3\u0142em<\/strong>: 106100PCS<\/p>\n<p><strong>Wysy\u0142ka<\/strong>: Obs\u0142uga przesy\u0142ek ekspresowych\/frachtu morskiego\/frachtu l\u0105dowego<\/p>","protected":false},"featured_media":13782,"comment_status":"open","ping_status":"closed","template":"","meta":{"_acf_changed":false},"product_brand":[],"product_cat":[28],"product_tag":[48,41,99],"class_list":{"0":"post-8536","1":"product","2":"type-product","3":"status-publish","4":"has-post-thumbnail","6":"product_cat-lunch-bag","7":"product_tag-large-capacity","8":"product_tag-lunch-bag","9":"product_tag-wholesale-maker-from-china","11":"first","12":"instock","13":"shipping-taxable","14":"purchasable","15":"product-type-simple","16":"swiper-slide"},"acf":[],"_links":{"self":[{"href":"https:\/\/www.sellersunionagent.com\/pl\/wp-json\/wp\/v2\/product\/8536","targetHints":{"allow":["GET"]}}],"collection":[{"href":"https:\/\/www.sellersunionagent.com\/pl\/wp-json\/wp\/v2\/product"}],"about":[{"href":"https:\/\/www.sellersunionagent.com\/pl\/wp-json\/wp\/v2\/types\/product"}],"replies":[{"embeddable":true,"href":"https:\/\/www.sellersunionagent.com\/pl\/wp-json\/wp\/v2\/comments?post=8536"}],"wp:featuredmedia":[{"embeddable":true,"href":"https:\/\/www.sellersunionagent.com\/pl\/wp-json\/wp\/v2\/media\/13782"}],"wp:attachment":[{"href":"https:\/\/www.sellersunionagent.com\/pl\/wp-json\/wp\/v2\/media?parent=8536"}],"wp:term":[{"taxonomy":"product_brand","embeddable":true,"href":"https:\/\/www.sellersunionagent.com\/pl\/wp-json\/wp\/v2\/product_brand?post=8536"},{"taxonomy":"product_cat","embeddable":true,"href":"https:\/\/www.sellersunionagent.com\/pl\/wp-json\/wp\/v2\/product_cat?post=8536"},{"taxonomy":"product_tag","embeddable":true,"href":"https:\/\/www.sellersunionagent.com\/pl\/wp-json\/wp\/v2\/product_tag?post=8536"}],"curies":[{"name":"wp","href":"https:\/\/api.w.org\/{rel}","templated":true}]}}