{"id":8526,"date":"2022-07-02T14:43:00","date_gmt":"2022-07-02T06:43:00","guid":{"rendered":"https:\/\/sellersunionagent.com\/?post_type=product&#038;p=8526"},"modified":"2022-07-07T16:53:01","modified_gmt":"2022-07-07T08:53:01","slug":"torba-na-lunch-dla","status":"publish","type":"product","link":"https:\/\/www.sellersunionagent.com\/pl\/lunch-bag-for\/","title":{"rendered":"Przeno\u015bna torba na lunch dla kobiet, m\u0119\u017cczyzn i dzieci"},"content":{"rendered":"<h2 id=\"title\" class=\"a-size-large a-spacing-none\"><span id=\"productTitle\" class=\"a-size-large product-title-word-break\">Izolowana torba wielokrotnego u\u017cytku na lunch dla doros\u0142ych, du\u017cy pojemnik na lunch dla kobiet i m\u0119\u017cczyzn z wieloma kieszeniami<\/span><\/h2>\n<p>&nbsp;<\/p>\n<p>&nbsp;<\/p>\n<ul>\n<li><strong>Du\u017cy rozmiar:<\/strong> Mo\u017cesz wype\u0142ni\u0107 pojemne przegr\u00f3dki lub kieszenie pude\u0142kami na lunch, pojemnikami na \u017cywno\u015b\u0107, przyprawami, miskami na sa\u0142atki owocowe, naczyniami, serwetkami, otwieraczem do puszek, portfelem, kluczami i innymi niezb\u0119dnymi rzeczami.<\/li>\n<\/ul>\n<p>&nbsp;<\/p>\n<p>&nbsp;<\/p>\n<ul>\n<li><strong>Kompaktowa torba: <\/strong>Ta sk\u0142adana torba unisex jest lekka, kompaktowa i przeno\u015bna, mo\u017ce z \u0142atwo\u015bci\u0105 przenosi\u0107 ulubione pojemniki na lunch lub posi\u0142ek do szko\u0142y, pracy, biura, podczas podr\u00f3\u017cy, biwakowania z rodzin\u0105, w\u0119dkowania z kumplami, podczas p\u0142ywania \u0142\u00f3dk\u0105 i pieszych w\u0119dr\u00f3wek, ciesz\u0105c si\u0119 romantycznym piknikiem w parku, podczas jazdy dzieci do szko\u0142y, festiwale muzyczne na \u015bwie\u017cym powietrzu, sport i niedziele grillowe! Jest odpowiedni dla kobiet, m\u0119\u017cczyzn, m\u0119\u017cczyzn, kobiet, du\u017cych dzieci, dziewcz\u0105t, ch\u0142opc\u00f3w, kobiet.<\/li>\n<\/ul>\n<p><img fetchpriority=\"high\" decoding=\"async\" class=\"aligncenter wp-image-8929\" src=\"https:\/\/www.sellersunionagent.com\/wp-content\/uploads\/2022\/07\/\u5fae\u4fe1\u56fe\u7247_202207071651113.png\" alt=\"Dostawca hurtowy\" width=\"500\" height=\"483\" \/><\/p>\n<p><img decoding=\"async\" class=\"aligncenter wp-image-8926\" src=\"https:\/\/www.sellersunionagent.com\/wp-content\/uploads\/2022\/07\/\u5fae\u4fe1\u56fe\u7247_20220707165111.png\" alt=\"Dostawca hurtowy\" width=\"500\" height=\"513\" \/><\/p>\n<p><img decoding=\"async\" class=\"aligncenter wp-image-8928\" src=\"https:\/\/www.sellersunionagent.com\/wp-content\/uploads\/2022\/07\/\u5fae\u4fe1\u56fe\u7247_202207071651112.png\" alt=\"Dostawca hurtowy\" width=\"500\" height=\"522\" \/><\/p>\n<p><img loading=\"lazy\" decoding=\"async\" class=\"aligncenter wp-image-8927\" src=\"https:\/\/www.sellersunionagent.com\/wp-content\/uploads\/2022\/07\/\u5fae\u4fe1\u56fe\u7247_202207071651111.png\" alt=\"Dostawca hurtowy\" width=\"500\" height=\"503\" \/><\/p>\n<p>&nbsp;<\/p>\n<p>&nbsp;<\/p>","protected":false},"excerpt":{"rendered":"<p><strong>Typ<\/strong>: Torba na lunch<\/p>\n<p><strong>Numer pozycji:<\/strong> YUNJ1<\/p>\n<p><strong>Rozmiar elementu<\/strong>: Du\u017cy: 34*14*22<\/p>\n<p>Ma\u0142y: 25*11,5*22<\/p>\n<p><strong>Waga przedmiotu<\/strong>: Large: 350g<\/p>\n<p>Ma\u0142y: 195 g<\/p>\n<p><strong>MOQ<\/strong>: 1000szt.<\/p>\n<p><strong>Materia\u0142: <\/strong>Materia\u0142 420Twill<\/p>","protected":false},"featured_media":8529,"comment_status":"open","ping_status":"closed","template":"","meta":{"_acf_changed":false},"product_brand":[],"product_cat":[28],"product_tag":[45,47,41],"class_list":{"0":"post-8526","1":"product","2":"type-product","3":"status-publish","4":"has-post-thumbnail","6":"product_cat-lunch-bag","7":"product_tag-cooler-bag","8":"product_tag-hot-sale","9":"product_tag-lunch-bag","11":"first","12":"instock","13":"shipping-taxable","14":"product-type-simple","15":"swiper-slide"},"acf":[],"_links":{"self":[{"href":"https:\/\/www.sellersunionagent.com\/pl\/wp-json\/wp\/v2\/product\/8526","targetHints":{"allow":["GET"]}}],"collection":[{"href":"https:\/\/www.sellersunionagent.com\/pl\/wp-json\/wp\/v2\/product"}],"about":[{"href":"https:\/\/www.sellersunionagent.com\/pl\/wp-json\/wp\/v2\/types\/product"}],"replies":[{"embeddable":true,"href":"https:\/\/www.sellersunionagent.com\/pl\/wp-json\/wp\/v2\/comments?post=8526"}],"wp:featuredmedia":[{"embeddable":true,"href":"https:\/\/www.sellersunionagent.com\/pl\/wp-json\/wp\/v2\/media\/8529"}],"wp:attachment":[{"href":"https:\/\/www.sellersunionagent.com\/pl\/wp-json\/wp\/v2\/media?parent=8526"}],"wp:term":[{"taxonomy":"product_brand","embeddable":true,"href":"https:\/\/www.sellersunionagent.com\/pl\/wp-json\/wp\/v2\/product_brand?post=8526"},{"taxonomy":"product_cat","embeddable":true,"href":"https:\/\/www.sellersunionagent.com\/pl\/wp-json\/wp\/v2\/product_cat?post=8526"},{"taxonomy":"product_tag","embeddable":true,"href":"https:\/\/www.sellersunionagent.com\/pl\/wp-json\/wp\/v2\/product_tag?post=8526"}],"curies":[{"name":"wp","href":"https:\/\/api.w.org\/{rel}","templated":true}]}}