{"id":8518,"date":"2022-07-02T14:34:34","date_gmt":"2022-07-02T06:34:34","guid":{"rendered":"https:\/\/sellersunionagent.com\/?post_type=product&#038;p=8518"},"modified":"2026-01-06T14:29:10","modified_gmt":"2026-01-06T06:29:10","slug":"bulk-shopping-bags-grocery-bags-reusable-travel-bags","status":"publish","type":"product","link":"https:\/\/www.sellersunionagent.com\/pl\/bulk-shopping-bags-grocery-bags-reusable-travel-bags\/","title":{"rendered":"Torby na zakupy wielorazowe Torby podr\u00f3\u017cne wielokrotnego u\u017cytku"},"content":{"rendered":"<h2 id=\"title\" class=\"a-size-large a-spacing-none\"><span id=\"productTitle\" class=\"a-size-large product-title-word-break\">Shopping Bags Grocery Bags Reusable Grocery Bags Foldable Large Fashion Travel Waterproof Machine Washable Eco-Friendly\u00a0<\/span><\/h2>\n<p><strong>Typ<\/strong>: Torba na zakupy<\/p>\n<p><strong>Numer pozycji:<\/strong> LL003<\/p>\n<p><strong>Rozmiar elementu<\/strong>: 45*35*8CM<\/p>\n<p>&nbsp;<\/p>\n<p>&nbsp;<\/p>\n<ul>\n<li><strong>X-LARGE CAPACITY &amp; DURABLE :<\/strong> Reusable grocery bags are about 2-3 times bigger than a standard plastic grocery bags so they hold a lot more.shopping bags are reinforced with double stitches which makes them hold heavy loads safely.<\/li>\n<\/ul>\n<p>&nbsp;<\/p>\n<p>&nbsp;<\/p>\n<ul>\n<li><strong>EASY TO CARRY AROUND &amp; REUSABLE:<\/strong> While reusable shopping bag is folded it fits easily into your purse or leaving in the car and not taking up any room. Great fabric and workmanship with bound seams, handle length lets you carry on your shoulder and the bottom is sewn so that it will sit flat. They are a good size and fold nicely into the little pocket. They also have loops to hang them by.<\/li>\n<\/ul>\n<p>&nbsp;<\/p>\n<p>&nbsp;<\/p>\n<ul>\n<li><strong>Eco-Friend material<\/strong>: Reusable shopping bag can help you save tons of plastic bags.<\/li>\n<\/ul>\n<p><img fetchpriority=\"high\" decoding=\"async\" class=\"aligncenter wp-image-8516\" src=\"https:\/\/www.sellersunionagent.com\/wp-content\/uploads\/2022\/07\/wholesale-2pcs-grocery-bags-6.jpg\" alt=\"Producent hurtowy z Chin\" width=\"600\" height=\"600\" \/><\/p>\n<p><img decoding=\"async\" class=\"aligncenter wp-image-8515\" src=\"https:\/\/www.sellersunionagent.com\/wp-content\/uploads\/2022\/07\/O1CN01Y7c4TK24rrP285635_2777827445-0-cib.jpg\" alt=\"Producent hurtowy z Chin\" width=\"600\" height=\"600\" \/><\/p>\n<p><img decoding=\"async\" class=\"aligncenter wp-image-8957\" src=\"https:\/\/www.sellersunionagent.com\/wp-content\/uploads\/2022\/07\/fec84d311d4967a15f9f22b83c0fae8.png\" alt=\"Hurtowa torba na zakupy\" width=\"600\" height=\"666\" \/><\/p>\n<p>&nbsp;<\/p>\n<p><img loading=\"lazy\" decoding=\"async\" class=\"aligncenter wp-image-8948\" src=\"https:\/\/www.sellersunionagent.com\/wp-content\/uploads\/2022\/07\/4b7cc1221d15f8d36eeb1b1ae43d52c.png\" alt=\"Hurtowa torba na zakupy\" width=\"600\" height=\"631\" \/><\/p>\n<p><img loading=\"lazy\" decoding=\"async\" class=\"aligncenter wp-image-8949\" src=\"https:\/\/www.sellersunionagent.com\/wp-content\/uploads\/2022\/07\/8f8d850a53c81b611f6ea75ba51c235.png\" alt=\"Hurtowa torba na zakupy\" width=\"600\" height=\"642\" \/><\/p>\n<p><img loading=\"lazy\" decoding=\"async\" class=\"aligncenter wp-image-8950\" src=\"https:\/\/www.sellersunionagent.com\/wp-content\/uploads\/2022\/07\/18be23cd742af3906d1cbda35dc9df5.png\" alt=\"Hurtowa torba na zakupy\" width=\"600\" height=\"611\" \/><\/p>\n<p><img loading=\"lazy\" decoding=\"async\" class=\"aligncenter wp-image-8951\" src=\"https:\/\/www.sellersunionagent.com\/wp-content\/uploads\/2022\/07\/7852ba72251dd99bf3809ba7ec2fea1.png\" alt=\"Hurtowa torba na zakupy\" width=\"600\" height=\"613\" \/><\/p>\n<p><img loading=\"lazy\" decoding=\"async\" class=\"aligncenter wp-image-8952\" src=\"https:\/\/www.sellersunionagent.com\/wp-content\/uploads\/2022\/07\/a46292275033af2bb1c233de076116c.png\" alt=\"Hurtowa torba na zakupy\" width=\"600\" height=\"655\" \/><\/p>\n<p><img loading=\"lazy\" decoding=\"async\" class=\"aligncenter wp-image-8954\" src=\"https:\/\/www.sellersunionagent.com\/wp-content\/uploads\/2022\/07\/b591d336f04dbb932e3e1dafbd4d7a3.png\" alt=\"Hurtowa torba na zakupy\" width=\"600\" height=\"652\" \/><\/p>\n<p><img loading=\"lazy\" decoding=\"async\" class=\"aligncenter wp-image-8955\" src=\"https:\/\/www.sellersunionagent.com\/wp-content\/uploads\/2022\/07\/b761678f72b0b32c33a537215532a03.png\" alt=\"Hurtowa torba na zakupy\" width=\"600\" height=\"618\" \/><\/p>\n<p><img loading=\"lazy\" decoding=\"async\" class=\"aligncenter wp-image-8956\" src=\"https:\/\/www.sellersunionagent.com\/wp-content\/uploads\/2022\/07\/c60f89907c2b9fb014619eb2cebb664.png\" alt=\"Hurtowa torba na zakupy\" width=\"600\" height=\"595\" \/><\/p>\n<p>&nbsp;<\/p>\n<p>&nbsp;<\/p>","protected":false},"excerpt":{"rendered":"<p><strong>MOQ<\/strong>:\u00a0 1500 pieces<br \/>\n<strong>Bezp\u0142atna pr\u00f3bka<\/strong>:  Obs\u0142ugiwane<br \/>\n<strong>Personalizacja<\/strong>logo \/ kolor \/ materia\u0142y \/ opakowanie itp.<br \/>\n<strong>Zni\u017cka<\/strong>:  Pierwsze zam\u00f3wienia ju\u017c od 10% taniej.<br \/>\n<strong>Wska\u017anik terminowo\u015bci dostaw<\/strong>:\u00a0 100%<br \/>\n<strong>Przesy\u0142ki og\u00f3\u0142em<\/strong>:  10000 szt.<br \/>\n<strong>Wysy\u0142ka<\/strong>: Fracht morski Fracht l\u0105dowy<\/p>","protected":false},"featured_media":13784,"comment_status":"open","ping_status":"closed","template":"","meta":{"_acf_changed":false},"product_brand":[],"product_cat":[29],"product_tag":[87,71,53,56],"class_list":{"0":"post-8518","1":"product","2":"type-product","3":"status-publish","4":"has-post-thumbnail","6":"product_cat-shopping-bag","7":"product_tag-bulk-wholesale","8":"product_tag-durable","9":"product_tag-professional-supplier","10":"product_tag-shopping-bag","12":"first","13":"instock","14":"shipping-taxable","15":"purchasable","16":"product-type-simple","17":"swiper-slide"},"acf":[],"_links":{"self":[{"href":"https:\/\/www.sellersunionagent.com\/pl\/wp-json\/wp\/v2\/product\/8518","targetHints":{"allow":["GET"]}}],"collection":[{"href":"https:\/\/www.sellersunionagent.com\/pl\/wp-json\/wp\/v2\/product"}],"about":[{"href":"https:\/\/www.sellersunionagent.com\/pl\/wp-json\/wp\/v2\/types\/product"}],"replies":[{"embeddable":true,"href":"https:\/\/www.sellersunionagent.com\/pl\/wp-json\/wp\/v2\/comments?post=8518"}],"wp:featuredmedia":[{"embeddable":true,"href":"https:\/\/www.sellersunionagent.com\/pl\/wp-json\/wp\/v2\/media\/13784"}],"wp:attachment":[{"href":"https:\/\/www.sellersunionagent.com\/pl\/wp-json\/wp\/v2\/media?parent=8518"}],"wp:term":[{"taxonomy":"product_brand","embeddable":true,"href":"https:\/\/www.sellersunionagent.com\/pl\/wp-json\/wp\/v2\/product_brand?post=8518"},{"taxonomy":"product_cat","embeddable":true,"href":"https:\/\/www.sellersunionagent.com\/pl\/wp-json\/wp\/v2\/product_cat?post=8518"},{"taxonomy":"product_tag","embeddable":true,"href":"https:\/\/www.sellersunionagent.com\/pl\/wp-json\/wp\/v2\/product_tag?post=8518"}],"curies":[{"name":"wp","href":"https:\/\/api.w.org\/{rel}","templated":true}]}}