{"id":8492,"date":"2022-07-01T20:18:21","date_gmt":"2022-07-01T12:18:21","guid":{"rendered":"https:\/\/sellersunionagent.com\/?post_type=product&#038;p=8492"},"modified":"2022-08-31T14:08:42","modified_gmt":"2022-08-31T06:08:42","slug":"prostokatny-pojemnik-na-chusteczki-hurtowo","status":"publish","type":"product","link":"https:\/\/www.sellersunionagent.com\/pl\/rectangle-tissue-box-holder-bulk-wholesale\/","title":{"rendered":"Prostok\u0105tny pojemnik na chusteczki hurtowo"},"content":{"rendered":"<h2>Prostok\u0105tny pojemnik na chusteczki hurtowo<\/h2>\n<p>Stylowe przechowywanie: Stylowy, prosty, czysty, uroczy design nadaje temu uchwytowi na chusteczki higieniczne bardzo szykowny wygl\u0105d, idealny do ukrycia tych pude\u0142ek na chusteczki, dodania mi\u0142ego akcentu dekoracyjnego do \u0142azienki, restauracji, biura, gospodarstwa domowego, samochodu.<\/p>\n<p>&nbsp;<\/p>\n<p>&nbsp;<\/p>\n<p>Ulepszona konstrukcja: Pude\u0142ko na r\u0119czniki papierowe jest wyposa\u017cone w rzep, kt\u00f3ry u\u0142atwia wymian\u0119 r\u0119cznik\u00f3w papierowych. Okablowanie pude\u0142ka jest znakomite i trwa\u0142e.<\/p>\n<p>&nbsp;<\/p>\n<p>&nbsp;<\/p>\n<p>Ochrona \u015brodowiska i funkcjonalno\u015b\u0107: naturalna ochrona \u015brodowiska, mo\u017cliwo\u015b\u0107 recyklingu. Dzi\u0119ki testowi bezpiecze\u0144stwa jest bardziej bezpieczny w u\u017cyciu. Zmywalny i \u0142atwy do czyszczenia.<\/p>\n<p><img fetchpriority=\"high\" decoding=\"async\" class=\"aligncenter wp-image-8497 size-full\" src=\"https:\/\/www.sellersunionagent.com\/wp-content\/uploads\/2022\/07\/rectangle-tissue-box-holder-bulk-wholesale.png\" alt=\"Sprzeda\u017c hurtowa\" width=\"748\" height=\"376\" \/><img decoding=\"async\" class=\"aligncenter wp-image-8479\" src=\"https:\/\/www.sellersunionagent.com\/wp-content\/uploads\/2022\/07\/triangle-tissue-box-holder-bulk-wholesale-5.jpg\" alt=\"Sprzeda\u017c hurtowa\" width=\"600\" height=\"600\" \/>\u00a0<img decoding=\"async\" class=\"aligncenter wp-image-8495\" src=\"https:\/\/www.sellersunionagent.com\/wp-content\/uploads\/2022\/07\/rectangle-tissue-box-holder-bulk-wholesale-2.jpg\" alt=\"Sprzeda\u017c hurtowa\" width=\"600\" height=\"600\" \/><img loading=\"lazy\" decoding=\"async\" class=\"aligncenter wp-image-8474\" src=\"https:\/\/www.sellersunionagent.com\/wp-content\/uploads\/2022\/07\/triangle-tissue-box-holder-bulk-wholesale-10.jpg\" alt=\"Sprzeda\u017c hurtowa\" width=\"600\" height=\"600\" \/><\/p>","protected":false},"excerpt":{"rendered":"<p><strong>Typ<\/strong>: Pojemnik na chusteczki<\/p>\n<p><strong>Numer pozycji:<\/strong> JH002<\/p>\n<p><strong>Rozmiar elementu<\/strong>: 14,5*10*7CM\/ 16,5*12*8,5CM<\/p>\n<p><strong>Kolory<\/strong>: Br\u0105zowy<\/p>\n<p><strong>Materia\u0142: <\/strong>Wodoodporny papier pakowy<\/p>\n<p>&nbsp;<\/p>\n<p>Torby hurtowe s\u0105 teraz tanie. Wyselekcjonowane materia\u0142y, doskona\u0142e wykonanie, absolutnie nie pozwol\u0105 Ci rozczarowa\u0107 si\u0119 wyborem!<\/p>","protected":false},"featured_media":8493,"comment_status":"open","ping_status":"closed","template":"","meta":{"_acf_changed":false},"product_brand":[],"product_cat":[31,187],"product_tag":[87,148],"class_list":{"0":"post-8492","1":"product","2":"type-product","3":"status-publish","4":"has-post-thumbnail","6":"product_cat-home-storage","7":"product_cat-bedroom","8":"product_tag-bulk-wholesale","9":"product_tag-functional","11":"first","12":"instock","13":"shipping-taxable","14":"product-type-simple","15":"swiper-slide"},"acf":[],"_links":{"self":[{"href":"https:\/\/www.sellersunionagent.com\/pl\/wp-json\/wp\/v2\/product\/8492","targetHints":{"allow":["GET"]}}],"collection":[{"href":"https:\/\/www.sellersunionagent.com\/pl\/wp-json\/wp\/v2\/product"}],"about":[{"href":"https:\/\/www.sellersunionagent.com\/pl\/wp-json\/wp\/v2\/types\/product"}],"replies":[{"embeddable":true,"href":"https:\/\/www.sellersunionagent.com\/pl\/wp-json\/wp\/v2\/comments?post=8492"}],"wp:featuredmedia":[{"embeddable":true,"href":"https:\/\/www.sellersunionagent.com\/pl\/wp-json\/wp\/v2\/media\/8493"}],"wp:attachment":[{"href":"https:\/\/www.sellersunionagent.com\/pl\/wp-json\/wp\/v2\/media?parent=8492"}],"wp:term":[{"taxonomy":"product_brand","embeddable":true,"href":"https:\/\/www.sellersunionagent.com\/pl\/wp-json\/wp\/v2\/product_brand?post=8492"},{"taxonomy":"product_cat","embeddable":true,"href":"https:\/\/www.sellersunionagent.com\/pl\/wp-json\/wp\/v2\/product_cat?post=8492"},{"taxonomy":"product_tag","embeddable":true,"href":"https:\/\/www.sellersunionagent.com\/pl\/wp-json\/wp\/v2\/product_tag?post=8492"}],"curies":[{"name":"wp","href":"https:\/\/api.w.org\/{rel}","templated":true}]}}