{"id":8485,"date":"2022-07-01T20:01:11","date_gmt":"2022-07-01T12:01:11","guid":{"rendered":"https:\/\/sellersunionagent.com\/?post_type=product&#038;p=8485"},"modified":"2022-07-01T20:01:12","modified_gmt":"2022-07-01T12:01:12","slug":"akcesoria-cyfrowe-papierowa-torba-do-przechowywania-z-chin-od-profesjonalnego-dostawcy","status":"publish","type":"product","link":"https:\/\/www.sellersunionagent.com\/pl\/digital-accessories-kraft-paper-storage-bag-from-china-professional-supplier\/","title":{"rendered":"Akcesoria cyfrowe Torba do przechowywania papieru Kraft od chi\u0144skiego profesjonalnego dostawcy"},"content":{"rendered":"<h2>Akcesoria cyfrowe Torba do przechowywania papieru Kraft od chi\u0144skiego profesjonalnego dostawcy<\/h2>\n<ul>\n<li>Du\u017ca pojemno\u015b\u0107, korzystna funkcja przechowywania<\/li>\n<li>Wodoodporny i odporny na zu\u017cycie<\/li>\n<li>Modne i przeno\u015bne<\/li>\n<li><img fetchpriority=\"high\" decoding=\"async\" class=\"aligncenter wp-image-8486\" src=\"https:\/\/www.sellersunionagent.com\/wp-content\/uploads\/2022\/07\/digital-accessories-kraft-paper-storage-bag-5.png\" alt=\"Profesjonalny dostawca z Chin\" width=\"600\" height=\"453\" \/> <img decoding=\"async\" class=\"aligncenter wp-image-8487\" src=\"https:\/\/www.sellersunionagent.com\/wp-content\/uploads\/2022\/07\/digital-accessories-kraft-paper-storage-bag-4.jpg\" alt=\"Profesjonalny dostawca z Chin\" width=\"600\" height=\"600\" \/> <img decoding=\"async\" class=\"aligncenter wp-image-8488\" src=\"https:\/\/www.sellersunionagent.com\/wp-content\/uploads\/2022\/07\/digital-accessories-kraft-paper-storage-bag-3.jpg\" alt=\"Profesjonalny dostawca z Chin\" width=\"600\" height=\"600\" \/> <img loading=\"lazy\" decoding=\"async\" class=\"aligncenter wp-image-8489\" src=\"https:\/\/www.sellersunionagent.com\/wp-content\/uploads\/2022\/07\/digital-accessories-kraft-paper-storage-bag-2.jpg\" alt=\"Profesjonalny dostawca z Chin\" width=\"600\" height=\"600\" \/><img loading=\"lazy\" decoding=\"async\" class=\"aligncenter wp-image-8491\" src=\"https:\/\/www.sellersunionagent.com\/wp-content\/uploads\/2022\/07\/digital-accessories-kraft-paper-storage-bag.jpg\" alt=\"Profesjonalny dostawca z Chin\" width=\"600\" height=\"925\" \/><\/li>\n<\/ul>","protected":false},"excerpt":{"rendered":"<p><strong>Typ<\/strong>: Torba do przechowywania akcesori\u00f3w cyfrowych<\/p>\n<p><strong>Numer pozycji:<\/strong> JH004<\/p>\n<p><strong>Rozmiar elementu<\/strong>: 13.5*9*6CM\/19.5*11*6CM<\/p>\n<p><strong>Kolory<\/strong>: Br\u0105zowy<\/p>\n<p><strong>Materia\u0142:\u00a0<\/strong>Wodoodporny papier pakowy<\/p>\n<p>&nbsp;<\/p>\n<p>&nbsp;<\/p>\n<p>Jeste\u015bmy profesjonalnym dostawc\u0105 z Chin. Od 1997 roku rozpocz\u0119li\u015bmy nasz\u0105 dzia\u0142alno\u015b\u0107. Utrzymujemy niezwykle wysok\u0105 wra\u017cliwo\u015b\u0107 rynku na r\u00f3\u017cne towary. Specjalizujemy si\u0119 w sprzeda\u017cy hurtowej artyku\u0142\u00f3w do przechowywania, wykonujemy OEM, ODM i zapewniamy kompleksow\u0105 obs\u0142ug\u0119 zakup\u00f3w w jednym miejscu. Z przyjemno\u015bci\u0105 oferujemy najpopularniejsze produkty, kt\u00f3re pomog\u0105 rozwin\u0105\u0107 dzia\u0142alno\u015b\u0107.<\/p>\n<p>&nbsp;<\/p>\n<p>&nbsp;<\/p>","protected":false},"featured_media":8490,"comment_status":"open","ping_status":"closed","template":"","meta":{"_acf_changed":false},"product_brand":[],"product_cat":[32],"product_tag":[149,150,151],"class_list":{"0":"post-8485","1":"product","2":"type-product","3":"status-publish","4":"has-post-thumbnail","6":"product_cat-digital-bag","7":"product_tag-china-professional-supplier","8":"product_tag-digital-accessories-storage","9":"product_tag-wear-resistant","11":"first","12":"instock","13":"shipping-taxable","14":"product-type-simple","15":"swiper-slide"},"acf":[],"_links":{"self":[{"href":"https:\/\/www.sellersunionagent.com\/pl\/wp-json\/wp\/v2\/product\/8485","targetHints":{"allow":["GET"]}}],"collection":[{"href":"https:\/\/www.sellersunionagent.com\/pl\/wp-json\/wp\/v2\/product"}],"about":[{"href":"https:\/\/www.sellersunionagent.com\/pl\/wp-json\/wp\/v2\/types\/product"}],"replies":[{"embeddable":true,"href":"https:\/\/www.sellersunionagent.com\/pl\/wp-json\/wp\/v2\/comments?post=8485"}],"wp:featuredmedia":[{"embeddable":true,"href":"https:\/\/www.sellersunionagent.com\/pl\/wp-json\/wp\/v2\/media\/8490"}],"wp:attachment":[{"href":"https:\/\/www.sellersunionagent.com\/pl\/wp-json\/wp\/v2\/media?parent=8485"}],"wp:term":[{"taxonomy":"product_brand","embeddable":true,"href":"https:\/\/www.sellersunionagent.com\/pl\/wp-json\/wp\/v2\/product_brand?post=8485"},{"taxonomy":"product_cat","embeddable":true,"href":"https:\/\/www.sellersunionagent.com\/pl\/wp-json\/wp\/v2\/product_cat?post=8485"},{"taxonomy":"product_tag","embeddable":true,"href":"https:\/\/www.sellersunionagent.com\/pl\/wp-json\/wp\/v2\/product_tag?post=8485"}],"curies":[{"name":"wp","href":"https:\/\/api.w.org\/{rel}","templated":true}]}}