{"id":8455,"date":"2022-07-01T18:56:56","date_gmt":"2022-07-01T10:56:56","guid":{"rendered":"https:\/\/sellersunionagent.com\/?post_type=product&#038;p=8455"},"modified":"2022-08-31T14:09:18","modified_gmt":"2022-08-31T06:09:18","slug":"hurtowa-hurtowa-zmywalna-torba-papierowa-wielokrotnego-uzytku-do-dekoracji-do-przechowywania-zywnosci-dla-roslin-doniczkowych","status":"publish","type":"product","link":"https:\/\/www.sellersunionagent.com\/pl\/bulk-wholesale-washable-reusable-kraft-paper-bag-for-pot-plant-food-storage-decoration\/","title":{"rendered":"Hurtowa hurtowa zmywalna torba papierowa wielokrotnego u\u017cytku do przechowywania \u017cywno\u015bci w doniczkach"},"content":{"rendered":"<h2>Hurtowa hurtowa zmywalna torba papierowa wielokrotnego u\u017cytku do przechowywania \u017cywno\u015bci w doniczkach<\/h2>\n<p>Przyjazne dla \u015brodowiska i zdrowe materia\u0142y: Wykorzystanie biodegradowalnego importowanego papieru pakowego o jako\u015bci spo\u017cywczej zapewnia zdrowe \u017cycie w domu.<\/p>\n<p>&nbsp;<\/p>\n<p>&nbsp;<\/p>\n<p>Mo\u017cliwo\u015b\u0107 prania i wielokrotnego u\u017cytku: Ta torba do przechowywania ma wytrzyma\u0142o\u015b\u0107 tkaniny, ale tak\u017ce jest trwa\u0142a i wodoodporna.<\/p>\n<p>&nbsp;<\/p>\n<p>Elastyczny rozmiar: Dost\u0119pne s\u0105 cztery rozmiary: S:10*10*15CM\/ M:12*12*23CM\/ L:15*15*28CM\/ XL:20*20*35CM. Mo\u017cesz umie\u015bci\u0107 r\u00f3\u017cne torby w r\u00f3\u017cnych miejscach.<\/p>\n<p>&nbsp;<\/p>\n<p>&nbsp;<\/p>\n<p>Wielofunkcyjny kosz do przechowywania: Umyta torba papierowa mo\u017ce by\u0107 u\u017cywana do przechowywania ro\u015blin, owoc\u00f3w, warzyw, zabawek itp. Nadaje si\u0119 nie tylko do salonu kuchennego, ale tak\u017ce do podr\u00f3\u017cy, podr\u00f3\u017cy s\u0142u\u017cbowej, pikniku, kampera itp. Przyjazne dla \u015brodowiska i zdrowe materia\u0142y.<\/p>\n<p><img fetchpriority=\"high\" decoding=\"async\" class=\"aligncenter wp-image-8466\" src=\"https:\/\/www.sellersunionagent.com\/wp-content\/uploads\/2022\/07\/wholesale-washable-reusable-kraft-paper-bag-6.jpg\" alt=\"Sprzeda\u017c hurtowa\" width=\"600\" height=\"600\" \/> <img decoding=\"async\" class=\"aligncenter wp-image-8467\" src=\"https:\/\/www.sellersunionagent.com\/wp-content\/uploads\/2022\/07\/wholesale-washable-reusable-kraft-paper-bag-5.jpg\" alt=\"Sprzeda\u017c hurtowa\" width=\"600\" height=\"600\" \/> <img decoding=\"async\" class=\"aligncenter wp-image-8468\" src=\"https:\/\/www.sellersunionagent.com\/wp-content\/uploads\/2022\/07\/wholesale-washable-reusable-kraft-paper-bag-4.jpg\" alt=\"Sprzeda\u017c hurtowa\" width=\"600\" height=\"600\" \/> <img loading=\"lazy\" decoding=\"async\" class=\"aligncenter wp-image-8469\" src=\"https:\/\/www.sellersunionagent.com\/wp-content\/uploads\/2022\/07\/wholesale-washable-reusable-kraft-paper-bag-3.jpg\" alt=\"Sprzeda\u017c hurtowa\" width=\"600\" height=\"600\" \/> <img loading=\"lazy\" decoding=\"async\" class=\"aligncenter wp-image-8470\" src=\"https:\/\/www.sellersunionagent.com\/wp-content\/uploads\/2022\/07\/wholesale-washable-reusable-kraft-paper-bag-2.jpg\" alt=\"Sprzeda\u017c hurtowa\" width=\"600\" height=\"600\" \/> <img loading=\"lazy\" decoding=\"async\" class=\"aligncenter wp-image-8471\" src=\"https:\/\/www.sellersunionagent.com\/wp-content\/uploads\/2022\/07\/wholesale-washable-reusable-kraft-paper-bag-1.jpg\" alt=\"Sprzeda\u017c hurtowa\" width=\"600\" height=\"600\" \/> <img loading=\"lazy\" decoding=\"async\" class=\"aligncenter wp-image-8472\" src=\"https:\/\/www.sellersunionagent.com\/wp-content\/uploads\/2022\/07\/wholesale-washable-reusable-kraft-paper-bag.jpg\" alt=\"Sprzeda\u017c hurtowa\" width=\"600\" height=\"600\" \/><\/p>","protected":false},"excerpt":{"rendered":"<p><strong>Typ<\/strong>: Kosz do przechowywania<\/p>\n<p><strong>Numer pozycji:<\/strong> JH001<\/p>\n<p><strong>Rozmiar elementu<\/strong>: S: 10*10*15CM\/ M: 12*12*23CM\/ L: 15*15*28CM\/ XL: 20*20*35CM<\/p>\n<p><strong>Kolory<\/strong>: Br\u0105zowy<\/p>\n<p><strong>Materia\u0142: <\/strong>Wodoodporny papier pakowy<\/p>\n<p>&nbsp;<\/p>\n<p>&nbsp;<\/p>\n<p>Torby hurtowe s\u0105 teraz tanie. Wyselekcjonowane materia\u0142y, doskona\u0142e wykonanie, absolutnie nie pozwol\u0105 Ci rozczarowa\u0107 si\u0119 wyborem!<\/p>","protected":false},"featured_media":8469,"comment_status":"open","ping_status":"closed","template":"","meta":{"_acf_changed":false},"product_brand":[],"product_cat":[31,186],"product_tag":[87,146],"class_list":{"0":"post-8455","1":"product","2":"type-product","3":"status-publish","4":"has-post-thumbnail","6":"product_cat-home-storage","7":"product_cat-living-room","8":"product_tag-bulk-wholesale","9":"product_tag-washablereusable","11":"first","12":"instock","13":"shipping-taxable","14":"product-type-simple","15":"swiper-slide"},"acf":[],"_links":{"self":[{"href":"https:\/\/www.sellersunionagent.com\/pl\/wp-json\/wp\/v2\/product\/8455","targetHints":{"allow":["GET"]}}],"collection":[{"href":"https:\/\/www.sellersunionagent.com\/pl\/wp-json\/wp\/v2\/product"}],"about":[{"href":"https:\/\/www.sellersunionagent.com\/pl\/wp-json\/wp\/v2\/types\/product"}],"replies":[{"embeddable":true,"href":"https:\/\/www.sellersunionagent.com\/pl\/wp-json\/wp\/v2\/comments?post=8455"}],"wp:featuredmedia":[{"embeddable":true,"href":"https:\/\/www.sellersunionagent.com\/pl\/wp-json\/wp\/v2\/media\/8469"}],"wp:attachment":[{"href":"https:\/\/www.sellersunionagent.com\/pl\/wp-json\/wp\/v2\/media?parent=8455"}],"wp:term":[{"taxonomy":"product_brand","embeddable":true,"href":"https:\/\/www.sellersunionagent.com\/pl\/wp-json\/wp\/v2\/product_brand?post=8455"},{"taxonomy":"product_cat","embeddable":true,"href":"https:\/\/www.sellersunionagent.com\/pl\/wp-json\/wp\/v2\/product_cat?post=8455"},{"taxonomy":"product_tag","embeddable":true,"href":"https:\/\/www.sellersunionagent.com\/pl\/wp-json\/wp\/v2\/product_tag?post=8455"}],"curies":[{"name":"wp","href":"https:\/\/api.w.org\/{rel}","templated":true}]}}