{"id":8454,"date":"2022-07-01T18:38:32","date_gmt":"2022-07-01T10:38:32","guid":{"rendered":"https:\/\/sellersunionagent.com\/?post_type=product&#038;p=8454"},"modified":"2026-01-06T14:29:11","modified_gmt":"2026-01-06T06:29:11","slug":"wielofunkcyjna-przenosna-torba-na-pranie-do-podrozy","status":"publish","type":"product","link":"https:\/\/www.sellersunionagent.com\/pl\/multifunctional-portable-washing-organizer-washing-bag-for-travel\/","title":{"rendered":"Wielofunkcyjna przeno\u015bna torba na pranie do podr\u00f3\u017cy"},"content":{"rendered":"<h2 id=\"title\" class=\"a-size-large a-spacing-none\"><span id=\"productTitle\" class=\"a-size-large product-title-word-break\">Podr\u00f3\u017cna kosmetyczka, przeno\u015bny organizer do prania, stoj\u0105ca kosmetyczka, podr\u00f3\u017cna walizka do prania w podr\u00f3\u017cy<\/span><\/h2>\n<p><strong>Typ:<\/strong> Torba do prania<\/p>\n<p><strong>Pozycja nr: <\/strong>YJ30<br \/>\n<strong>Rozmiar:<\/strong> 26*15*9cm<\/p>\n<p><strong>MOQ:<\/strong> 2000cs<\/p>\n<p><strong>Materia\u0142: <\/strong>230T dwustronny diagonal<\/p>\n<p>&nbsp;<\/p>\n<ul>\n<li>Przeno\u015bna i wielokrotnego u\u017cytku - ta \u0107wier\u0107litrowa torba idealnie pasuje do butelek podr\u00f3\u017cnych, a tak\u017ce \u015bwietnie nadaje si\u0119 do przechowywania kosmetyk\u00f3w, przybor\u00f3w toaletowych, zabawek i drobiazg\u00f3w; Wskaz\u00f3wki dotycz\u0105ce usuwania zapachu ma\u0142ej kosmetyczki podr\u00f3\u017cnej: Najpierw umyj zewn\u0119trzn\u0105 i wewn\u0119trzn\u0105 stron\u0119 przezroczystej torby do makija\u017cu wod\u0105 z myd\u0142em; Rozpakuj torb\u0119, a nast\u0119pnie pozostaw j\u0105 w dobrze wentylowanym miejscu na kilka dni.<\/li>\n<\/ul>\n<p>&nbsp;<\/p>\n<p>&nbsp;<\/p>\n<ul>\n<li>Lekki i idealny prezent dla przyjaciela - zatwierdzona przez TSA przezroczysta kosmetyczka ma mniej ni\u017c 1 funt, idealny rozmiar, aby zmie\u015bci\u0107 si\u0119 w baga\u017cu podr\u0119cznym na podr\u00f3\u017c lub wakacje; Ta praktyczna przezroczysta kosmetyczka to najlepszy wyb\u00f3r na prezent dla przyjaciela i rodziny.<\/li>\n<\/ul>\n<p><img fetchpriority=\"high\" decoding=\"async\" class=\"alignnone wp-image-8461\" src=\"https:\/\/www.sellersunionagent.com\/wp-content\/uploads\/2022\/07\/multifunctional-portable-washing-organizer-1.jpg\" alt=\"Dostawca hurtowy\" width=\"360\" height=\"360\" \/> <img decoding=\"async\" class=\"alignnone wp-image-8460\" src=\"https:\/\/www.sellersunionagent.com\/wp-content\/uploads\/2022\/07\/multifunctional-portable-washing-organizer-2.jpg\" alt=\"Dostawca hurtowy\" width=\"360\" height=\"360\" \/> <img decoding=\"async\" class=\"alignnone wp-image-8459\" src=\"https:\/\/www.sellersunionagent.com\/wp-content\/uploads\/2022\/07\/multifunctional-portable-washing-organizer-3.jpg\" alt=\"Dostawca hurtowy\" width=\"360\" height=\"360\" \/><\/p>\n<p><img loading=\"lazy\" decoding=\"async\" class=\"alignnone wp-image-8458\" src=\"https:\/\/www.sellersunionagent.com\/wp-content\/uploads\/2022\/07\/multifunctional-portable-washing-organizer-4.jpg\" alt=\"Dostawca hurtowy\" width=\"360\" height=\"360\" \/><img loading=\"lazy\" decoding=\"async\" class=\"alignnone wp-image-8457\" src=\"https:\/\/www.sellersunionagent.com\/wp-content\/uploads\/2022\/07\/multifunctional-portable-washing-organizer-5.jpg\" alt=\"Dostawca hurtowy\" width=\"360\" height=\"360\" \/> <img loading=\"lazy\" decoding=\"async\" class=\"alignnone wp-image-8456\" src=\"https:\/\/www.sellersunionagent.com\/wp-content\/uploads\/2022\/07\/multifunctional-portable-washing-organizer-6.jpg\" alt=\"Dostawca hurtowy\" width=\"360\" height=\"360\" \/><\/p>","protected":false},"excerpt":{"rendered":"<p><strong>MOQ<\/strong>:  500 szt.<br \/>\n<strong>Bezp\u0142atna pr\u00f3bka<\/strong>:  Obs\u0142ugiwane<br \/>\n<strong>Personalizacja<\/strong>logo \/ kolor \/ materia\u0142y \/ opakowanie itp.<br \/>\n<strong>Zni\u017cka<\/strong>:  Pierwsze zam\u00f3wienia ju\u017c od 10% taniej.<br \/>\n<strong>Wska\u017anik terminowo\u015bci dostaw<\/strong>:\u00a0 100%<br \/>\n<strong>Przesy\u0142ki og\u00f3\u0142em<\/strong>:  10000 szt.<br \/>\n<strong>Wysy\u0142ka<\/strong>: Fracht morski Fracht l\u0105dowy<\/p>","protected":false},"featured_media":13786,"comment_status":"open","ping_status":"closed","template":"","meta":{"_acf_changed":false},"product_brand":[],"product_cat":[33],"product_tag":[67,61,99,91],"class_list":{"0":"post-8454","1":"product","2":"type-product","3":"status-publish","4":"has-post-thumbnail","6":"product_cat-toiletry-bag","7":"product_tag-travel-organizer","8":"product_tag-washing-bag","9":"product_tag-wholesale-maker-from-china","10":"product_tag-wholesaler","12":"first","13":"instock","14":"shipping-taxable","15":"purchasable","16":"product-type-simple","17":"swiper-slide"},"acf":[],"_links":{"self":[{"href":"https:\/\/www.sellersunionagent.com\/pl\/wp-json\/wp\/v2\/product\/8454","targetHints":{"allow":["GET"]}}],"collection":[{"href":"https:\/\/www.sellersunionagent.com\/pl\/wp-json\/wp\/v2\/product"}],"about":[{"href":"https:\/\/www.sellersunionagent.com\/pl\/wp-json\/wp\/v2\/types\/product"}],"replies":[{"embeddable":true,"href":"https:\/\/www.sellersunionagent.com\/pl\/wp-json\/wp\/v2\/comments?post=8454"}],"wp:featuredmedia":[{"embeddable":true,"href":"https:\/\/www.sellersunionagent.com\/pl\/wp-json\/wp\/v2\/media\/13786"}],"wp:attachment":[{"href":"https:\/\/www.sellersunionagent.com\/pl\/wp-json\/wp\/v2\/media?parent=8454"}],"wp:term":[{"taxonomy":"product_brand","embeddable":true,"href":"https:\/\/www.sellersunionagent.com\/pl\/wp-json\/wp\/v2\/product_brand?post=8454"},{"taxonomy":"product_cat","embeddable":true,"href":"https:\/\/www.sellersunionagent.com\/pl\/wp-json\/wp\/v2\/product_cat?post=8454"},{"taxonomy":"product_tag","embeddable":true,"href":"https:\/\/www.sellersunionagent.com\/pl\/wp-json\/wp\/v2\/product_tag?post=8454"}],"curies":[{"name":"wp","href":"https:\/\/api.w.org\/{rel}","templated":true}]}}