{"id":8444,"date":"2022-07-01T18:28:12","date_gmt":"2022-07-01T10:28:12","guid":{"rendered":"https:\/\/sellersunionagent.com\/?post_type=product&#038;p=8444"},"modified":"2022-07-01T18:28:12","modified_gmt":"2022-07-01T10:28:12","slug":"hurtownia-duzych-kosmetyczek-podroznych-dla-kobiet-i-dziewczat","status":"publish","type":"product","link":"https:\/\/www.sellersunionagent.com\/pl\/wholesale-large-travel-cosmetic-bags-makeup-bag-for-women-and-girls\/","title":{"rendered":"Hurtownia du\u017cych podr\u00f3\u017cnych toreb kosmetycznych dla kobiet i dziewcz\u0105t"},"content":{"rendered":"<h2><span id=\"productTitle\" class=\"a-size-large product-title-word-break\" style=\"line-height: 32px !important\">Torba do makija\u017cu, du\u017ce podr\u00f3\u017cne torby kosmetyczne dla kobiet, zmywalne etui do makija\u017cu\u00a0<\/span><\/h2>\n<p>&nbsp;<\/p>\n<p>&nbsp;<\/p>\n<ul>\n<li><strong>Du\u017ca wersja podr\u00f3\u017cnej kosmetyczki z organizerem -<\/strong> Rozmiar: 25 * 15 * 18 cm, przyzwoity rozmiar bez zb\u0119dnej obj\u0119to\u015bci. Kosmetyki mo\u017cna przechowywa\u0107 w pozycji stoj\u0105cej.<\/li>\n<\/ul>\n<p>&nbsp;<\/p>\n<p>&nbsp;<\/p>\n<ul>\n<li><strong>Idealny do codziennego u\u017cytku lub podr\u00f3\u017cy<\/strong> - Kosmetyczka dla kobiet Z \u0142atwo\u015bci\u0105 zmie\u015bci kosmetyki podr\u00f3\u017cne lub du\u017ce produkty do piel\u0119gnacji sk\u00f3ry, takie jak balsam, krem, p\u0142yn do mycia twarzy, podk\u0142ad, korektor, tusz do rz\u0119s, cie\u0144 do powiek, puder, r\u00f3\u017c, szminka, p\u0119dzle do makija\u017cu.<\/li>\n<\/ul>\n<p>&nbsp;<\/p>\n<p>&nbsp;<\/p>\n<ul>\n<li><strong>Oddzielny przedzia\u0142<\/strong> - Kosmetyczka podr\u00f3\u017cna jest wyposa\u017cona w oddzielny obszar do przechowywania p\u0119dzli i maseczek do twarzy, aby chroni\u0107 je przed kurzem.<\/li>\n<\/ul>\n<p>&nbsp;<\/p>\n<p>&nbsp;<\/p>\n<ul>\n<li><strong>Unikalny i wykwintny design<\/strong> - Mo\u017cna w nim zmie\u015bci\u0107 szmink\u0119, lusterko, przybory do makija\u017cu, co jest dobrym rozwi\u0105zaniem do oddzielenia i uporz\u0105dkowania wszystkich kosmetyk\u00f3w.<\/li>\n<\/ul>\n<p>&nbsp;<\/p>\n<p>&nbsp;<\/p>\n<ul>\n<li><strong>Niezb\u0119dnik podr\u00f3\u017cnika i uroczy prezent<\/strong> - Ka\u017cda z tych du\u017cych kosmetyczek ma g\u0142adkie dwukierunkowe zamki b\u0142yskawiczne umo\u017cliwiaj\u0105ce \u0142atwy dost\u0119p. \u015awietne akcesoria podr\u00f3\u017cne i wspania\u0142e prezenty dla kobiet.<\/li>\n<li><\/li>\n<\/ul>\n<p><img fetchpriority=\"high\" decoding=\"async\" class=\"aligncenter wp-image-8447\" src=\"https:\/\/www.sellersunionagent.com\/wp-content\/uploads\/2022\/07\/wholesale-large-travel-cosmetic-bags-6.jpg\" alt=\"Dostawca hurtowy\" width=\"500\" height=\"500\" \/><\/p>\n<p><img decoding=\"async\" class=\"aligncenter wp-image-8446\" src=\"https:\/\/www.sellersunionagent.com\/wp-content\/uploads\/2022\/07\/wholesale-large-travel-cosmetic-bags-7.jpg\" alt=\"Dostawca hurtowy\" width=\"500\" height=\"500\" \/><\/p>\n<p><img decoding=\"async\" class=\"aligncenter wp-image-8445\" src=\"https:\/\/www.sellersunionagent.com\/wp-content\/uploads\/2022\/07\/wholesale-large-travel-cosmetic-bags-8.jpg\" alt=\"Dostawca hurtowy\" width=\"500\" height=\"500\" \/><\/p>\n<p>&nbsp;<\/p>","protected":false},"excerpt":{"rendered":"<p><strong>Typ<\/strong>: kosmetyczka<\/p>\n<p><strong>Numer pozycji:<\/strong> YUNJ37<\/p>\n<p><strong>Rozmiar elementu<\/strong>25*15*18cm<\/p>\n<p><strong>Materia\u0142: <\/strong>P<span class=\"tgt color_text_1\" data-section=\"0\" data-sentence=\"0\" data-group=\"0-0\">olyester<\/span><\/p>","protected":false},"featured_media":8448,"comment_status":"open","ping_status":"closed","template":"","meta":{"_acf_changed":false},"product_brand":[],"product_cat":[30],"product_tag":[78,89,67],"class_list":{"0":"post-8444","1":"product","2":"type-product","3":"status-publish","4":"has-post-thumbnail","6":"product_cat-makeup-bag","7":"product_tag-makeup-bag","8":"product_tag-multi-function","9":"product_tag-travel-organizer","11":"first","12":"instock","13":"shipping-taxable","14":"product-type-simple","15":"swiper-slide"},"acf":[],"_links":{"self":[{"href":"https:\/\/www.sellersunionagent.com\/pl\/wp-json\/wp\/v2\/product\/8444","targetHints":{"allow":["GET"]}}],"collection":[{"href":"https:\/\/www.sellersunionagent.com\/pl\/wp-json\/wp\/v2\/product"}],"about":[{"href":"https:\/\/www.sellersunionagent.com\/pl\/wp-json\/wp\/v2\/types\/product"}],"replies":[{"embeddable":true,"href":"https:\/\/www.sellersunionagent.com\/pl\/wp-json\/wp\/v2\/comments?post=8444"}],"wp:featuredmedia":[{"embeddable":true,"href":"https:\/\/www.sellersunionagent.com\/pl\/wp-json\/wp\/v2\/media\/8448"}],"wp:attachment":[{"href":"https:\/\/www.sellersunionagent.com\/pl\/wp-json\/wp\/v2\/media?parent=8444"}],"wp:term":[{"taxonomy":"product_brand","embeddable":true,"href":"https:\/\/www.sellersunionagent.com\/pl\/wp-json\/wp\/v2\/product_brand?post=8444"},{"taxonomy":"product_cat","embeddable":true,"href":"https:\/\/www.sellersunionagent.com\/pl\/wp-json\/wp\/v2\/product_cat?post=8444"},{"taxonomy":"product_tag","embeddable":true,"href":"https:\/\/www.sellersunionagent.com\/pl\/wp-json\/wp\/v2\/product_tag?post=8444"}],"curies":[{"name":"wp","href":"https:\/\/api.w.org\/{rel}","templated":true}]}}