{"id":8438,"date":"2022-07-01T17:05:22","date_gmt":"2022-07-01T09:05:22","guid":{"rendered":"https:\/\/sellersunionagent.com\/?post_type=product&#038;p=8438"},"modified":"2026-01-06T14:29:12","modified_gmt":"2026-01-06T06:29:12","slug":"torby-na-zakupy-zaprojektowane-dla-kobiet-i-dziewczat-z-chin","status":"publish","type":"product","link":"https:\/\/www.sellersunionagent.com\/pl\/shopping-bags-designed-for-women-and-girls-from-china-manufacturing\/","title":{"rendered":"Torby na zakupy dla kobiet i dziewcz\u0105t chi\u0144skiej produkcji"},"content":{"rendered":"<h2><strong><b>Zakupy <\/b><\/strong><strong><b>Torby <\/b><\/strong><strong><b>Zaprojektowany dla kobiet i dziewcz\u0105t z chi\u0144skiej produkcji<\/b><\/strong><\/h2>\n<p><strong>Typ:<\/strong> Torba na zakupy<\/p>\n<p><strong>Nr art: <\/strong>LL008<\/p>\n<p><strong>Rozmiar:<\/strong> 43*33*10cm<\/p>\n<p><strong>OEM\/ODM:<\/strong> Zaakceptowany<\/p>\n<p>&nbsp;<\/p>\n<p>&nbsp;<\/p>\n<p>Ta torba zmie\u015bci wszystko, czego potrzebujesz. Je\u015bli wolisz, mo\u017cesz te\u017c po prostu kupi\u0107 jedn\u0105 z tych toreb wielokrotnego u\u017cytku. Niekt\u00f3re z najwa\u017cniejszych cech konstrukcji torby obejmuj\u0105: Du\u017cy rozmiar, kt\u00f3ry jest identyczny z rozmiarem torby papierowej 43*33*10cm.<\/p>\n<p>&nbsp;<\/p>\n<p>&nbsp;<\/p>\n<p>Materia\u0142 na torby to 11-uncjowa tkanina z bawe\u0142ny organicznej. Ten wytrzyma\u0142y materia\u0142 spe\u0142nia normy ekologiczne. Oznacza to, \u017ce bawe\u0142na u\u017cyta do produkcji toreb jest certyfikowana jako organiczna, bez \u017cadnych chemikali\u00f3w, nawoz\u00f3w ani pestycyd\u00f3w, takich jak te stosowane w typowej bawe\u0142nie. Torby s\u0105 produkowane w Indiach i spe\u0142niaj\u0105 wysokie standardy. Ten produkt mo\u017ce nie by\u0107 idealny do r\u0119cznego sitodruku.<\/p>\n<p>&nbsp;<\/p>\n<p>&nbsp;<\/p>\n<p>Te torby wielokrotnego u\u017cytku s\u0105 wykonane z naturalnej i niebielonej bawe\u0142ny organicznej 100%. Mo\u017cna je \u0142atwo pra\u0107 w pralce.<\/p>\n<p>&nbsp;<\/p>\n<p>&nbsp;<\/p>\n<p><img fetchpriority=\"high\" decoding=\"async\" class=\"aligncenter wp-image-8752\" src=\"https:\/\/www.sellersunionagent.com\/wp-content\/uploads\/2022\/07\/shopping-bags-designed-for-women-and-girls-4.png\" alt=\"Produkcja w Chinach\" width=\"600\" height=\"572\" \/> <img decoding=\"async\" class=\"aligncenter wp-image-8753\" src=\"https:\/\/www.sellersunionagent.com\/wp-content\/uploads\/2022\/07\/shopping-bags-designed-for-women-and-girls-3.png\" alt=\"Produkcja w Chinach\" width=\"600\" height=\"567\" \/> <img decoding=\"async\" class=\"aligncenter wp-image-8754\" src=\"https:\/\/www.sellersunionagent.com\/wp-content\/uploads\/2022\/07\/shopping-bags-designed-for-women-and-girls-2.png\" alt=\"Produkcja w Chinach\" width=\"600\" height=\"581\" \/> <img loading=\"lazy\" decoding=\"async\" class=\"aligncenter wp-image-8755\" src=\"https:\/\/www.sellersunionagent.com\/wp-content\/uploads\/2022\/07\/shopping-bags-designed-for-women-and-girls-1.png\" alt=\"Produkcja w Chinach\" width=\"600\" height=\"564\" \/><img loading=\"lazy\" decoding=\"async\" class=\"aligncenter wp-image-8751\" src=\"https:\/\/www.sellersunionagent.com\/wp-content\/uploads\/2022\/07\/shopping-bags-designed-for-women-and-girls-5.png\" alt=\"Produkcja w Chinach\" width=\"600\" height=\"544\" \/> <img loading=\"lazy\" decoding=\"async\" class=\"aligncenter wp-image-8748\" src=\"https:\/\/www.sellersunionagent.com\/wp-content\/uploads\/2022\/07\/shopping-bags-designed-for-women-and-girls-8.jpg\" alt=\"Produkcja w Chinach\" width=\"600\" height=\"600\" \/> <img loading=\"lazy\" decoding=\"async\" class=\"aligncenter wp-image-8747\" src=\"https:\/\/www.sellersunionagent.com\/wp-content\/uploads\/2022\/07\/shopping-bags-designed-for-women-and-girls-9.jpg\" alt=\"Produkcja w Chinach\" width=\"600\" height=\"600\" \/> <img loading=\"lazy\" decoding=\"async\" class=\"aligncenter wp-image-8750\" src=\"https:\/\/www.sellersunionagent.com\/wp-content\/uploads\/2022\/07\/\u8be6\u60c5\u9875.png\" alt=\"Produkcja w Chinach\" width=\"600\" height=\"639\" \/><\/p>","protected":false},"excerpt":{"rendered":"<p><strong>MOQ<\/strong>:  3000 szt.<br \/>\n<strong>Bezp\u0142atna pr\u00f3bka<\/strong>:  Obs\u0142ugiwane<br \/>\n<strong>Personalizacja<\/strong>logo \/ kolor \/ materia\u0142y \/ opakowanie itp.<br \/>\n<strong>Zni\u017cka<\/strong>:  Pierwsze zam\u00f3wienia ju\u017c od 10% taniej.<br \/>\n<strong>Wska\u017anik terminowo\u015bci dostaw<\/strong>:\u00a0 100%<br \/>\n<strong>Przesy\u0142ki og\u00f3\u0142em<\/strong>:  10000 szt.<br \/>\n<strong>Wysy\u0142ka<\/strong>: Fracht morski Fracht l\u0105dowy<\/p>","protected":false},"featured_media":8750,"comment_status":"open","ping_status":"closed","template":"","meta":{"_acf_changed":false},"product_brand":[],"product_cat":[29],"product_tag":[115,56,93],"class_list":{"0":"post-8438","1":"product","2":"type-product","3":"status-publish","4":"has-post-thumbnail","6":"product_cat-shopping-bag","7":"product_tag-retailer","8":"product_tag-shopping-bag","9":"product_tag-storage","11":"first","12":"instock","13":"shipping-taxable","14":"purchasable","15":"product-type-simple","16":"swiper-slide"},"acf":[],"_links":{"self":[{"href":"https:\/\/www.sellersunionagent.com\/pl\/wp-json\/wp\/v2\/product\/8438","targetHints":{"allow":["GET"]}}],"collection":[{"href":"https:\/\/www.sellersunionagent.com\/pl\/wp-json\/wp\/v2\/product"}],"about":[{"href":"https:\/\/www.sellersunionagent.com\/pl\/wp-json\/wp\/v2\/types\/product"}],"replies":[{"embeddable":true,"href":"https:\/\/www.sellersunionagent.com\/pl\/wp-json\/wp\/v2\/comments?post=8438"}],"wp:featuredmedia":[{"embeddable":true,"href":"https:\/\/www.sellersunionagent.com\/pl\/wp-json\/wp\/v2\/media\/8750"}],"wp:attachment":[{"href":"https:\/\/www.sellersunionagent.com\/pl\/wp-json\/wp\/v2\/media?parent=8438"}],"wp:term":[{"taxonomy":"product_brand","embeddable":true,"href":"https:\/\/www.sellersunionagent.com\/pl\/wp-json\/wp\/v2\/product_brand?post=8438"},{"taxonomy":"product_cat","embeddable":true,"href":"https:\/\/www.sellersunionagent.com\/pl\/wp-json\/wp\/v2\/product_cat?post=8438"},{"taxonomy":"product_tag","embeddable":true,"href":"https:\/\/www.sellersunionagent.com\/pl\/wp-json\/wp\/v2\/product_tag?post=8438"}],"curies":[{"name":"wp","href":"https:\/\/api.w.org\/{rel}","templated":true}]}}