{"id":8432,"date":"2022-07-01T16:48:16","date_gmt":"2022-07-01T08:48:16","guid":{"rendered":"https:\/\/sellersunionagent.com\/?post_type=product&#038;p=8432"},"modified":"2026-01-06T14:29:13","modified_gmt":"2026-01-06T06:29:13","slug":"torby-spozywcze-wielokrotnego-uzytku-modne-torby-do-recyklingu-z-woreczkiem-luzem-zmywalne-maszynowo-torby-nylonowe-produkcja-porcelany","status":"publish","type":"product","link":"https:\/\/www.sellersunionagent.com\/pl\/reusable-grocery-tote-bags-fashion-recycling-bags-with-pouch-bulk-machine-washable-nylon-bags-china-manufacturing\/","title":{"rendered":"Torby na zakupy wielokrotnego u\u017cytku Modne torby recyklingowe z woreczkiem Torby nylonowe nadaj\u0105ce si\u0119 do prania w pralce Produkcja w Chinach"},"content":{"rendered":"<h2><strong><b>Torby spo\u017cywcze wielokrotnego u\u017cytku Modne torby do recyklingu z woreczkiem Torby nylonowe nadaj\u0105ce si\u0119 do prania w pralce<\/b><\/strong><strong><b>\u00a0Produkcja w Chinach<\/b><\/strong><\/h2>\n<p><strong>Typ:<\/strong> Torba na zakupy<\/p>\n<p><strong>Nr art: <\/strong>LL007<\/p>\n<p><b>Materia\u0142: <\/b>Oxford<\/p>\n<p><strong>Kolor:<\/strong> \u017b\u00f3\u0142ty<\/p>\n<p>&nbsp;<\/p>\n<p>&nbsp;<\/p>\n<ul class=\"a-unordered-list a-vertical a-spacing-mini\">\n<li><span class=\"a-list-item\">\u0141ATWE DO PRZENOSZENIA: Te sk\u0142adane torby na zakupy wielokrotnego u\u017cytku mo\u017cna \u0142atwo z\u0142o\u017cy\u0107 do do\u0142\u0105czonej kieszonki, dzi\u0119ki czemu mo\u017cna nosi\u0107 sk\u0142adane torby na zakupy wielokrotnego u\u017cytku w torebce lub samochodzie bez zajmowania zbyt du\u017co miejsca. Materia\u0142 nylonowy sprawia, \u017ce nasza torba na zakupy jest l\u017cejsza, sk\u0142ada si\u0119 mniej ni\u017c rozmiar d\u0142oni, losowo umieszczona w torbie lub samochodzie, nie zajmuje miejsca i jest \u0142atwa do przechowywania.<\/span><\/li>\n<\/ul>\n<p>&nbsp;<\/p>\n<p>&nbsp;<\/p>\n<ul class=\"a-unordered-list a-vertical a-spacing-mini\">\n<li><span class=\"a-list-item\">Nadaje si\u0119 do prania w pralce i jest przyjazny dla \u015brodowiska: Wykonane z wytrzyma\u0142ego nylonu wielokrotnego u\u017cytku, kt\u00f3ry mo\u017cna pra\u0107 w pralce. Nasze torby wielokrotnego u\u017cytku mo\u017cna pra\u0107 w pralce, aby zaoszcz\u0119dzi\u0107 czas. Nasze torby spo\u017cywcze wielokrotnego u\u017cytku maj\u0105 na celu stworzenie przysz\u0142o\u015bci z zielon\u0105, szcz\u0119\u015bliw\u0105 planet\u0105 i potrzebujemy, aby\u015b do nas do\u0142\u0105czy\u0142! Mo\u017cesz ponownie wykorzysta\u0107 te torby spo\u017cywcze i zmniejszy\u0107 sw\u00f3j \u015blad w\u0119glowy oraz zu\u017cycie plastiku, posiadaj\u0105c nasze torby na zakupy wielokrotnego u\u017cytku. Uratujmy \u015bwiat!<\/span><\/li>\n<\/ul>\n<p>&nbsp;<\/p>\n<p>&nbsp;<\/p>\n<ul class=\"a-unordered-list a-vertical a-spacing-mini\">\n<li><span class=\"a-list-item\">Nadaje si\u0119 na r\u00f3\u017cne okazje &amp; ZASTOSOWANIE DIY: Sk\u0142adane torby spo\u017cywcze s\u0105 modne, dzi\u0119ki czemu doskonale nadaj\u0105 si\u0119 do codziennych dostaw, gdy potrzebujesz prezentu na wycieczk\u0119 lub przyj\u0119cie urodzinowe, Halloween, Bo\u017ce Narodzenie, wakacje, sklep spo\u017cywczy, supermarket itp; nasz zestaw toreb wielokrotnego u\u017cytku mo\u017ce doda\u0107 troch\u0119 zabawy do zakup\u00f3w spo\u017cywczych. Sk\u0142ada si\u0119 z 6 czystych kolor\u00f3w, kt\u00f3re pasuj\u0105 do codziennego \u017cycia. Oferujemy te zmywalne torby na zakupy w tak wielu zabawnych, \u017cywych stylach i kolorach.<\/span><\/li>\n<\/ul>\n<p>&nbsp;<\/p>\n<p>&nbsp;<\/p>\n<p><img fetchpriority=\"high\" decoding=\"async\" class=\"aligncenter wp-image-8742\" src=\"https:\/\/www.sellersunionagent.com\/wp-content\/uploads\/2022\/07\/reusable-grocery-tote-bags-3.png\" alt=\"Produkcja w Chinach\" width=\"600\" height=\"544\" \/><img decoding=\"async\" class=\"aligncenter wp-image-8738\" src=\"https:\/\/www.sellersunionagent.com\/wp-content\/uploads\/2022\/07\/reusable-grocery-tote-bags-5.png\" alt=\"Produkcja w Chinach\" width=\"600\" height=\"520\" \/> <img decoding=\"async\" class=\"aligncenter wp-image-8744\" src=\"https:\/\/www.sellersunionagent.com\/wp-content\/uploads\/2022\/07\/reusable-grocery-tote-bags-1.png\" alt=\"Produkcja w Chinach\" width=\"600\" height=\"543\" \/><img loading=\"lazy\" decoding=\"async\" class=\"aligncenter wp-image-9296\" src=\"https:\/\/www.sellersunionagent.com\/wp-content\/uploads\/2022\/07\/4594404576_71007103-1.jpg\" alt=\"\" width=\"600\" height=\"600\" \/> <img loading=\"lazy\" decoding=\"async\" class=\"aligncenter wp-image-9297\" src=\"https:\/\/www.sellersunionagent.com\/wp-content\/uploads\/2022\/07\/O1CN01uU7VTo1Bs2gqEQACH_0-0-cib-1.jpg\" alt=\"Produkcja w Chinach\" width=\"600\" height=\"600\" \/><\/p>","protected":false},"excerpt":{"rendered":"<p><strong>MOQ<\/strong>:  1000 szt.<br \/>\n<strong>Bezp\u0142atna pr\u00f3bka<\/strong>:  Obs\u0142ugiwane<br \/>\n<strong>Personalizacja<\/strong>logo \/ kolor \/ materia\u0142y \/ opakowanie itp.<br \/>\n<strong>Zni\u017cka<\/strong>:  Pierwsze zam\u00f3wienia ju\u017c od 10% taniej.<br \/>\n<strong>Wska\u017anik terminowo\u015bci dostaw<\/strong>:\u00a0 100%<br \/>\n<strong>Przesy\u0142ki og\u00f3\u0142em<\/strong>:  10000 szt.<br \/>\n<strong>Wysy\u0142ka<\/strong>: Fracht morski Fracht l\u0105dowy<\/p>","protected":false},"featured_media":8433,"comment_status":"open","ping_status":"closed","template":"","meta":{"_acf_changed":false},"product_brand":[],"product_cat":[29],"product_tag":[56,93],"class_list":{"0":"post-8432","1":"product","2":"type-product","3":"status-publish","4":"has-post-thumbnail","6":"product_cat-shopping-bag","7":"product_tag-shopping-bag","8":"product_tag-storage","10":"first","11":"instock","12":"shipping-taxable","13":"purchasable","14":"product-type-simple","15":"swiper-slide"},"acf":[],"_links":{"self":[{"href":"https:\/\/www.sellersunionagent.com\/pl\/wp-json\/wp\/v2\/product\/8432","targetHints":{"allow":["GET"]}}],"collection":[{"href":"https:\/\/www.sellersunionagent.com\/pl\/wp-json\/wp\/v2\/product"}],"about":[{"href":"https:\/\/www.sellersunionagent.com\/pl\/wp-json\/wp\/v2\/types\/product"}],"replies":[{"embeddable":true,"href":"https:\/\/www.sellersunionagent.com\/pl\/wp-json\/wp\/v2\/comments?post=8432"}],"wp:featuredmedia":[{"embeddable":true,"href":"https:\/\/www.sellersunionagent.com\/pl\/wp-json\/wp\/v2\/media\/8433"}],"wp:attachment":[{"href":"https:\/\/www.sellersunionagent.com\/pl\/wp-json\/wp\/v2\/media?parent=8432"}],"wp:term":[{"taxonomy":"product_brand","embeddable":true,"href":"https:\/\/www.sellersunionagent.com\/pl\/wp-json\/wp\/v2\/product_brand?post=8432"},{"taxonomy":"product_cat","embeddable":true,"href":"https:\/\/www.sellersunionagent.com\/pl\/wp-json\/wp\/v2\/product_cat?post=8432"},{"taxonomy":"product_tag","embeddable":true,"href":"https:\/\/www.sellersunionagent.com\/pl\/wp-json\/wp\/v2\/product_tag?post=8432"}],"curies":[{"name":"wp","href":"https:\/\/api.w.org\/{rel}","templated":true}]}}