{"id":8426,"date":"2022-07-01T16:36:34","date_gmt":"2022-07-01T08:36:34","guid":{"rendered":"https:\/\/sellersunionagent.com\/?post_type=product&#038;p=8426"},"modified":"2022-07-06T17:29:50","modified_gmt":"2022-07-06T09:29:50","slug":"zrownowazona-torba-na-zakupy-w-ksztalcie-motyla-i-kwiatu-produkcja-chinska","status":"publish","type":"product","link":"https:\/\/www.sellersunionagent.com\/pl\/sustainable-butterfly-and-flower-shopping-bag-china-manufacturing\/","title":{"rendered":"Zr\u00f3wnowa\u017cona torba na zakupy w kszta\u0142cie motyla i kwiatu Produkcja w Chinach"},"content":{"rendered":"<h2><strong><b>Zr\u00f3wnowa\u017cona torba na zakupy w kszta\u0142cie motyla i kwiatu Produkcja w Chinach<\/b><\/strong><\/h2>\n<p>&nbsp;<\/p>\n<p>&nbsp;<\/p>\n<p>Ta torba na zakupy jest naprawd\u0119 \u0142atwa do prania, poniewa\u017c zosta\u0142a wykonana z tkaniny oxford. Wystarczy przetrze\u0107 j\u0105 mokr\u0105 szmatk\u0105, aby usun\u0105\u0107 zabrudzenia.<\/p>\n<p>&nbsp;<\/p>\n<p>&nbsp;<\/p>\n<p>Ka\u017cda torba na zakupy ma rozmiar 45 * 35 * 8 CM. Torba na zakupy jest sk\u0142adana, co u\u0142atwia jej przechowywanie, gdy nie jest u\u017cywana. Wystarczy j\u0105 z\u0142o\u017cy\u0107, aby zaoszcz\u0119dzi\u0107 miejsce, gdy nie jest u\u017cywana lub transportowana. Mo\u017cna j\u0105 przechowywa\u0107 w samochodzie, torebce, plecaku i baga\u017cu.<\/p>\n<p>&nbsp;<\/p>\n<p>&nbsp;<\/p>\n<p>Jedna torba na zakupy wielokrotnego u\u017cytku jest odpowiednikiem ponad 1000-krotnego u\u017cycia plastikowych toreb na \u015bmieci. \u015awietna alternatywa dla jednorazowych toreb plastikowych, kt\u00f3re cz\u0119sto nie s\u0105 poddawane recyklingowi i cz\u0119sto zanieczyszczaj\u0105 drogi wodne i inne obszary publiczne. Wybierz modny i przyjazny dla \u015brodowiska spos\u00f3b ochrony naszej Ziemi. Przechowuj z\u0142o\u017cone torby na zakupy w torebce i samochodzie na wypadek sytuacji awaryjnych lub aktywno\u015bci na \u015bwie\u017cym powietrzu.<\/p>\n<p>&nbsp;<\/p>\n<p>&nbsp;<\/p>\n<p><img fetchpriority=\"high\" decoding=\"async\" class=\"aligncenter wp-image-8429\" src=\"https:\/\/www.sellersunionagent.com\/wp-content\/uploads\/2022\/07\/sustainable-butterfly-and-flower-shopping-bag-2.jpg\" alt=\"Produkcja w Chinach\" width=\"600\" height=\"600\" \/><img decoding=\"async\" class=\"aligncenter wp-image-8735\" src=\"https:\/\/www.sellersunionagent.com\/wp-content\/uploads\/2022\/07\/sustainable-butterfly-and-flower-shopping-bag-11.jpg\" alt=\"Produkcja w Chinach\" width=\"600\" height=\"600\" \/> <img decoding=\"async\" class=\"aligncenter wp-image-8736\" src=\"https:\/\/www.sellersunionagent.com\/wp-content\/uploads\/2022\/07\/sustainable-butterfly-and-flower-shopping-bag.png\" alt=\"Produkcja w Chinach\" width=\"600\" height=\"588\" \/><\/p>","protected":false},"excerpt":{"rendered":"<p>Typ: Torba na zakupy<\/p>\n<p>Pozycja nr:LL006<\/p>\n<p>Rozmiar: 45*35*8CM<\/p>\n<p>OEM\/ODM: zaakceptowane<\/p>","protected":false},"featured_media":8430,"comment_status":"open","ping_status":"closed","template":"","meta":{"_acf_changed":false},"product_brand":[],"product_cat":[29],"product_tag":[56,93],"class_list":{"0":"post-8426","1":"product","2":"type-product","3":"status-publish","4":"has-post-thumbnail","6":"product_cat-shopping-bag","7":"product_tag-shopping-bag","8":"product_tag-storage","10":"first","11":"instock","12":"shipping-taxable","13":"product-type-simple","14":"swiper-slide"},"acf":[],"_links":{"self":[{"href":"https:\/\/www.sellersunionagent.com\/pl\/wp-json\/wp\/v2\/product\/8426","targetHints":{"allow":["GET"]}}],"collection":[{"href":"https:\/\/www.sellersunionagent.com\/pl\/wp-json\/wp\/v2\/product"}],"about":[{"href":"https:\/\/www.sellersunionagent.com\/pl\/wp-json\/wp\/v2\/types\/product"}],"replies":[{"embeddable":true,"href":"https:\/\/www.sellersunionagent.com\/pl\/wp-json\/wp\/v2\/comments?post=8426"}],"wp:featuredmedia":[{"embeddable":true,"href":"https:\/\/www.sellersunionagent.com\/pl\/wp-json\/wp\/v2\/media\/8430"}],"wp:attachment":[{"href":"https:\/\/www.sellersunionagent.com\/pl\/wp-json\/wp\/v2\/media?parent=8426"}],"wp:term":[{"taxonomy":"product_brand","embeddable":true,"href":"https:\/\/www.sellersunionagent.com\/pl\/wp-json\/wp\/v2\/product_brand?post=8426"},{"taxonomy":"product_cat","embeddable":true,"href":"https:\/\/www.sellersunionagent.com\/pl\/wp-json\/wp\/v2\/product_cat?post=8426"},{"taxonomy":"product_tag","embeddable":true,"href":"https:\/\/www.sellersunionagent.com\/pl\/wp-json\/wp\/v2\/product_tag?post=8426"}],"curies":[{"name":"wp","href":"https:\/\/api.w.org\/{rel}","templated":true}]}}