{"id":8408,"date":"2022-07-01T16:11:13","date_gmt":"2022-07-01T08:11:13","guid":{"rendered":"https:\/\/sellersunionagent.com\/?post_type=product&#038;p=8408"},"modified":"2026-01-06T14:29:14","modified_gmt":"2026-01-06T06:29:14","slug":"torba-spozywcza-wielokrotnego-uzytku-torba-na-zakupy-trwala-torba-na-zakupy-produkcja-porcelany","status":"publish","type":"product","link":"https:\/\/www.sellersunionagent.com\/pl\/reusable-grocery-bag-food-delivery-bag-durable-shopping-bag-china-manufacturing\/","title":{"rendered":"Torba spo\u017cywcza wielokrotnego u\u017cytku, torba na \u017cywno\u015b\u0107, trwa\u0142a torba na zakupy Produkcja w Chinach"},"content":{"rendered":"<h2><strong><b>Reusable Grocery Bag, Food Delivery Bag, Durable<\/b><\/strong><strong><b>\u00a0Shopping Bag China Manufacturing<\/b><\/strong><\/h2>\n<p><strong>Typ:<\/strong> Torba na zakupy<\/p>\n<p><strong>Nr art: <\/strong>LL005<\/p>\n<p><strong>Rozmiar:<\/strong> 38*58CM<\/p>\n<p><strong>OEM\/ODM:<\/strong> Zaakceptowany<\/p>\n<p>&nbsp;<\/p>\n<p>&nbsp;<\/p>\n<p>&lt;Reusable&gt; It is a sustainable shopping bag which saves the plastic from ending up the plastic pollution away from oceans, lakes, and the landfills. Keep using this shopping bag in your grocery shopping for convenience to help protect the environment and create a better world.<\/p>\n<p>&nbsp;<\/p>\n<p>&nbsp;<\/p>\n<p>&lt;Large capacity&gt; The size of this shopping bag is 38*58CM, which is big enough for storage many items for your daily use such as taking plenty of food for picnics, camping, catering, beach days and others.<\/p>\n<p>&nbsp;<\/p>\n<p>&lt;Flexible&gt; Because of the polyester material, you can fold it very easy and the total weight is light. You can just fold it to your pocket when you go to supermarket or go to University.<\/p>\n<p>&nbsp;<\/p>\n<p><img fetchpriority=\"high\" decoding=\"async\" class=\"aligncenter wp-image-8732\" src=\"https:\/\/www.sellersunionagent.com\/wp-content\/uploads\/2022\/07\/reusable-grocery-bag-1.png\" alt=\"Produkcja w Chinach\" width=\"600\" height=\"387\" \/><\/p>\n<p><img decoding=\"async\" class=\"aligncenter wp-image-8422\" src=\"https:\/\/www.sellersunionagent.com\/wp-content\/uploads\/2022\/07\/durable-shopping-bag-china-3.jpg\" alt=\"Produkcja w Chinach\" width=\"600\" height=\"600\" \/><img decoding=\"async\" class=\"aligncenter wp-image-8734\" src=\"https:\/\/www.sellersunionagent.com\/wp-content\/uploads\/2022\/07\/reusable-grocery-bag.png\" alt=\"Produkcja w Chinach\" width=\"600\" height=\"605\" \/><\/p>\n<p>&nbsp;<\/p>","protected":false},"excerpt":{"rendered":"<p><strong>MOQ<\/strong>:  3000 szt.<br \/>\n<strong>Bezp\u0142atna pr\u00f3bka<\/strong>:  Obs\u0142ugiwane<br \/>\n<strong>Personalizacja<\/strong>logo \/ kolor \/ materia\u0142y \/ opakowanie itp.<br \/>\n<strong>Zni\u017cka<\/strong>:  Pierwsze zam\u00f3wienia ju\u017c od 10% taniej.<br \/>\n<strong>Wska\u017anik terminowo\u015bci dostaw<\/strong>:\u00a0 100%<br \/>\n<strong>Przesy\u0142ki og\u00f3\u0142em<\/strong>:  10000 szt.<br \/>\n<strong>Wysy\u0142ka<\/strong>: Fracht morski Fracht l\u0105dowy<\/p>","protected":false},"featured_media":8423,"comment_status":"open","ping_status":"closed","template":"","meta":{"_acf_changed":false},"product_brand":[],"product_cat":[29],"product_tag":[56,93],"class_list":{"0":"post-8408","1":"product","2":"type-product","3":"status-publish","4":"has-post-thumbnail","6":"product_cat-shopping-bag","7":"product_tag-shopping-bag","8":"product_tag-storage","10":"first","11":"instock","12":"shipping-taxable","13":"purchasable","14":"product-type-simple","15":"swiper-slide"},"acf":[],"_links":{"self":[{"href":"https:\/\/www.sellersunionagent.com\/pl\/wp-json\/wp\/v2\/product\/8408","targetHints":{"allow":["GET"]}}],"collection":[{"href":"https:\/\/www.sellersunionagent.com\/pl\/wp-json\/wp\/v2\/product"}],"about":[{"href":"https:\/\/www.sellersunionagent.com\/pl\/wp-json\/wp\/v2\/types\/product"}],"replies":[{"embeddable":true,"href":"https:\/\/www.sellersunionagent.com\/pl\/wp-json\/wp\/v2\/comments?post=8408"}],"wp:featuredmedia":[{"embeddable":true,"href":"https:\/\/www.sellersunionagent.com\/pl\/wp-json\/wp\/v2\/media\/8423"}],"wp:attachment":[{"href":"https:\/\/www.sellersunionagent.com\/pl\/wp-json\/wp\/v2\/media?parent=8408"}],"wp:term":[{"taxonomy":"product_brand","embeddable":true,"href":"https:\/\/www.sellersunionagent.com\/pl\/wp-json\/wp\/v2\/product_brand?post=8408"},{"taxonomy":"product_cat","embeddable":true,"href":"https:\/\/www.sellersunionagent.com\/pl\/wp-json\/wp\/v2\/product_cat?post=8408"},{"taxonomy":"product_tag","embeddable":true,"href":"https:\/\/www.sellersunionagent.com\/pl\/wp-json\/wp\/v2\/product_tag?post=8408"}],"curies":[{"name":"wp","href":"https:\/\/api.w.org\/{rel}","templated":true}]}}