{"id":8401,"date":"2022-07-01T18:29:19","date_gmt":"2022-07-01T10:29:19","guid":{"rendered":"https:\/\/sellersunionagent.com\/?post_type=product&#038;p=8401"},"modified":"2022-07-01T18:29:20","modified_gmt":"2022-07-01T10:29:20","slug":"waterproof-kraft-paper-cosmetic-bag-bulk-wholesale-supplier","status":"publish","type":"product","link":"https:\/\/www.sellersunionagent.com\/pl\/waterproof-kraft-paper-cosmetic-bag-bulk-wholesale-supplier\/","title":{"rendered":"Wodoodporna papierowa torba kosmetyczna hurtowy dostawca hurtowy"},"content":{"rendered":"<h2>Wodoodporna papierowa torba kosmetyczna hurtowy dostawca hurtowy<\/h2>\n<ul>\n<li>Waterproof material, not easy to break, anti splash<\/li>\n<li>Paper texture<\/li>\n<li>Attributed to neatness<\/li>\n<li>High quality and smooth zipper<\/li>\n<li>Unique seal design<\/li>\n<li>The hook allows the bag to hang on the hanger<\/li>\n<li>Suppourt customization<br \/>\n<img fetchpriority=\"high\" decoding=\"async\" class=\"aligncenter wp-image-8416\" src=\"https:\/\/www.sellersunionagent.com\/wp-content\/uploads\/2022\/07\/waterproof-kraft-paper-cosmetic-bag-4.jpg\" alt=\"Hurtowy dostawca hurtowy\" width=\"600\" height=\"600\" \/><img decoding=\"async\" class=\"aligncenter wp-image-8412\" src=\"https:\/\/www.sellersunionagent.com\/wp-content\/uploads\/2022\/07\/waterproof-kraft-paper-cosmetic-bag-8.png\" alt=\"Hurtowy dostawca hurtowy\" width=\"600\" height=\"468\" \/><img decoding=\"async\" class=\"aligncenter wp-image-8409\" src=\"https:\/\/www.sellersunionagent.com\/wp-content\/uploads\/2022\/07\/waterproof-kraft-paper-cosmetic-bag-11.jpg\" alt=\"Hurtowy dostawca hurtowy\" width=\"600\" height=\"600\" \/><img loading=\"lazy\" decoding=\"async\" class=\"aligncenter wp-image-8415\" src=\"https:\/\/www.sellersunionagent.com\/wp-content\/uploads\/2022\/07\/waterproof-kraft-paper-cosmetic-bag-5.png\" alt=\"Hurtowy dostawca hurtowy\" width=\"600\" height=\"488\" \/> <img loading=\"lazy\" decoding=\"async\" class=\"aligncenter wp-image-8414\" src=\"https:\/\/www.sellersunionagent.com\/wp-content\/uploads\/2022\/07\/waterproof-kraft-paper-cosmetic-bag-6.png\" alt=\"Hurtowy dostawca hurtowy\" width=\"600\" height=\"480\" \/> <img loading=\"lazy\" decoding=\"async\" class=\"aligncenter wp-image-8413\" src=\"https:\/\/www.sellersunionagent.com\/wp-content\/uploads\/2022\/07\/waterproof-kraft-paper-cosmetic-bag-7.png\" alt=\"Hurtowy dostawca hurtowy\" width=\"600\" height=\"483\" \/><img loading=\"lazy\" decoding=\"async\" class=\"aligncenter wp-image-8411\" src=\"https:\/\/www.sellersunionagent.com\/wp-content\/uploads\/2022\/07\/waterproof-kraft-paper-cosmetic-bag-9.png\" alt=\"Hurtowy dostawca hurtowy\" width=\"600\" height=\"474\" \/><\/li>\n<\/ul>","protected":false},"excerpt":{"rendered":"<p><strong>Typ<\/strong>: Kosmetyczka<\/p>\n<p><strong>Numer pozycji:<\/strong> JH003<\/p>\n<p><strong>Rozmiar elementu<\/strong>:13.5*9*6CM\/ 19.5*11*6CM<\/p>\n<p><strong>Kolory<\/strong>: Yellow\/ grey<\/p>\n<p><strong>Materia\u0142: <\/strong>Wodoodporny papier pakowy<\/p>\n<p>&nbsp;<\/p>\n<p>Torby hurtowe s\u0105 teraz tanie. Wyselekcjonowane materia\u0142y, doskona\u0142e wykonanie, absolutnie nie pozwol\u0105 Ci rozczarowa\u0107 si\u0119 wyborem!<\/p>","protected":false},"featured_media":8419,"comment_status":"open","ping_status":"closed","template":"","meta":{"_acf_changed":false},"product_brand":[],"product_cat":[30],"product_tag":[100],"class_list":{"0":"post-8401","1":"product","2":"type-product","3":"status-publish","4":"has-post-thumbnail","6":"product_cat-makeup-bag","7":"product_tag-waterproof","9":"first","10":"instock","11":"shipping-taxable","12":"product-type-simple","13":"swiper-slide"},"acf":[],"_links":{"self":[{"href":"https:\/\/www.sellersunionagent.com\/pl\/wp-json\/wp\/v2\/product\/8401","targetHints":{"allow":["GET"]}}],"collection":[{"href":"https:\/\/www.sellersunionagent.com\/pl\/wp-json\/wp\/v2\/product"}],"about":[{"href":"https:\/\/www.sellersunionagent.com\/pl\/wp-json\/wp\/v2\/types\/product"}],"replies":[{"embeddable":true,"href":"https:\/\/www.sellersunionagent.com\/pl\/wp-json\/wp\/v2\/comments?post=8401"}],"wp:featuredmedia":[{"embeddable":true,"href":"https:\/\/www.sellersunionagent.com\/pl\/wp-json\/wp\/v2\/media\/8419"}],"wp:attachment":[{"href":"https:\/\/www.sellersunionagent.com\/pl\/wp-json\/wp\/v2\/media?parent=8401"}],"wp:term":[{"taxonomy":"product_brand","embeddable":true,"href":"https:\/\/www.sellersunionagent.com\/pl\/wp-json\/wp\/v2\/product_brand?post=8401"},{"taxonomy":"product_cat","embeddable":true,"href":"https:\/\/www.sellersunionagent.com\/pl\/wp-json\/wp\/v2\/product_cat?post=8401"},{"taxonomy":"product_tag","embeddable":true,"href":"https:\/\/www.sellersunionagent.com\/pl\/wp-json\/wp\/v2\/product_tag?post=8401"}],"curies":[{"name":"wp","href":"https:\/\/api.w.org\/{rel}","templated":true}]}}