{"id":8389,"date":"2022-06-30T18:19:35","date_gmt":"2022-06-30T10:19:35","guid":{"rendered":"https:\/\/sellersunionagent.com\/?post_type=product&#038;p=8389"},"modified":"2026-01-06T14:29:16","modified_gmt":"2026-01-06T06:29:16","slug":"nowa-kosmetyczka-podrozna-dla-kobiet-i-dziewczat","status":"publish","type":"product","link":"https:\/\/www.sellersunionagent.com\/pl\/new-design-makeup-bag-travel-toiletry-bag-for-women-girls\/","title":{"rendered":"Nowa designerska kosmetyczka podr\u00f3\u017cna dla kobiet i dziewcz\u0105t"},"content":{"rendered":"<h2 id=\"title\" class=\"a-size-large a-spacing-none\"><span id=\"productTitle\" class=\"a-size-large product-title-word-break\">Torebka do makija\u017cu na torebk\u0119 \u015aliczna kosmetyczka Podr\u00f3\u017cna kosmetyczka Wodoodporna kosmetyczka dla kobiet i dziewcz\u0105t<\/span><\/h2>\n<p>&nbsp;<\/p>\n<p>&nbsp;<\/p>\n<ul>\n<li><strong>WIELOFUNKCYJNA KOSMETYCZKA<\/strong> - Jest to funkcjonalna torba do makija\u017cu, kosmetyczka, organizer podr\u00f3\u017cny. G\u0142\u00f3wna kiesze\u0144 w przyzwoitym rozmiarze mie\u015bci wiele ma\u0142ych przedmiot\u00f3w, takich jak kosmetyki do makija\u017cu, takie jak szminka lub cie\u0144 do powiek, pasuje do 7-calowego p\u0119dzla do makija\u017cu i 5-calowej szminki.<\/li>\n<\/ul>\n<p>&nbsp;<\/p>\n<p>&nbsp;<\/p>\n<ul>\n<li><strong>JAKO\u015a\u0106 PREMIUM<\/strong> -Unikalna tekstura, \u0142adna podszewka i g\u0142adkie zamki b\u0142yskawiczne.<\/li>\n<\/ul>\n<p>&nbsp;<\/p>\n<p>&nbsp;<\/p>\n<ul>\n<li><strong>WNIOSEK<\/strong> - Idealny dla nastolatk\u00f3w, dziewcz\u0105t, kobiet do podr\u00f3\u017cy, biznesu, organizatora przedmiot\u00f3w domowych do codziennego u\u017cytku lub uroczego prezentu dla kogo\u015b. Jest to idealny przedmiot na ka\u017cd\u0105 por\u0119 roku.<\/li>\n<\/ul>\n<p>&nbsp;<\/p>\n<p><img fetchpriority=\"high\" decoding=\"async\" class=\"aligncenter wp-image-8391\" src=\"https:\/\/www.sellersunionagent.com\/wp-content\/uploads\/2022\/06\/makeup-organizer-cosmetic-bag-7.jpg\" alt=\"\" width=\"600\" height=\"600\" \/>&#8216; <img decoding=\"async\" class=\"aligncenter wp-image-8392\" src=\"https:\/\/www.sellersunionagent.com\/wp-content\/uploads\/2022\/06\/makeup-organizer-cosmetic-bag-6.jpg\" alt=\"\" width=\"600\" height=\"600\" \/><\/p>\n<p><img decoding=\"async\" class=\"aligncenter wp-image-9009\" src=\"https:\/\/www.sellersunionagent.com\/wp-content\/uploads\/2022\/06\/12e20a00d10054b750328da7738c721.png\" alt=\"Dostawca hurtowy\" width=\"600\" height=\"637\" \/><\/p>\n<p><img loading=\"lazy\" decoding=\"async\" class=\"aligncenter wp-image-9008\" src=\"https:\/\/www.sellersunionagent.com\/wp-content\/uploads\/2022\/06\/8c721e6e4180d767237d4246bf09133.png\" alt=\"Dostawca hurtowy\" width=\"600\" height=\"589\" \/><\/p>\n<p><img loading=\"lazy\" decoding=\"async\" class=\"aligncenter wp-image-9010\" src=\"https:\/\/www.sellersunionagent.com\/wp-content\/uploads\/2022\/06\/16f2e5ad5d5d5f77028ee085a100bcd.png\" alt=\"Dostawca hurtowy\" width=\"600\" height=\"586\" \/><\/p>\n<p>&nbsp;<\/p>\n<p>&nbsp;<\/p>","protected":false},"excerpt":{"rendered":"<p><strong>MOQ<\/strong>:  100 szt.<br \/>\n<strong>Bezp\u0142atna pr\u00f3bka<\/strong>:  Obs\u0142ugiwane<br \/>\n<strong>Personalizacja<\/strong>logo \/ kolor \/ materia\u0142y \/ opakowanie itp.<br \/>\n<strong>Zni\u017cka<\/strong>:  Pierwsze zam\u00f3wienia ju\u017c od 10% taniej.<br \/>\n<strong>Wska\u017anik terminowo\u015bci dostaw<\/strong>:\u00a0 100%<br \/>\n<strong>Przesy\u0142ki og\u00f3\u0142em<\/strong>75500 sztuk<br \/>\n<strong>Wysy\u0142ka<\/strong>: Fracht morski Fracht l\u0105dowy<\/p>","protected":false},"featured_media":8390,"comment_status":"open","ping_status":"closed","template":"","meta":{"_acf_changed":false},"product_brand":[],"product_cat":[30],"product_tag":[47,171,78,67,63],"class_list":{"0":"post-8389","1":"product","2":"type-product","3":"status-publish","4":"has-post-thumbnail","6":"product_cat-makeup-bag","7":"product_tag-hot-sale","8":"product_tag-make-up-hot","9":"product_tag-makeup-bag","10":"product_tag-travel-organizer","11":"product_tag-washing-baghangingtoiletry-bag","13":"first","14":"instock","15":"shipping-taxable","16":"purchasable","17":"product-type-simple","18":"swiper-slide"},"acf":[],"_links":{"self":[{"href":"https:\/\/www.sellersunionagent.com\/pl\/wp-json\/wp\/v2\/product\/8389","targetHints":{"allow":["GET"]}}],"collection":[{"href":"https:\/\/www.sellersunionagent.com\/pl\/wp-json\/wp\/v2\/product"}],"about":[{"href":"https:\/\/www.sellersunionagent.com\/pl\/wp-json\/wp\/v2\/types\/product"}],"replies":[{"embeddable":true,"href":"https:\/\/www.sellersunionagent.com\/pl\/wp-json\/wp\/v2\/comments?post=8389"}],"wp:featuredmedia":[{"embeddable":true,"href":"https:\/\/www.sellersunionagent.com\/pl\/wp-json\/wp\/v2\/media\/8390"}],"wp:attachment":[{"href":"https:\/\/www.sellersunionagent.com\/pl\/wp-json\/wp\/v2\/media?parent=8389"}],"wp:term":[{"taxonomy":"product_brand","embeddable":true,"href":"https:\/\/www.sellersunionagent.com\/pl\/wp-json\/wp\/v2\/product_brand?post=8389"},{"taxonomy":"product_cat","embeddable":true,"href":"https:\/\/www.sellersunionagent.com\/pl\/wp-json\/wp\/v2\/product_cat?post=8389"},{"taxonomy":"product_tag","embeddable":true,"href":"https:\/\/www.sellersunionagent.com\/pl\/wp-json\/wp\/v2\/product_tag?post=8389"}],"curies":[{"name":"wp","href":"https:\/\/api.w.org\/{rel}","templated":true}]}}