{"id":8378,"date":"2022-06-30T18:14:08","date_gmt":"2022-06-30T10:14:08","guid":{"rendered":"https:\/\/sellersunionagent.com\/?post_type=product&#038;p=8378"},"modified":"2022-07-09T15:31:05","modified_gmt":"2022-07-09T07:31:05","slug":"hurtowa-kosmetyczka-podrozna-dla-kobiet-i-dziewczat","status":"publish","type":"product","link":"https:\/\/www.sellersunionagent.com\/pl\/wholesale-makeup-bag-cosmetic-travel-bag-for-women-girls\/","title":{"rendered":"Hurtowa kosmetyczka podr\u00f3\u017cna dla kobiet i dziewcz\u0105t\u00a0"},"content":{"rendered":"<h2 id=\"title\" class=\"a-size-large a-spacing-none\"><span id=\"productTitle\" class=\"a-size-large product-title-word-break\">Torba do makija\u017cu Kosmetyczka podr\u00f3\u017cna Organizer do makija\u017cu Ma\u0142a kosmetyczka Przeno\u015bne etui na p\u0119dzle dla kobiet i dziewcz\u0105t\u00a0<\/span><\/h2>\n<p>&nbsp;<\/p>\n<p>&nbsp;<\/p>\n<ul>\n<li><strong>KOMPAKTOWY ROZMIAR PODR\u00d3\u017bNY<\/strong> - Rozmiar: 22 * 7 * 14 cm, przeno\u015bna i lekka. Ma\u0142a kosmetyczka mo\u017ce pomie\u015bci\u0107 kilka ma\u0142ych kosmetyk\u00f3w i produkt\u00f3w do piel\u0119gnacji sk\u00f3ry, mo\u017ce by\u0107 u\u017cywana do zmiany, szminki, narz\u0119dzi do makija\u017cu itp.<\/li>\n<\/ul>\n<p>&nbsp;<\/p>\n<p>&nbsp;<\/p>\n<ul>\n<li><strong>IDEALNE PREZENTY<\/strong> - Nasze kosmetyczki s\u0105 odpowiednie dla nastolatk\u00f3w, dziewcz\u0105t i kobiet, mog\u0105 by\u0107 u\u017cywane w \u017cyciu codziennym, biznesie, podr\u00f3\u017cy, weekendzie. I dzia\u0142aj\u0105 jako kosmetyczki, etui do makija\u017cu, etui na bi\u017cuteri\u0119, portmonetka. Idealny prezent na Walentynki, Bo\u017ce Narodzenie, urodziny, rocznic\u0119, \u015awi\u0119to Dzi\u0119kczynienia.<\/li>\n<\/ul>\n<p>&nbsp;<\/p>\n<p>&nbsp;<\/p>\n<ul>\n<li><strong>KUPUJ BEZ OBAW<\/strong> - Gloppie dok\u0142ada wszelkich stara\u0144, aby zapewni\u0107 klientom produkty wysokiej jako\u015bci i troskliw\u0105 obs\u0142ug\u0119. Je\u015bli masz jakiekolwiek pytania podczas korzystania z naszego etui do makija\u017cu, daj nam zna\u0107. Zadowolenie klient\u00f3w jest naszym najwi\u0119kszym celem.<\/li>\n<\/ul>\n<p>&nbsp;<\/p>\n<p><img fetchpriority=\"high\" decoding=\"async\" class=\"aligncenter wp-image-8384\" src=\"https:\/\/www.sellersunionagent.com\/wp-content\/uploads\/2022\/06\/makeup-organizer-cosmetic-bag-11.jpg\" alt=\"\" width=\"500\" height=\"500\" \/><\/p>\n<p><img decoding=\"async\" class=\"aligncenter wp-image-8385\" src=\"https:\/\/www.sellersunionagent.com\/wp-content\/uploads\/2022\/06\/makeup-organizer-cosmetic-bag-10.jpg\" alt=\"\" width=\"500\" height=\"500\" \/><\/p>\n<p><img decoding=\"async\" class=\"aligncenter wp-image-8386\" src=\"https:\/\/www.sellersunionagent.com\/wp-content\/uploads\/2022\/06\/makeup-organizer-cosmetic-bag-9.jpg\" alt=\"\" width=\"500\" height=\"500\" \/><\/p>","protected":false},"excerpt":{"rendered":"<p><strong>Typ<\/strong>: kosmetyczka<\/p>\n<p><strong>Numer pozycji:<\/strong> JL003<\/p>\n<p><strong>Rozmiar elementu<\/strong>22*7*14cm<\/p>\n<p><strong>Materia\u0142: <\/strong>PVC<\/p>","protected":false},"featured_media":8381,"comment_status":"open","ping_status":"closed","template":"","meta":{"_acf_changed":false},"product_brand":[],"product_cat":[30],"product_tag":[78,89,67,91,65],"class_list":{"0":"post-8378","1":"product","2":"type-product","3":"status-publish","4":"has-post-thumbnail","6":"product_cat-makeup-bag","7":"product_tag-makeup-bag","8":"product_tag-multi-function","9":"product_tag-travel-organizer","10":"product_tag-wholesaler","11":"product_tag-women","13":"first","14":"instock","15":"shipping-taxable","16":"product-type-simple","17":"swiper-slide"},"acf":[],"_links":{"self":[{"href":"https:\/\/www.sellersunionagent.com\/pl\/wp-json\/wp\/v2\/product\/8378","targetHints":{"allow":["GET"]}}],"collection":[{"href":"https:\/\/www.sellersunionagent.com\/pl\/wp-json\/wp\/v2\/product"}],"about":[{"href":"https:\/\/www.sellersunionagent.com\/pl\/wp-json\/wp\/v2\/types\/product"}],"replies":[{"embeddable":true,"href":"https:\/\/www.sellersunionagent.com\/pl\/wp-json\/wp\/v2\/comments?post=8378"}],"wp:featuredmedia":[{"embeddable":true,"href":"https:\/\/www.sellersunionagent.com\/pl\/wp-json\/wp\/v2\/media\/8381"}],"wp:attachment":[{"href":"https:\/\/www.sellersunionagent.com\/pl\/wp-json\/wp\/v2\/media?parent=8378"}],"wp:term":[{"taxonomy":"product_brand","embeddable":true,"href":"https:\/\/www.sellersunionagent.com\/pl\/wp-json\/wp\/v2\/product_brand?post=8378"},{"taxonomy":"product_cat","embeddable":true,"href":"https:\/\/www.sellersunionagent.com\/pl\/wp-json\/wp\/v2\/product_cat?post=8378"},{"taxonomy":"product_tag","embeddable":true,"href":"https:\/\/www.sellersunionagent.com\/pl\/wp-json\/wp\/v2\/product_tag?post=8378"}],"curies":[{"name":"wp","href":"https:\/\/api.w.org\/{rel}","templated":true}]}}