{"id":8367,"date":"2022-06-30T17:47:15","date_gmt":"2022-06-30T09:47:15","guid":{"rendered":"https:\/\/sellersunionagent.com\/?post_type=product&#038;p=8367"},"modified":"2022-06-30T17:47:15","modified_gmt":"2022-06-30T09:47:15","slug":"producenci-spot-wielokolorowa-hurtowa-torba-na-zakupy-w-supermarkecie","status":"publish","type":"product","link":"https:\/\/www.sellersunionagent.com\/pl\/manufacturers-spot-multi-color-supermarket-shopping-bag-wholesale\/","title":{"rendered":"Wielokolorowa torba na zakupy w supermarkecie producenta Hurtownia"},"content":{"rendered":"<h2>Wielokolorowa torba na zakupy w supermarkecie producenta Hurtownia<\/h2>\n<ul>\n<li>Du\u017ca liczba zapas\u00f3w fabrycznych, wsparcie dostosowywania. R\u00f3\u017cne style, bogata kolorystyka.<\/li>\n<li>Wysokiej jako\u015bci materia\u0142y, ochrona \u015brodowiska i moda.<\/li>\n<li>R\u00f3\u017cne specyfikacje, aby zaspokoi\u0107 r\u00f3\u017cne potrzeby podczas zakup\u00f3w<\/li>\n<li>Ultralekki, podr\u00f3\u017cuje bez obci\u0105\u017cenia, po z\u0142o\u017ceniu ma niewielk\u0105 obj\u0119to\u015b\u0107<\/li>\n<li><img fetchpriority=\"high\" decoding=\"async\" class=\"aligncenter wp-image-8372\" src=\"https:\/\/www.sellersunionagent.com\/wp-content\/uploads\/2022\/06\/supermarket-shopping-bag-4.jpg\" alt=\"Sprzeda\u017c hurtowa spot\u00f3w producenta\" width=\"600\" height=\"600\" \/><img decoding=\"async\" class=\"aligncenter wp-image-8373\" src=\"https:\/\/www.sellersunionagent.com\/wp-content\/uploads\/2022\/06\/supermarket-shopping-bag-3.jpg\" alt=\"Sprzeda\u017c hurtowa spot\u00f3w producenta\" width=\"600\" height=\"600\" \/><img decoding=\"async\" class=\"aligncenter wp-image-8374\" src=\"https:\/\/www.sellersunionagent.com\/wp-content\/uploads\/2022\/06\/supermarket-shopping-bag-2.jpg\" alt=\"Sprzeda\u017c hurtowa spot\u00f3w producenta\" width=\"600\" height=\"600\" \/><img loading=\"lazy\" decoding=\"async\" class=\"aligncenter wp-image-8375\" src=\"https:\/\/www.sellersunionagent.com\/wp-content\/uploads\/2022\/06\/supermarket-shopping-bag-1.jpg\" alt=\"Sprzeda\u017c hurtowa spot\u00f3w producenta\" width=\"600\" height=\"600\" \/><img loading=\"lazy\" decoding=\"async\" class=\"aligncenter wp-image-8370\" src=\"https:\/\/www.sellersunionagent.com\/wp-content\/uploads\/2022\/06\/supermarket-shopping-bag-6.jpg\" alt=\"Sprzeda\u017c hurtowa spot\u00f3w producenta\" width=\"600\" height=\"600\" \/><img loading=\"lazy\" decoding=\"async\" class=\"aligncenter wp-image-8369\" src=\"https:\/\/www.sellersunionagent.com\/wp-content\/uploads\/2022\/06\/supermarket-shopping-bag-7.jpg\" alt=\"Sprzeda\u017c hurtowa spot\u00f3w producenta\" width=\"600\" height=\"600\" \/><\/li>\n<\/ul>","protected":false},"excerpt":{"rendered":"<p><strong>Typ<\/strong>: Torba na zakupy<\/p>\n<p><strong>Numer pozycji:<\/strong> YC004<\/p>\n<p><strong>Rozmiar elementu<\/strong>: 46*66cm<\/p>\n<p><strong>Kolory<\/strong>: Personalizacja<\/p>\n<p><strong>Materia\u0142: <\/strong>Poliester<\/p>\n<p>&nbsp;<\/p>\n<p>Jeste\u015bmy zgodni z koncepcj\u0105 ochrony \u015brodowiska i mody, aby zaprojektowa\u0107 sk\u0142adane torby na zakupy chroni\u0105ce \u015brodowisko, aby lepiej traktowa\u0107 nasz\u0105 ziemi\u0119. Ta torba na zakupy ma zapasy fabryczne, \u0142atwa do przenoszenia, sk\u0142adana, zmywalna, odpowiednia na ka\u017cd\u0105 okazj\u0119. Porozmawiaj z nami o bardziej niestandardowych!<\/p>","protected":false},"featured_media":8376,"comment_status":"open","ping_status":"closed","template":"","meta":{"_acf_changed":false},"product_brand":[],"product_cat":[29],"product_tag":[144,145,50],"class_list":{"0":"post-8367","1":"product","2":"type-product","3":"status-publish","4":"has-post-thumbnail","6":"product_cat-shopping-bag","7":"product_tag-manufacturers-spot","8":"product_tag-supermarket-shopping-bag","9":"product_tag-wholesale","11":"first","12":"instock","13":"shipping-taxable","14":"product-type-simple","15":"swiper-slide"},"acf":[],"_links":{"self":[{"href":"https:\/\/www.sellersunionagent.com\/pl\/wp-json\/wp\/v2\/product\/8367","targetHints":{"allow":["GET"]}}],"collection":[{"href":"https:\/\/www.sellersunionagent.com\/pl\/wp-json\/wp\/v2\/product"}],"about":[{"href":"https:\/\/www.sellersunionagent.com\/pl\/wp-json\/wp\/v2\/types\/product"}],"replies":[{"embeddable":true,"href":"https:\/\/www.sellersunionagent.com\/pl\/wp-json\/wp\/v2\/comments?post=8367"}],"wp:featuredmedia":[{"embeddable":true,"href":"https:\/\/www.sellersunionagent.com\/pl\/wp-json\/wp\/v2\/media\/8376"}],"wp:attachment":[{"href":"https:\/\/www.sellersunionagent.com\/pl\/wp-json\/wp\/v2\/media?parent=8367"}],"wp:term":[{"taxonomy":"product_brand","embeddable":true,"href":"https:\/\/www.sellersunionagent.com\/pl\/wp-json\/wp\/v2\/product_brand?post=8367"},{"taxonomy":"product_cat","embeddable":true,"href":"https:\/\/www.sellersunionagent.com\/pl\/wp-json\/wp\/v2\/product_cat?post=8367"},{"taxonomy":"product_tag","embeddable":true,"href":"https:\/\/www.sellersunionagent.com\/pl\/wp-json\/wp\/v2\/product_tag?post=8367"}],"curies":[{"name":"wp","href":"https:\/\/api.w.org\/{rel}","templated":true}]}}