{"id":8354,"date":"2022-06-30T16:14:37","date_gmt":"2022-06-30T08:14:37","guid":{"rendered":"https:\/\/sellersunionagent.com\/?post_type=product&#038;p=8354"},"modified":"2022-07-11T15:18:58","modified_gmt":"2022-07-11T07:18:58","slug":"torby-na-zakupy-dla-kobiet-torby-szkolne-torby-na-ramie-z-torba-na-telefon","status":"publish","type":"product","link":"https:\/\/www.sellersunionagent.com\/pl\/shopping-bags-for-women-school-shoulder-bags-totes-with-phone-bag\/","title":{"rendered":"Torby na zakupy dla kobiet Torby szkolne Torby na rami\u0119 z torb\u0105 na telefon Chiny Eksporter"},"content":{"rendered":"<h2>Torby na zakupy dla kobiet Torby szkolne Torby na rami\u0119 z torb\u0105 na telefon<\/h2>\n<p>&nbsp;<\/p>\n<p>&nbsp;<\/p>\n<p>Torba na zakupy jest bardzo lekka i trwa\u0142a do codziennego u\u017cytku. Rozmiar tej torby wynosi 38 * 60 CM, co mo\u017ce zaspokoi\u0107 zapotrzebowanie na du\u017c\u0105 pojemno\u015b\u0107.<\/p>\n<p>&nbsp;<\/p>\n<p>&nbsp;<\/p>\n<p>Idealny do przechowywania przedmiot\u00f3w osobistych, takich jak iPad, telefon kom\u00f3rkowy, czasopismo, paszport, torebka, karta, dokumenty A4, ksi\u0105\u017cki, makija\u017c.<\/p>\n<p>&nbsp;<\/p>\n<p>&nbsp;<\/p>\n<p>Jako dobry towarzysz dla wykwintnego i modnego \u017cycia. \u015awietny prezent dla damy, dziewczyny, matki i nauczycielki. Niech ci, kt\u00f3rzy go posiadaj\u0105, stan\u0105 si\u0119 modni i pi\u0119kni ka\u017cdego dnia!<\/p>\n<p>&nbsp;<\/p>\n<p>&nbsp;<\/p>\n<p><img fetchpriority=\"high\" decoding=\"async\" class=\"aligncenter wp-image-8788\" src=\"https:\/\/www.sellersunionagent.com\/wp-content\/uploads\/2022\/06\/shopping-bags-for-women-school-shoulder-bags-totes-5.jpg\" alt=\"Produkcja w Chinach\" width=\"600\" height=\"600\" \/>\u00a0<img decoding=\"async\" class=\"aligncenter wp-image-8789\" src=\"https:\/\/www.sellersunionagent.com\/wp-content\/uploads\/2022\/06\/shopping-bags-for-women-school-shoulder-bags-totes-4.jpg\" alt=\"Produkcja w Chinach\" width=\"600\" height=\"600\" \/> <img decoding=\"async\" class=\"aligncenter wp-image-8787\" src=\"https:\/\/www.sellersunionagent.com\/wp-content\/uploads\/2022\/06\/shopping-bags-for-women-school-shoulder-bags-totes-6.jpg\" alt=\"Produkcja w Chinach\" width=\"600\" height=\"600\" \/><\/p>","protected":false},"excerpt":{"rendered":"<p>Typ: Torba na zakupy<\/p>\n<p>Pozycja nr: YC003<\/p>\n<p>Rozmiar: 38*60 cm<\/p>","protected":false},"featured_media":8792,"comment_status":"open","ping_status":"closed","template":"","meta":{"_acf_changed":false},"product_brand":[],"product_cat":[29],"product_tag":[56,93],"class_list":{"0":"post-8354","1":"product","2":"type-product","3":"status-publish","4":"has-post-thumbnail","6":"product_cat-shopping-bag","7":"product_tag-shopping-bag","8":"product_tag-storage","10":"first","11":"instock","12":"shipping-taxable","13":"product-type-simple","14":"swiper-slide"},"acf":[],"_links":{"self":[{"href":"https:\/\/www.sellersunionagent.com\/pl\/wp-json\/wp\/v2\/product\/8354","targetHints":{"allow":["GET"]}}],"collection":[{"href":"https:\/\/www.sellersunionagent.com\/pl\/wp-json\/wp\/v2\/product"}],"about":[{"href":"https:\/\/www.sellersunionagent.com\/pl\/wp-json\/wp\/v2\/types\/product"}],"replies":[{"embeddable":true,"href":"https:\/\/www.sellersunionagent.com\/pl\/wp-json\/wp\/v2\/comments?post=8354"}],"wp:featuredmedia":[{"embeddable":true,"href":"https:\/\/www.sellersunionagent.com\/pl\/wp-json\/wp\/v2\/media\/8792"}],"wp:attachment":[{"href":"https:\/\/www.sellersunionagent.com\/pl\/wp-json\/wp\/v2\/media?parent=8354"}],"wp:term":[{"taxonomy":"product_brand","embeddable":true,"href":"https:\/\/www.sellersunionagent.com\/pl\/wp-json\/wp\/v2\/product_brand?post=8354"},{"taxonomy":"product_cat","embeddable":true,"href":"https:\/\/www.sellersunionagent.com\/pl\/wp-json\/wp\/v2\/product_cat?post=8354"},{"taxonomy":"product_tag","embeddable":true,"href":"https:\/\/www.sellersunionagent.com\/pl\/wp-json\/wp\/v2\/product_tag?post=8354"}],"curies":[{"name":"wp","href":"https:\/\/api.w.org\/{rel}","templated":true}]}}