{"id":8336,"date":"2022-06-30T15:49:33","date_gmt":"2022-06-30T07:49:33","guid":{"rendered":"https:\/\/sellersunionagent.com\/?post_type=product&#038;p=8336"},"modified":"2026-01-06T14:29:18","modified_gmt":"2026-01-06T06:29:18","slug":"women-shopping-bag-grocery-bag-made-in-china","status":"publish","type":"product","link":"https:\/\/www.sellersunionagent.com\/pl\/women-shopping-bag-grocery-bag-made-in-china\/","title":{"rendered":"Damska torba na zakupy Torba na zakupy Made in China"},"content":{"rendered":"<h2>Damska torba na zakupy Torba na zakupy Made in China<\/h2>\n<p><strong>Typ<\/strong>: Torba na zakupy<br \/>\n<strong>Numer pozycji<\/strong>: YC002<br \/>\n<strong>Size<\/strong>: 53*64*10cm<\/p>\n<p>&nbsp;<\/p>\n<p>&nbsp;<\/p>\n<p>&lt;Perfect Gift&gt;Make these bags perfect for birthday parties, baby shower, bridal shower, classroom projects and days with kids. Also, these large canvas bags are suitable as grocery shopping, gift bag, gym bags, babysitting bags, beach bags, laptop bags, yoga bag, etc.<\/p>\n<p>&nbsp;<\/p>\n<p>&nbsp;<\/p>\n<p>&lt;Multi-functional Bag&gt; The natural color and simple blank design of bags allows parents and their children, students to create fantastic illustrations, paintings and drawings.<\/p>\n<p>&nbsp;<\/p>\n<p>&nbsp;<\/p>\n<p>&lt;Large Capacity&gt; The size of this bag is 53*64*10 cm. It is large enough for your when you go to school, grocery shopping, office, beach and go shopping. This bag can be washed as well.<\/p>\n<p>&nbsp;<\/p>\n<p>&nbsp;<\/p>\n<p><img fetchpriority=\"high\" decoding=\"async\" class=\"aligncenter wp-image-8783\" src=\"https:\/\/www.sellersunionagent.com\/wp-content\/uploads\/2022\/06\/women-shopping-bag-grocery-bag-1.png\" alt=\"Produkcja w Chinach\" width=\"600\" height=\"574\" \/> <img decoding=\"async\" class=\"aligncenter wp-image-8781\" src=\"https:\/\/www.sellersunionagent.com\/wp-content\/uploads\/2022\/06\/women-shopping-bag-grocery-bag-3.jpg\" alt=\"Produkcja w Chinach\" width=\"600\" height=\"600\" \/><img decoding=\"async\" class=\"aligncenter wp-image-8779\" src=\"https:\/\/www.sellersunionagent.com\/wp-content\/uploads\/2022\/06\/women-shopping-bag-grocery-bag-5.jpg\" alt=\"Produkcja w Chinach\" width=\"600\" height=\"600\" \/><img loading=\"lazy\" decoding=\"async\" class=\"aligncenter wp-image-9299\" src=\"https:\/\/www.sellersunionagent.com\/wp-content\/uploads\/2022\/06\/19608204084_944059079-2.jpg\" alt=\"Produkcja w Chinach\" width=\"600\" height=\"600\" \/><\/p>","protected":false},"excerpt":{"rendered":"<p><strong>MOQ<\/strong>:  500 szt.<br \/>\n<strong>Bezp\u0142atna pr\u00f3bka<\/strong>:  Obs\u0142ugiwane<br \/>\n<strong>Personalizacja<\/strong>logo \/ kolor \/ materia\u0142y \/ opakowanie itp.<br \/>\n<strong>Zni\u017cka<\/strong>:  Pierwsze zam\u00f3wienia ju\u017c od 10% taniej.<br \/>\n<strong>Wska\u017anik terminowo\u015bci dostaw<\/strong>:\u00a0 100%<br \/>\n<strong>Przesy\u0142ki og\u00f3\u0142em<\/strong>:  10000 szt.<br \/>\n<strong>Wysy\u0142ka<\/strong>: Fracht morski Fracht l\u0105dowy<\/p>","protected":false},"featured_media":8782,"comment_status":"open","ping_status":"closed","template":"","meta":{"_acf_changed":false},"product_brand":[],"product_cat":[29],"product_tag":[56,93],"class_list":{"0":"post-8336","1":"product","2":"type-product","3":"status-publish","4":"has-post-thumbnail","6":"product_cat-shopping-bag","7":"product_tag-shopping-bag","8":"product_tag-storage","10":"first","11":"instock","12":"shipping-taxable","13":"purchasable","14":"product-type-simple","15":"swiper-slide"},"acf":[],"_links":{"self":[{"href":"https:\/\/www.sellersunionagent.com\/pl\/wp-json\/wp\/v2\/product\/8336","targetHints":{"allow":["GET"]}}],"collection":[{"href":"https:\/\/www.sellersunionagent.com\/pl\/wp-json\/wp\/v2\/product"}],"about":[{"href":"https:\/\/www.sellersunionagent.com\/pl\/wp-json\/wp\/v2\/types\/product"}],"replies":[{"embeddable":true,"href":"https:\/\/www.sellersunionagent.com\/pl\/wp-json\/wp\/v2\/comments?post=8336"}],"wp:featuredmedia":[{"embeddable":true,"href":"https:\/\/www.sellersunionagent.com\/pl\/wp-json\/wp\/v2\/media\/8782"}],"wp:attachment":[{"href":"https:\/\/www.sellersunionagent.com\/pl\/wp-json\/wp\/v2\/media?parent=8336"}],"wp:term":[{"taxonomy":"product_brand","embeddable":true,"href":"https:\/\/www.sellersunionagent.com\/pl\/wp-json\/wp\/v2\/product_brand?post=8336"},{"taxonomy":"product_cat","embeddable":true,"href":"https:\/\/www.sellersunionagent.com\/pl\/wp-json\/wp\/v2\/product_cat?post=8336"},{"taxonomy":"product_tag","embeddable":true,"href":"https:\/\/www.sellersunionagent.com\/pl\/wp-json\/wp\/v2\/product_tag?post=8336"}],"curies":[{"name":"wp","href":"https:\/\/api.w.org\/{rel}","templated":true}]}}