{"id":8327,"date":"2022-06-30T14:44:31","date_gmt":"2022-06-30T06:44:31","guid":{"rendered":"https:\/\/sellersunionagent.com\/?post_type=product&#038;p=8327"},"modified":"2026-01-06T14:29:19","modified_gmt":"2026-01-06T06:29:19","slug":"new-style-shopping-bag-from-china-factory","status":"publish","type":"product","link":"https:\/\/www.sellersunionagent.com\/pl\/new-style-shopping-bag-from-china-factory\/","title":{"rendered":"Torba na zakupy w nowym stylu z chi\u0144skiej fabryki"},"content":{"rendered":"<h2>Torba na zakupy w nowym stylu z chi\u0144skiej fabryki<\/h2>\n<p><strong>Typ:<\/strong> Torba na zakupy<\/p>\n<p><strong>Nr art:<\/strong> YC001<\/p>\n<p><strong>Rozmiar:<\/strong> 46*60*8cm<\/p>\n<p>&nbsp;<\/p>\n<p>&nbsp;<\/p>\n<p>&lt;WASHABLE &amp; REUSABLE&gt; This tote bag can be washed by wash machine and also hand washed. This bag is econ-friendly because it can be reusable instead of plastic bags. Using this bag to protect our environment.<\/p>\n<p>&nbsp;<\/p>\n<p>&nbsp;<\/p>\n<p>&lt;PREMIUM MATERIAL&gt; The Eco tote bag is much thicker material than most canvas tote bags. And this bag has neat over locking and durable handles in suitable size, which is convenient for both hand holding and shoulder toting. It won&#8217;t put extra pressure on your shoulder and won&#8217;t be broken even hold heavy items.<\/p>\n<p>&nbsp;<\/p>\n<p>&nbsp;<\/p>\n<p>&lt;PERFECT SIZE &amp; MULTI-PURPOSE&gt; This product measures 46*60*8 cm, large room for holding commodities and foods as grocery or camping bag, wallet, mobile phones, keys and umbrella as shopping bag, books and other school supplies as book tote bag. And this graphic canvas tote bag is suitable as gift for Mother&#8217;s Day, Teacher&#8217;s Day, birthday party, wedding party, bridesmaid and friends.<\/p>\n<p>&nbsp;<\/p>\n<p>&nbsp;<\/p>\n<p>&nbsp;<\/p>\n<p><img fetchpriority=\"high\" decoding=\"async\" class=\"aligncenter wp-image-8771\" src=\"https:\/\/www.sellersunionagent.com\/wp-content\/uploads\/2022\/06\/new-style-shopping-bag-from-china-factory-6.jpg\" alt=\"z chi\u0144skiej fabryki\" width=\"600\" height=\"600\" \/><img decoding=\"async\" class=\"aligncenter wp-image-8776\" src=\"https:\/\/www.sellersunionagent.com\/wp-content\/uploads\/2022\/06\/new-style-shopping-bag-from-china-factory-1.jpg\" alt=\"z chi\u0144skiej fabryki\" width=\"600\" height=\"600\" \/><img decoding=\"async\" class=\"aligncenter wp-image-9303\" src=\"https:\/\/www.sellersunionagent.com\/wp-content\/uploads\/2022\/06\/10802556354_944059079-1.jpg\" alt=\"z chi\u0144skiej fabryki\" width=\"600\" height=\"600\" \/><img loading=\"lazy\" decoding=\"async\" class=\"aligncenter wp-image-9305\" src=\"https:\/\/www.sellersunionagent.com\/wp-content\/uploads\/2022\/06\/cb104ab20e7a96ed40d5fcd3270b2fc.png\" alt=\"z chi\u0144skiej fabryki\" width=\"600\" height=\"401\" \/><\/p>","protected":false},"excerpt":{"rendered":"<p><strong>MOQ<\/strong>:\u00a0 2000 pieces<br \/>\n<strong>Bezp\u0142atna pr\u00f3bka<\/strong>:  Obs\u0142ugiwane<br \/>\n<strong>Personalizacja<\/strong>logo \/ kolor \/ materia\u0142y \/ opakowanie itp.<br \/>\n<strong>Zni\u017cka<\/strong>:  Pierwsze zam\u00f3wienia ju\u017c od 10% taniej.<br \/>\n<strong>Wska\u017anik terminowo\u015bci dostaw<\/strong>:\u00a0 100%<br \/>\n<strong>Przesy\u0142ki og\u00f3\u0142em<\/strong>:\u00a0 20000 pieces<br \/>\n<strong>Wysy\u0142ka<\/strong>: Fracht morski Fracht l\u0105dowy<\/p>","protected":false},"featured_media":8775,"comment_status":"open","ping_status":"closed","template":"","meta":{"_acf_changed":false},"product_brand":[],"product_cat":[29],"product_tag":[56,93],"class_list":{"0":"post-8327","1":"product","2":"type-product","3":"status-publish","4":"has-post-thumbnail","6":"product_cat-shopping-bag","7":"product_tag-shopping-bag","8":"product_tag-storage","10":"first","11":"instock","12":"shipping-taxable","13":"purchasable","14":"product-type-simple","15":"swiper-slide"},"acf":[],"_links":{"self":[{"href":"https:\/\/www.sellersunionagent.com\/pl\/wp-json\/wp\/v2\/product\/8327","targetHints":{"allow":["GET"]}}],"collection":[{"href":"https:\/\/www.sellersunionagent.com\/pl\/wp-json\/wp\/v2\/product"}],"about":[{"href":"https:\/\/www.sellersunionagent.com\/pl\/wp-json\/wp\/v2\/types\/product"}],"replies":[{"embeddable":true,"href":"https:\/\/www.sellersunionagent.com\/pl\/wp-json\/wp\/v2\/comments?post=8327"}],"wp:featuredmedia":[{"embeddable":true,"href":"https:\/\/www.sellersunionagent.com\/pl\/wp-json\/wp\/v2\/media\/8775"}],"wp:attachment":[{"href":"https:\/\/www.sellersunionagent.com\/pl\/wp-json\/wp\/v2\/media?parent=8327"}],"wp:term":[{"taxonomy":"product_brand","embeddable":true,"href":"https:\/\/www.sellersunionagent.com\/pl\/wp-json\/wp\/v2\/product_brand?post=8327"},{"taxonomy":"product_cat","embeddable":true,"href":"https:\/\/www.sellersunionagent.com\/pl\/wp-json\/wp\/v2\/product_cat?post=8327"},{"taxonomy":"product_tag","embeddable":true,"href":"https:\/\/www.sellersunionagent.com\/pl\/wp-json\/wp\/v2\/product_tag?post=8327"}],"curies":[{"name":"wp","href":"https:\/\/api.w.org\/{rel}","templated":true}]}}