{"id":8293,"date":"2022-06-29T20:24:28","date_gmt":"2022-06-29T12:24:28","guid":{"rendered":"https:\/\/sellersunionagent.com\/?post_type=product&#038;p=8293"},"modified":"2022-07-11T09:45:27","modified_gmt":"2022-07-11T01:45:27","slug":"modna-torba-na-lunch-wyprodukowana-w-chinach","status":"publish","type":"product","link":"https:\/\/www.sellersunionagent.com\/pl\/fashionable-lunch-bag-made-in-china\/","title":{"rendered":"Modna torba na lunch wyprodukowana w Chinach"},"content":{"rendered":"<h2>Modna torba na lunch wyprodukowana w Chinach<\/h2>\n<p>&nbsp;<\/p>\n<p>&nbsp;<\/p>\n<p><span class=\"a-list-item\">Lekki, wy\u015bcie\u0142any uchwyt, ulepszony podw\u00f3jny g\u0142adki zamek b\u0142yskawiczny, \u0142atwy do czyszczenia, wodoodporny, izolowany, ch\u0142odniejszy, wygodny. Jedna przednia kiesze\u0144 organizuje serwetk\u0119 i rzeczy osobiste, takie jak telefon, karta autobusowa, chusteczka itp.<\/span><\/p>\n<p>&nbsp;<\/p>\n<p>&nbsp;<\/p>\n<p>Jest to naprawd\u0119 praktyczny prezent dla dziewcz\u0105t i ch\u0142opc\u00f3w, poniewa\u017c mog\u0105 nosi\u0107 swoje jedzenie w tej torbie. Ciep\u0142a i \u015bwie\u017ca \u017cywno\u015b\u0107 pozwala zachowa\u0107 zdrowy styl \u017cycia.<\/p>\n<p>&nbsp;<\/p>\n<p>&nbsp;<\/p>\n<p>Poszerzony i pogrubiony uchwyt, mi\u0119kki i wygodny, nie dusi d\u0142oni podczas noszenia tej izolowanej torby na lunch. Tylna kiesze\u0144 mo\u017ce pomie\u015bci\u0107 serwetki i telefony kom\u00f3rkowe. Siatkowa kiesze\u0144 wewn\u0105trz klapy mo\u017ce pomie\u015bci\u0107 zastaw\u0119 sto\u0142ow\u0105, przek\u0105ski.<\/p>\n<p>&nbsp;<\/p>\n<p>&nbsp;<\/p>\n<p><img fetchpriority=\"high\" decoding=\"async\" class=\"aligncenter wp-image-8294\" src=\"https:\/\/www.sellersunionagent.com\/wp-content\/uploads\/2022\/06\/fashionable-lunch-bag.jpg\" alt=\"\" width=\"600\" height=\"600\" \/><img decoding=\"async\" class=\"aligncenter wp-image-8837\" src=\"https:\/\/www.sellersunionagent.com\/wp-content\/uploads\/2022\/06\/fashionable-lunch-bag-made-in-china-2.png\" alt=\"Produkcja w Chinach\" width=\"600\" height=\"463\" \/> <img decoding=\"async\" class=\"aligncenter wp-image-8835\" src=\"https:\/\/www.sellersunionagent.com\/wp-content\/uploads\/2022\/06\/fashionable-lunch-bag-made-in-china-4.png\" alt=\"Produkcja w Chinach\" width=\"600\" height=\"444\" \/> <img loading=\"lazy\" decoding=\"async\" class=\"aligncenter wp-image-8839\" src=\"https:\/\/www.sellersunionagent.com\/wp-content\/uploads\/2022\/06\/fashionable-lunch-bag-made-in-china.png\" alt=\"Produkcja w Chinach\" width=\"600\" height=\"472\" \/><\/p>","protected":false},"excerpt":{"rendered":"<p>Typ: Torba na lunch<\/p>\n<p>Nr artyku\u0142u:GN020<\/p>\n<p>Rozmiar i waga: 35 * 13 * 13 CM<\/p>\n<p>OEM\/ODM: zaakceptowane<\/p>","protected":false},"featured_media":8834,"comment_status":"open","ping_status":"closed","template":"","meta":{"_acf_changed":false},"product_brand":[],"product_cat":[28],"product_tag":[41,93],"class_list":{"0":"post-8293","1":"product","2":"type-product","3":"status-publish","4":"has-post-thumbnail","6":"product_cat-lunch-bag","7":"product_tag-lunch-bag","8":"product_tag-storage","10":"first","11":"instock","12":"shipping-taxable","13":"product-type-simple","14":"swiper-slide"},"acf":[],"_links":{"self":[{"href":"https:\/\/www.sellersunionagent.com\/pl\/wp-json\/wp\/v2\/product\/8293","targetHints":{"allow":["GET"]}}],"collection":[{"href":"https:\/\/www.sellersunionagent.com\/pl\/wp-json\/wp\/v2\/product"}],"about":[{"href":"https:\/\/www.sellersunionagent.com\/pl\/wp-json\/wp\/v2\/types\/product"}],"replies":[{"embeddable":true,"href":"https:\/\/www.sellersunionagent.com\/pl\/wp-json\/wp\/v2\/comments?post=8293"}],"wp:featuredmedia":[{"embeddable":true,"href":"https:\/\/www.sellersunionagent.com\/pl\/wp-json\/wp\/v2\/media\/8834"}],"wp:attachment":[{"href":"https:\/\/www.sellersunionagent.com\/pl\/wp-json\/wp\/v2\/media?parent=8293"}],"wp:term":[{"taxonomy":"product_brand","embeddable":true,"href":"https:\/\/www.sellersunionagent.com\/pl\/wp-json\/wp\/v2\/product_brand?post=8293"},{"taxonomy":"product_cat","embeddable":true,"href":"https:\/\/www.sellersunionagent.com\/pl\/wp-json\/wp\/v2\/product_cat?post=8293"},{"taxonomy":"product_tag","embeddable":true,"href":"https:\/\/www.sellersunionagent.com\/pl\/wp-json\/wp\/v2\/product_tag?post=8293"}],"curies":[{"name":"wp","href":"https:\/\/api.w.org\/{rel}","templated":true}]}}