{"id":8285,"date":"2022-06-29T20:18:43","date_gmt":"2022-06-29T12:18:43","guid":{"rendered":"https:\/\/sellersunionagent.com\/?post_type=product&#038;p=8285"},"modified":"2022-07-09T11:17:36","modified_gmt":"2022-07-09T03:17:36","slug":"torba-na-lunch-dla-kobiet-mezczyzn-izolowany-pojemnik-na-lunch-dla-doroslych-torba-wielokrotnego-uzytku-na-lunch-do-pracy-szkoly-lub-podrozy","status":"publish","type":"product","link":"https:\/\/www.sellersunionagent.com\/pl\/lunch-bag-for-women-men-insulated-lunch-box-for-adult-reusable-lunch-tote-bag-for-work-picnic-school-or-travel\/","title":{"rendered":"Torba na lunch dla kobiet i m\u0119\u017cczyzn Izolowany pojemnik na lunch dla doros\u0142ych Torba na lunch wielokrotnego u\u017cytku do pracy, na piknik, do szko\u0142y lub w podr\u00f3\u017cy"},"content":{"rendered":"<h2 id=\"title\" class=\"a-size-large a-spacing-none\"><span id=\"productTitle\" class=\"a-size-large product-title-word-break\">Torba na lunch dla kobiet i m\u0119\u017cczyzn Izolowany pojemnik na lunch dla doros\u0142ych Torba na lunch wielokrotnego u\u017cytku do pracy, na piknik, do szko\u0142y lub w podr\u00f3\u017cy<\/span><\/h2>\n<p>&nbsp;<\/p>\n<p>&nbsp;<\/p>\n<p>Ten pojemnik na lunch mo\u017ce utrzymywa\u0107 \u017cywno\u015b\u0107 zimn\u0105 lub ciep\u0142\u0105 przez ponad 4 godziny, co jest idealne do przenoszenia posi\u0142ku do biura lub na piknik i do szko\u0142y. B\u0119dzie dzia\u0142a\u0107 lepiej, je\u015bli w\u0142o\u017cysz do \u015brodka troch\u0119 lodu.<\/p>\n<p>&nbsp;<\/p>\n<p>&nbsp;<\/p>\n<p>Jest to naprawd\u0119 praktyczny prezent dla dziewcz\u0105t i ch\u0142opc\u00f3w, poniewa\u017c mog\u0105 nosi\u0107 swoje jedzenie w tej torbie. Ciep\u0142a i \u015bwie\u017ca \u017cywno\u015b\u0107 pozwala zachowa\u0107 zdrowy styl \u017cycia.<\/p>\n<p>&nbsp;<\/p>\n<p>&nbsp;<\/p>\n<p>Poszerzony i pogrubiony uchwyt, mi\u0119kki i wygodny, nie dusi d\u0142oni podczas noszenia tej izolowanej torby na lunch. Tylna kiesze\u0144 mo\u017ce pomie\u015bci\u0107 serwetki i telefony kom\u00f3rkowe. Siatkowa kiesze\u0144 wewn\u0105trz klapy mo\u017ce pomie\u015bci\u0107 zastaw\u0119 sto\u0142ow\u0105, przek\u0105ski.<\/p>\n<p>&nbsp;<\/p>\n<p>&nbsp;<\/p>\n<p><img fetchpriority=\"high\" decoding=\"async\" class=\"aligncenter wp-image-8286\" src=\"https:\/\/www.sellersunionagent.com\/wp-content\/uploads\/2022\/06\/lunch-box-meal-bag-3.jpg\" alt=\"\" width=\"600\" height=\"600\" \/> <img decoding=\"async\" class=\"aligncenter wp-image-8292\" src=\"https:\/\/www.sellersunionagent.com\/wp-content\/uploads\/2022\/06\/lunch-box-meal-bag-9.jpg\" alt=\"\" width=\"600\" height=\"600\" \/><img decoding=\"async\" class=\"aligncenter wp-image-8290\" src=\"https:\/\/www.sellersunionagent.com\/wp-content\/uploads\/2022\/06\/lunch-box-meal-bag-7.jpg\" alt=\"Eksporter z Chin\" width=\"600\" height=\"600\" \/><img loading=\"lazy\" decoding=\"async\" class=\"aligncenter wp-image-9071\" src=\"https:\/\/www.sellersunionagent.com\/wp-content\/uploads\/2022\/06\/16305824382_1885106219.jpg\" alt=\"Produkcja w Chinach\" width=\"600\" height=\"600\" \/><img loading=\"lazy\" decoding=\"async\" class=\"aligncenter wp-image-9070\" src=\"https:\/\/www.sellersunionagent.com\/wp-content\/uploads\/2022\/06\/16305806593_1885106219.jpg\" alt=\"Produkcja w Chinach\" width=\"600\" height=\"600\" \/><\/p>","protected":false},"excerpt":{"rendered":"<p>Typ: Torba na lunch<\/p>\n<p>Nr artyku\u0142u:GN019<\/p>\n<p>Rozmiar i waga: 20 * 12,5 * 18 CM<\/p>\n<p>OEM\/ODM: zaakceptowane<\/p>","protected":false},"featured_media":8291,"comment_status":"open","ping_status":"closed","template":"","meta":{"_acf_changed":false},"product_brand":[],"product_cat":[28],"product_tag":[143,93],"class_list":{"0":"post-8285","1":"product","2":"type-product","3":"status-publish","4":"has-post-thumbnail","6":"product_cat-lunch-bag","7":"product_tag-lunch-box","8":"product_tag-storage","10":"first","11":"instock","12":"shipping-taxable","13":"product-type-simple","14":"swiper-slide"},"acf":[],"_links":{"self":[{"href":"https:\/\/www.sellersunionagent.com\/pl\/wp-json\/wp\/v2\/product\/8285","targetHints":{"allow":["GET"]}}],"collection":[{"href":"https:\/\/www.sellersunionagent.com\/pl\/wp-json\/wp\/v2\/product"}],"about":[{"href":"https:\/\/www.sellersunionagent.com\/pl\/wp-json\/wp\/v2\/types\/product"}],"replies":[{"embeddable":true,"href":"https:\/\/www.sellersunionagent.com\/pl\/wp-json\/wp\/v2\/comments?post=8285"}],"wp:featuredmedia":[{"embeddable":true,"href":"https:\/\/www.sellersunionagent.com\/pl\/wp-json\/wp\/v2\/media\/8291"}],"wp:attachment":[{"href":"https:\/\/www.sellersunionagent.com\/pl\/wp-json\/wp\/v2\/media?parent=8285"}],"wp:term":[{"taxonomy":"product_brand","embeddable":true,"href":"https:\/\/www.sellersunionagent.com\/pl\/wp-json\/wp\/v2\/product_brand?post=8285"},{"taxonomy":"product_cat","embeddable":true,"href":"https:\/\/www.sellersunionagent.com\/pl\/wp-json\/wp\/v2\/product_cat?post=8285"},{"taxonomy":"product_tag","embeddable":true,"href":"https:\/\/www.sellersunionagent.com\/pl\/wp-json\/wp\/v2\/product_tag?post=8285"}],"curies":[{"name":"wp","href":"https:\/\/api.w.org\/{rel}","templated":true}]}}