{"id":8281,"date":"2022-06-29T20:10:55","date_gmt":"2022-06-29T12:10:55","guid":{"rendered":"https:\/\/sellersunionagent.com\/?post_type=product&#038;p=8281"},"modified":"2026-01-06T14:29:19","modified_gmt":"2026-01-06T06:29:19","slug":"torba-na-lunch-lunch-box-torba-na-posilek-dla-kobiet-izolowana-na-zewnatrz","status":"publish","type":"product","link":"https:\/\/www.sellersunionagent.com\/pl\/lunch-bag-lunch-box-meal-bag-for-women-insulated-outdoors\/","title":{"rendered":"Torba na lunch dla kobiet izolowana na zewn\u0105trz"},"content":{"rendered":"<h2 id=\"title\" class=\"a-size-large a-spacing-none\"><span id=\"productTitle\" class=\"a-size-large product-title-word-break\">Torba na lunch Lunch Box Torba na posi\u0142ek dla kobiet izolowana na zewn\u0105trz<\/span><\/h2>\n<p>&nbsp;<\/p>\n<p>&nbsp;<\/p>\n<p>Ten pojemnik na lunch mo\u017ce utrzymywa\u0107 \u017cywno\u015b\u0107 zimn\u0105 lub ciep\u0142\u0105 przez ponad 4 godziny, co jest idealne do przenoszenia posi\u0142ku do biura lub na piknik i do szko\u0142y. B\u0119dzie dzia\u0142a\u0107 lepiej, je\u015bli w\u0142o\u017cysz do \u015brodka troch\u0119 lodu.<\/p>\n<p>&nbsp;<\/p>\n<p>&nbsp;<\/p>\n<p>Jest to naprawd\u0119 praktyczny prezent dla dziewcz\u0105t i ch\u0142opc\u00f3w, poniewa\u017c mog\u0105 nosi\u0107 swoje jedzenie w tej torbie. Ciep\u0142a i \u015bwie\u017ca \u017cywno\u015b\u0107 pozwala zachowa\u0107 zdrowy styl \u017cycia.<\/p>\n<p>&nbsp;<\/p>\n<p>&nbsp;<\/p>\n<p>Poszerzony i pogrubiony uchwyt, mi\u0119kki i wygodny, nie dusi d\u0142oni podczas noszenia tej izolowanej torby na lunch. Tylna kiesze\u0144 mo\u017ce pomie\u015bci\u0107 serwetki i telefony kom\u00f3rkowe. Siatkowa kiesze\u0144 wewn\u0105trz klapy mo\u017ce pomie\u015bci\u0107 zastaw\u0119 sto\u0142ow\u0105, przek\u0105ski<\/p>\n<p>&nbsp;<\/p>\n<p>&nbsp;<\/p>\n<p>Typ: Torba na lunch<\/p>\n<p>Nr artyku\u0142u:GN013<\/p>\n<p>Rozmiar i waga: 50 g<\/p>\n<p>OEM\/ODM: zaakceptowane<\/p>\n<p><img fetchpriority=\"high\" decoding=\"async\" class=\"aligncenter wp-image-8282\" src=\"https:\/\/www.sellersunionagent.com\/wp-content\/uploads\/2022\/06\/lunch-box-meal-bag.jpg\" alt=\"\" width=\"600\" height=\"473\" \/><img decoding=\"async\" class=\"aligncenter wp-image-8829\" src=\"https:\/\/www.sellersunionagent.com\/wp-content\/uploads\/2022\/06\/lunch-box-meal-bag-2.png\" alt=\"Produkcja w Chinach\" width=\"600\" height=\"399\" \/> <img decoding=\"async\" class=\"aligncenter wp-image-8828\" src=\"https:\/\/www.sellersunionagent.com\/wp-content\/uploads\/2022\/06\/lunch-box-meal-bag-3.png\" alt=\"Produkcja w Chinach\" width=\"600\" height=\"400\" \/> <img loading=\"lazy\" decoding=\"async\" class=\"aligncenter wp-image-8827\" src=\"https:\/\/www.sellersunionagent.com\/wp-content\/uploads\/2022\/06\/lunch-box-meal-bag-4.png\" alt=\"Produkcja w Chinach\" width=\"600\" height=\"416\" \/><\/p>","protected":false},"excerpt":{"rendered":"<p><strong>MOQ<\/strong>: 500 lub Elastyczny<\/p>\n<p><strong>Bezp\u0142atna pr\u00f3bka<\/strong>: Obs\u0142ugiwane<\/p>\n<p><strong>Personalizacja<\/strong>logo\/kolor\/materia\u0142y\/opakowanie<\/p>\n<p><strong>Zni\u017cka<\/strong>: 10% zni\u017cki na pierwsze zam\u00f3wienie<\/p>\n<p><strong>Wska\u017anik terminowo\u015bci dostaw<\/strong>: 100%<\/p>\n<p><strong>Przesy\u0142ki og\u00f3\u0142em<\/strong>: 106876 PCS<\/p>\n<p><strong>Wysy\u0142ka<\/strong>: Obs\u0142uga przesy\u0142ek ekspresowych\/frachtu morskiego\/frachtu l\u0105dowego<\/p>\n<p>&nbsp;<\/p>","protected":false},"featured_media":9073,"comment_status":"open","ping_status":"closed","template":"","meta":{"_acf_changed":false},"product_brand":[],"product_cat":[28],"product_tag":[143,93],"class_list":{"0":"post-8281","1":"product","2":"type-product","3":"status-publish","4":"has-post-thumbnail","6":"product_cat-lunch-bag","7":"product_tag-lunch-box","8":"product_tag-storage","10":"first","11":"instock","12":"shipping-taxable","13":"purchasable","14":"product-type-simple","15":"swiper-slide"},"acf":[],"_links":{"self":[{"href":"https:\/\/www.sellersunionagent.com\/pl\/wp-json\/wp\/v2\/product\/8281","targetHints":{"allow":["GET"]}}],"collection":[{"href":"https:\/\/www.sellersunionagent.com\/pl\/wp-json\/wp\/v2\/product"}],"about":[{"href":"https:\/\/www.sellersunionagent.com\/pl\/wp-json\/wp\/v2\/types\/product"}],"replies":[{"embeddable":true,"href":"https:\/\/www.sellersunionagent.com\/pl\/wp-json\/wp\/v2\/comments?post=8281"}],"wp:featuredmedia":[{"embeddable":true,"href":"https:\/\/www.sellersunionagent.com\/pl\/wp-json\/wp\/v2\/media\/9073"}],"wp:attachment":[{"href":"https:\/\/www.sellersunionagent.com\/pl\/wp-json\/wp\/v2\/media?parent=8281"}],"wp:term":[{"taxonomy":"product_brand","embeddable":true,"href":"https:\/\/www.sellersunionagent.com\/pl\/wp-json\/wp\/v2\/product_brand?post=8281"},{"taxonomy":"product_cat","embeddable":true,"href":"https:\/\/www.sellersunionagent.com\/pl\/wp-json\/wp\/v2\/product_cat?post=8281"},{"taxonomy":"product_tag","embeddable":true,"href":"https:\/\/www.sellersunionagent.com\/pl\/wp-json\/wp\/v2\/product_tag?post=8281"}],"curies":[{"name":"wp","href":"https:\/\/api.w.org\/{rel}","templated":true}]}}