{"id":8272,"date":"2022-06-29T20:07:10","date_gmt":"2022-06-29T12:07:10","guid":{"rendered":"https:\/\/sellersunionagent.com\/?post_type=product&#038;p=8272"},"modified":"2022-07-09T14:16:06","modified_gmt":"2022-07-09T06:16:06","slug":"nowa-izolowana-torba-na-lunch-dla-kobiet-i-mezczyzn","status":"publish","type":"product","link":"https:\/\/www.sellersunionagent.com\/pl\/new-arrival-lunch-box-insulated-lunch-bag-for-women-and-man\/","title":{"rendered":"New Arrival Lunch Box Izolowana torba na lunch dla kobiet i m\u0119\u017cczyzn"},"content":{"rendered":"<h2>New Arrival Lunch Box Izolowana torba na lunch dla kobiet i m\u0119\u017cczyzn<\/h2>\n<p>&nbsp;<\/p>\n<p>&nbsp;<\/p>\n<p>Ten pojemnik na lunch mo\u017ce utrzymywa\u0107 \u017cywno\u015b\u0107 zimn\u0105 lub ciep\u0142\u0105 przez ponad 4 godziny, co jest idealne do przenoszenia posi\u0142ku do biura lub na piknik i do szko\u0142y. B\u0119dzie dzia\u0142a\u0107 lepiej, je\u015bli w\u0142o\u017cysz do \u015brodka troch\u0119 lodu.<\/p>\n<p>&nbsp;<\/p>\n<p>&nbsp;<\/p>\n<p>Jest to naprawd\u0119 praktyczny prezent dla dziewcz\u0105t i ch\u0142opc\u00f3w, poniewa\u017c mog\u0105 nosi\u0107 swoje jedzenie w tej torbie. Ciep\u0142a i \u015bwie\u017ca \u017cywno\u015b\u0107 pozwala zachowa\u0107 zdrowy styl \u017cycia.<\/p>\n<p>&nbsp;<\/p>\n<p>&nbsp;<\/p>\n<p>Poszerzony i pogrubiony uchwyt, mi\u0119kki i wygodny, nie dusi d\u0142oni podczas noszenia tej izolowanej torby na lunch. Tylna kiesze\u0144 mo\u017ce pomie\u015bci\u0107 serwetki i telefony kom\u00f3rkowe. Siatkowa kiesze\u0144 wewn\u0105trz klapy mo\u017ce pomie\u015bci\u0107 zastaw\u0119 sto\u0142ow\u0105, przek\u0105ski.<\/p>\n<p>&nbsp;<\/p>\n<p>&nbsp;<\/p>\n<p><img fetchpriority=\"high\" decoding=\"async\" class=\"aligncenter wp-image-8275\" src=\"https:\/\/www.sellersunionagent.com\/wp-content\/uploads\/2022\/06\/lunch-box-insulated-lunch-bag-2.jpg\" alt=\"\" width=\"600\" height=\"600\" \/><img decoding=\"async\" class=\"aligncenter wp-image-8823\" src=\"https:\/\/www.sellersunionagent.com\/wp-content\/uploads\/2022\/06\/new-arrival-lunch-box-insulated-lunch-bag-2.jpg\" alt=\"\" width=\"600\" height=\"600\" \/> <img decoding=\"async\" class=\"aligncenter wp-image-8824\" src=\"https:\/\/www.sellersunionagent.com\/wp-content\/uploads\/2022\/06\/new-arrival-lunch-box-insulated-lunch-bag-1.jpg\" alt=\"Produkcja w Chinach\" width=\"600\" height=\"600\" \/> <img loading=\"lazy\" decoding=\"async\" class=\"aligncenter wp-image-8825\" src=\"https:\/\/www.sellersunionagent.com\/wp-content\/uploads\/2022\/06\/new-arrival-lunch-box-insulated-lunch-bag.jpg\" alt=\"Produkcja w Chinach\" width=\"600\" height=\"600\" \/><\/p>","protected":false},"excerpt":{"rendered":"<p>Typ: Torba na lunch<\/p>\n<p>Nr artyku\u0142u:GN008<\/p>\n<p>Rozmiar i waga: 22 * 18,5 * 13 cm<\/p>\n<p>OEM\/ODM: zaakceptowane<\/p>","protected":false},"featured_media":8820,"comment_status":"open","ping_status":"closed","template":"","meta":{"_acf_changed":false},"product_brand":[],"product_cat":[28],"product_tag":[41,90],"class_list":{"0":"post-8272","1":"product","2":"type-product","3":"status-publish","4":"has-post-thumbnail","6":"product_cat-lunch-bag","7":"product_tag-lunch-bag","8":"product_tag-storage-bag","10":"first","11":"instock","12":"shipping-taxable","13":"product-type-simple","14":"swiper-slide"},"acf":[],"_links":{"self":[{"href":"https:\/\/www.sellersunionagent.com\/pl\/wp-json\/wp\/v2\/product\/8272","targetHints":{"allow":["GET"]}}],"collection":[{"href":"https:\/\/www.sellersunionagent.com\/pl\/wp-json\/wp\/v2\/product"}],"about":[{"href":"https:\/\/www.sellersunionagent.com\/pl\/wp-json\/wp\/v2\/types\/product"}],"replies":[{"embeddable":true,"href":"https:\/\/www.sellersunionagent.com\/pl\/wp-json\/wp\/v2\/comments?post=8272"}],"wp:featuredmedia":[{"embeddable":true,"href":"https:\/\/www.sellersunionagent.com\/pl\/wp-json\/wp\/v2\/media\/8820"}],"wp:attachment":[{"href":"https:\/\/www.sellersunionagent.com\/pl\/wp-json\/wp\/v2\/media?parent=8272"}],"wp:term":[{"taxonomy":"product_brand","embeddable":true,"href":"https:\/\/www.sellersunionagent.com\/pl\/wp-json\/wp\/v2\/product_brand?post=8272"},{"taxonomy":"product_cat","embeddable":true,"href":"https:\/\/www.sellersunionagent.com\/pl\/wp-json\/wp\/v2\/product_cat?post=8272"},{"taxonomy":"product_tag","embeddable":true,"href":"https:\/\/www.sellersunionagent.com\/pl\/wp-json\/wp\/v2\/product_tag?post=8272"}],"curies":[{"name":"wp","href":"https:\/\/api.w.org\/{rel}","templated":true}]}}