{"id":8257,"date":"2022-06-29T19:16:35","date_gmt":"2022-06-29T11:16:35","guid":{"rendered":"https:\/\/sellersunionagent.com\/?post_type=product&#038;p=8257"},"modified":"2022-07-11T15:51:18","modified_gmt":"2022-07-11T07:51:18","slug":"hurtowa-torba-na-zakupy-zmywalne-trwale-kompaktowe-torby-na-artykuly-spozywcze","status":"publish","type":"product","link":"https:\/\/www.sellersunionagent.com\/pl\/wholesale-shopping-bag-washable-durable-compact-bags-for-groceries\/","title":{"rendered":"Hurtownia toreb na zakupy Zmywalne, trwa\u0142e, kompaktowe torby na artyku\u0142y spo\u017cywcze"},"content":{"rendered":"<h2 id=\"title\" class=\"a-size-large a-spacing-none\"><span id=\"productTitle\" class=\"a-size-large product-title-word-break\">Torby na zakupy wielokrotnego u\u017cytku Sk\u0142adane torby spo\u017cywcze z zamkiem b\u0142yskawicznym, urocze torby na zakupy Zmywalne, trwa\u0142e, kompaktowe torby na artyku\u0142y spo\u017cywcze<\/span><\/h2>\n<p>&nbsp;<\/p>\n<p>&nbsp;<\/p>\n<ul>\n<li>\u0141ATWE DO Z\u0141O\u017bENIA I PRZECHOWYWANIA: Nasze nadaj\u0105ce si\u0119 do prania torby na zakupy wielokrotnego u\u017cytku mo\u017cna \u0142atwo zwin\u0105\u0107 w niewielk\u0105 rolk\u0119, kt\u00f3ra zajmuje niewiele miejsca i z \u0142atwo\u015bci\u0105 zmie\u015bci si\u0119 w plecaku, torebce, kieszeni p\u0142aszcza lub schowku samochodowym. Wystarczy w\u0142o\u017cy\u0107 je z powrotem do oddzielnego pokrowca zapinanego na zamek b\u0142yskawiczny, aby zawsze mie\u0107 przy sobie torby na zakupy wielokrotnego u\u017cytku na nieplanowane wycieczki.<\/li>\n<\/ul>\n<p>&nbsp;<\/p>\n<p>&nbsp;<\/p>\n<ul>\n<li>MO\u017bLIWO\u015a\u0106 PRANIA W PRALCE: Nie musisz si\u0119 martwi\u0107, \u017ce torby wielokrotnego u\u017cytku stan\u0105 si\u0119 niehigieniczne, poniewa\u017c mo\u017cna je pra\u0107 w pralce i szybko schn\u0105. Wrzu\u0107 je bezpo\u015brednio do pralki, aby zaoszcz\u0119dzi\u0107 czas!<\/li>\n<\/ul>\n<p>&nbsp;<\/p>\n<p>&nbsp;<\/p>\n<ul>\n<li>WIELOKROTNEGO U\u017bYTKU: U\u017cywaj\u0105c toreb wielokrotnego u\u017cytku mo\u017cesz zmniejszy\u0107 sw\u00f3j wp\u0142yw na \u015brodowisko.<\/li>\n<\/ul>\n<p><img fetchpriority=\"high\" decoding=\"async\" class=\"aligncenter wp-image-9306\" src=\"https:\/\/www.sellersunionagent.com\/wp-content\/uploads\/2022\/06\/3380097852_1885106219-1.jpg\" alt=\"Sprzeda\u017c hurtowa \" width=\"600\" height=\"600\" \/><img decoding=\"async\" class=\"aligncenter wp-image-9311\" src=\"https:\/\/www.sellersunionagent.com\/wp-content\/uploads\/2022\/06\/859176a2a65059a13691539598867a4.png\" alt=\"Sprzeda\u017c hurtowa\" width=\"600\" height=\"387\" \/><\/p>\n<p><img decoding=\"async\" class=\"aligncenter wp-image-8261\" src=\"https:\/\/www.sellersunionagent.com\/wp-content\/uploads\/2022\/06\/washable-durable-compact-bags-3.jpg\" alt=\"\" width=\"600\" height=\"600\" \/> \u00a0<img loading=\"lazy\" decoding=\"async\" class=\"aligncenter wp-image-9322\" src=\"https:\/\/www.sellersunionagent.com\/wp-content\/uploads\/2022\/06\/b86777b20c38a7712bdfd4024f756a6.png\" alt=\"Sprzeda\u017c hurtowa\" width=\"600\" height=\"566\" \/> <img loading=\"lazy\" decoding=\"async\" class=\"aligncenter wp-image-9321\" src=\"https:\/\/www.sellersunionagent.com\/wp-content\/uploads\/2022\/06\/96e29b0c22bf7b01197f90392d57de2.png\" alt=\"Sprzeda\u017c hurtowa\" width=\"600\" height=\"629\" \/> <img loading=\"lazy\" decoding=\"async\" class=\"aligncenter wp-image-9319\" src=\"https:\/\/www.sellersunionagent.com\/wp-content\/uploads\/2022\/06\/f8600f26e8b6d8ecd5a70b0f9b59890.png\" alt=\"Sprzeda\u017c hurtowa\" width=\"600\" height=\"393\" \/> <img loading=\"lazy\" decoding=\"async\" class=\"aligncenter wp-image-9318\" src=\"https:\/\/www.sellersunionagent.com\/wp-content\/uploads\/2022\/06\/edebffe65538522a39545c361479031.png\" alt=\"Sprzeda\u017c hurtowa\" width=\"600\" height=\"496\" \/> <img loading=\"lazy\" decoding=\"async\" class=\"aligncenter wp-image-9315\" src=\"https:\/\/www.sellersunionagent.com\/wp-content\/uploads\/2022\/06\/501b604e43eb4210560872fa4e246c2.png\" alt=\"Sprzeda\u017c hurtowa\" width=\"600\" height=\"482\" \/> <img loading=\"lazy\" decoding=\"async\" class=\"aligncenter wp-image-9317\" src=\"https:\/\/www.sellersunionagent.com\/wp-content\/uploads\/2022\/06\/0a7d84e5dc9be4759eb49a14d330ddf.png\" alt=\"Sprzeda\u017c hurtowa\" width=\"600\" height=\"455\" \/> \u00a0<img loading=\"lazy\" decoding=\"async\" class=\"aligncenter wp-image-9310\" src=\"https:\/\/www.sellersunionagent.com\/wp-content\/uploads\/2022\/06\/a6ff0aef15858abc390ab931a244980.jpg\" alt=\"Sprzeda\u017c hurtowa\" width=\"600\" height=\"535\" \/> <img loading=\"lazy\" decoding=\"async\" class=\"aligncenter wp-image-9309\" src=\"https:\/\/www.sellersunionagent.com\/wp-content\/uploads\/2022\/06\/937bc26931b3dc4f38b440907239c59.png\" alt=\"Sprzeda\u017c hurtowa\" width=\"600\" height=\"458\" \/> <img loading=\"lazy\" decoding=\"async\" class=\"aligncenter wp-image-9308\" src=\"https:\/\/www.sellersunionagent.com\/wp-content\/uploads\/2022\/06\/e7ef353a524bbc54972c9460572a44e.png\" alt=\"Sprzeda\u017c hurtowa\" width=\"600\" height=\"474\" \/><img loading=\"lazy\" decoding=\"async\" class=\"aligncenter wp-image-9316\" src=\"https:\/\/www.sellersunionagent.com\/wp-content\/uploads\/2022\/06\/1497a4f51e349c1c52ac961031c7e92.png\" alt=\"Sprzeda\u017c hurtowa\" width=\"600\" height=\"512\" \/><img loading=\"lazy\" decoding=\"async\" class=\"aligncenter wp-image-9323\" src=\"https:\/\/www.sellersunionagent.com\/wp-content\/uploads\/2022\/06\/8db61e90589773c665a1c470153d553.png\" alt=\"Sprzeda\u017c hurtowa\" width=\"600\" height=\"614\" \/><\/p>","protected":false},"excerpt":{"rendered":"<p><strong>Typ<\/strong>: Torba na zakupy<\/p>\n<p><strong>Numer pozycji:<\/strong> GN005<\/p>\n<p><strong>Rozmiar elementu<\/strong>28*26*5.5CM<\/p>\n<p><strong>Materia\u0142:<\/strong> PVC<\/p>","protected":false},"featured_media":8260,"comment_status":"open","ping_status":"closed","template":"","meta":{"_acf_changed":false},"product_brand":[],"product_cat":[29],"product_tag":[53,56,91],"class_list":{"0":"post-8257","1":"product","2":"type-product","3":"status-publish","4":"has-post-thumbnail","6":"product_cat-shopping-bag","7":"product_tag-professional-supplier","8":"product_tag-shopping-bag","9":"product_tag-wholesaler","11":"first","12":"instock","13":"shipping-taxable","14":"product-type-simple","15":"swiper-slide"},"acf":[],"_links":{"self":[{"href":"https:\/\/www.sellersunionagent.com\/pl\/wp-json\/wp\/v2\/product\/8257","targetHints":{"allow":["GET"]}}],"collection":[{"href":"https:\/\/www.sellersunionagent.com\/pl\/wp-json\/wp\/v2\/product"}],"about":[{"href":"https:\/\/www.sellersunionagent.com\/pl\/wp-json\/wp\/v2\/types\/product"}],"replies":[{"embeddable":true,"href":"https:\/\/www.sellersunionagent.com\/pl\/wp-json\/wp\/v2\/comments?post=8257"}],"wp:featuredmedia":[{"embeddable":true,"href":"https:\/\/www.sellersunionagent.com\/pl\/wp-json\/wp\/v2\/media\/8260"}],"wp:attachment":[{"href":"https:\/\/www.sellersunionagent.com\/pl\/wp-json\/wp\/v2\/media?parent=8257"}],"wp:term":[{"taxonomy":"product_brand","embeddable":true,"href":"https:\/\/www.sellersunionagent.com\/pl\/wp-json\/wp\/v2\/product_brand?post=8257"},{"taxonomy":"product_cat","embeddable":true,"href":"https:\/\/www.sellersunionagent.com\/pl\/wp-json\/wp\/v2\/product_cat?post=8257"},{"taxonomy":"product_tag","embeddable":true,"href":"https:\/\/www.sellersunionagent.com\/pl\/wp-json\/wp\/v2\/product_tag?post=8257"}],"curies":[{"name":"wp","href":"https:\/\/api.w.org\/{rel}","templated":true}]}}