{"id":8224,"date":"2022-06-29T18:58:18","date_gmt":"2022-06-29T10:58:18","guid":{"rendered":"https:\/\/sellersunionagent.com\/?post_type=product&#038;p=8224"},"modified":"2022-08-31T14:10:08","modified_gmt":"2022-08-31T06:10:08","slug":"ulepszona-wersja-lekkich-odpornych-na-kurz-toreb-do-przechowywania-w-domu","status":"publish","type":"product","link":"https:\/\/www.sellersunionagent.com\/pl\/upgraded-version-home-storage-lightweight-suit-bags-dust-proof\/","title":{"rendered":"Ulepszona wersja do przechowywania w domu Lekkie torby na garnitury Odporne na kurz"},"content":{"rendered":"<h2>Wisz\u0105ca torba na ubrania, lekka, odporna na kurz torba na garnitur z wytrzyma\u0142ym zamkiem b\u0142yskawicznym do przechowywania w szafie i podr\u00f3\u017cy<\/h2>\n<p><strong>Typ<\/strong>Home Storage<\/p>\n<p><strong>Numer pozycji:<\/strong>GN007<\/p>\n<p><strong>Materia\u0142:<\/strong>PEVA<\/p>\n<p>&nbsp;<\/p>\n<p>&nbsp;<\/p>\n<ul>\n<li>\u3010Oddychaj\u0105ca torba na ubrania\u3011 Ulepszona wersja wisz\u0105cej torby na garnitur \/ odzie\u017c wykonana jest z mi\u0119kkiego materia\u0142u PEVA, bez zaczep\u00f3w i na ca\u0142ej d\u0142ugo\u015bci wytrzyma\u0142ego zamka b\u0142yskawicznego.<\/li>\n<\/ul>\n<p>&nbsp;<\/p>\n<p>&nbsp;<\/p>\n<ul>\n<li>\u3010Widoczne i wielokrotnego u\u017cytku\u3011 Przezroczysta, oddychaj\u0105ca torba na garnitur eliminuje konieczno\u015b\u0107 zgadywania, co znajduje si\u0119 w \u015brodku! Pokrowiec na garnitur mo\u017cna r\u00f3wnie\u017c pra\u0107, dzi\u0119ki czemu mo\u017cna go ponownie u\u017cy\u0107 i wytrzyma d\u0142u\u017cej ni\u017c worki do czyszczenia na sucho.<\/li>\n<\/ul>\n<p>&nbsp;<\/p>\n<p>&nbsp;<\/p>\n<ul>\n<li>\u3010 Dom i podr\u00f3\u017ce\u3011 Dzi\u0119ki tej torbie na garnitur ka\u017cdy garnitur lub sukienka mo\u017ce mie\u0107 w\u0142asn\u0105 os\u0142on\u0119 i miejsce do oddychania. Przezroczyst\u0105 torb\u0119 na ubrania mo\u017cna \u0142atwo z\u0142o\u017cy\u0107 do niewielkich rozmiar\u00f3w, bardzo \u0142atwo przechowywa\u0107, gdy ich nie u\u017cywasz, oszcz\u0119dzaj\u0105c du\u017co miejsca.<\/li>\n<\/ul>\n<p>&nbsp;<\/p>\n<p>&nbsp;<\/p>\n<ul>\n<li>\u3010Wszechstronno\u015b\u0107\u3011 Idealna d\u0142ugo\u015b\u0107 do garnitur\u00f3w, koszul, sukienek, swetr\u00f3w, kurtek, spodni, top\u00f3w, p\u0142aszczy sportowych, p\u0142aszczy zimowych itp. Organizer do szafy oszcz\u0119dza miejsce, utrzymuje porz\u0105dek w szafie i organizuje j\u0105 wed\u0142ug kolor\u00f3w. Nigdy wi\u0119cej nie zostawiaj swojego ulubionego garnituru lub sukienki.<\/li>\n<\/ul>\n<p><img fetchpriority=\"high\" decoding=\"async\" class=\"aligncenter wp-image-8228\" src=\"https:\/\/www.sellersunionagent.com\/wp-content\/uploads\/2022\/06\/upgraded-version-home-storage-3.png\" alt=\"\" width=\"600\" height=\"581\" \/><img decoding=\"async\" class=\"aligncenter wp-image-8844\" src=\"https:\/\/www.sellersunionagent.com\/wp-content\/uploads\/2022\/06\/wholesale-home-storage-1.png\" alt=\"Produkcja w Chinach\" width=\"600\" height=\"392\" \/> <img decoding=\"async\" class=\"aligncenter wp-image-8845\" src=\"https:\/\/www.sellersunionagent.com\/wp-content\/uploads\/2022\/06\/wholesale-home-storage.png\" alt=\"Produkcja w Chinach\" width=\"600\" height=\"304\" \/><img loading=\"lazy\" decoding=\"async\" class=\"aligncenter wp-image-9134\" src=\"https:\/\/www.sellersunionagent.com\/wp-content\/uploads\/2022\/06\/\u6b63\u65b9\u5f62-4.jpg\" alt=\"OEM\/ODM\" width=\"600\" height=\"602\" \/> <img loading=\"lazy\" decoding=\"async\" class=\"aligncenter wp-image-9133\" src=\"https:\/\/www.sellersunionagent.com\/wp-content\/uploads\/2022\/06\/\u6b63\u65b9\u5f62-3-1.png\" alt=\"OEM\/ODM\" width=\"600\" height=\"600\" \/> <img loading=\"lazy\" decoding=\"async\" class=\"aligncenter wp-image-9132\" src=\"https:\/\/www.sellersunionagent.com\/wp-content\/uploads\/2022\/06\/\u6b63\u65b9\u5f62-2.jpg\" alt=\"OEM\/ODM\" width=\"600\" height=\"600\" \/><\/p>","protected":false},"excerpt":{"rendered":"<p><strong>MOQ: <\/strong>100 (elastyczny)<br \/>\n<strong>Bezp\u0142atna pr\u00f3bka:<\/strong> Obs\u0142ugiwane<br \/>\n<strong>Personalizacja:<\/strong> logo \/ kolor \/ materia\u0142y \/ opakowanie itp.<br \/>\n<strong>Zni\u017cka:<\/strong> Pierwsze zam\u00f3wienia ju\u017c od 10% taniej.<br \/>\n<strong>Terminowo\u015b\u0107 dostaw:<\/strong> 100%<br \/>\n<strong>\u0141\u0105czna liczba przesy\u0142ek:<\/strong> 100000 SZTUK<br \/>\n<strong>Wysy\u0142ka:<\/strong> Wsparcie dla transportu ekspresowego - fracht morski - fracht l\u0105dowy<\/p>","protected":false},"featured_media":9135,"comment_status":"open","ping_status":"closed","template":"","meta":{"_acf_changed":false},"product_brand":[],"product_cat":[31,187],"product_tag":[174,73,94],"class_list":{"0":"post-8224","1":"product","2":"type-product","3":"status-publish","4":"has-post-thumbnail","6":"product_cat-home-storage","7":"product_cat-bedroom","8":"product_tag-home-storage-hot","9":"product_tag-home-storagewholesaledurable","10":"product_tag-organizer","12":"first","13":"instock","14":"shipping-taxable","15":"product-type-simple","16":"swiper-slide"},"acf":[],"_links":{"self":[{"href":"https:\/\/www.sellersunionagent.com\/pl\/wp-json\/wp\/v2\/product\/8224","targetHints":{"allow":["GET"]}}],"collection":[{"href":"https:\/\/www.sellersunionagent.com\/pl\/wp-json\/wp\/v2\/product"}],"about":[{"href":"https:\/\/www.sellersunionagent.com\/pl\/wp-json\/wp\/v2\/types\/product"}],"replies":[{"embeddable":true,"href":"https:\/\/www.sellersunionagent.com\/pl\/wp-json\/wp\/v2\/comments?post=8224"}],"wp:featuredmedia":[{"embeddable":true,"href":"https:\/\/www.sellersunionagent.com\/pl\/wp-json\/wp\/v2\/media\/9135"}],"wp:attachment":[{"href":"https:\/\/www.sellersunionagent.com\/pl\/wp-json\/wp\/v2\/media?parent=8224"}],"wp:term":[{"taxonomy":"product_brand","embeddable":true,"href":"https:\/\/www.sellersunionagent.com\/pl\/wp-json\/wp\/v2\/product_brand?post=8224"},{"taxonomy":"product_cat","embeddable":true,"href":"https:\/\/www.sellersunionagent.com\/pl\/wp-json\/wp\/v2\/product_cat?post=8224"},{"taxonomy":"product_tag","embeddable":true,"href":"https:\/\/www.sellersunionagent.com\/pl\/wp-json\/wp\/v2\/product_tag?post=8224"}],"curies":[{"name":"wp","href":"https:\/\/api.w.org\/{rel}","templated":true}]}}