{"id":8222,"date":"2022-06-29T19:05:52","date_gmt":"2022-06-29T11:05:52","guid":{"rendered":"https:\/\/sellersunionagent.com\/?post_type=product&#038;p=8222"},"modified":"2026-01-06T14:29:21","modified_gmt":"2026-01-06T06:29:21","slug":"chinska-hurtowa-przenosna-kosmetyczka-podrozna","status":"publish","type":"product","link":"https:\/\/www.sellersunionagent.com\/pl\/china-wholesale-portable-toiletry-travel-washing-bag\/","title":{"rendered":"Chiny Hurtowa przeno\u015bna kosmetyczka podr\u00f3\u017cna do prania"},"content":{"rendered":"<h2>Chiny Hurtowa przeno\u015bna kosmetyczka podr\u00f3\u017cna do prania<\/h2>\n<div class=\"elementor-element elementor-element-42815df elementor-widget elementor-widget-heading\" data-id=\"42815df\" data-element_type=\"widget\" data-widget_type=\"heading.default\">\n<div class=\"elementor-widget-container\">\n<p class=\"elementor-heading-title elementor-size-default\"><strong>Typ<\/strong>: Torba do prania<\/p>\n<\/div>\n<\/div>\n<div class=\"elementor-element elementor-element-c17fac7 elementor-widget elementor-widget-woocommerce-product-short-description\" data-id=\"c17fac7\" data-element_type=\"widget\" data-widget_type=\"woocommerce-product-short-description.default\">\n<div class=\"elementor-widget-container\">\n<div class=\"woocommerce-product-details__short-description\">\n<p><strong>Numer pozycji:<\/strong> GN001<\/p>\n<p><strong>Rozmiar elementu<\/strong>: 47*23,5*7,5cm<\/p>\n<p><strong>Kolory<\/strong>: Bia\u0142y\/szary\/r\u00f3\u017cowy<\/p>\n<p><strong>Materia\u0142: <\/strong>Tkanina Oxford<\/p>\n<p>&nbsp;<\/p>\n<\/div>\n<\/div>\n<p>&nbsp;<\/p>\n<\/div>\n<ul>\n<li>Du\u017ca pojemno\u015b\u0107<\/li>\n<li>Pot\u0119\u017cna funkcja, przechowywanie partycji<\/li>\n<li>G\u0142adki i trwa\u0142y podw\u00f3jny zamek b\u0142yskawiczny<\/li>\n<li>Znakomity nadruk<\/li>\n<li>Staranne szwy, mocne i trwa\u0142e<\/li>\n<li>Wybrana tkanina z wodoodporn\u0105 pow\u0142ok\u0105, nie\u0142atwa do odkszta\u0142cenia<\/li>\n<li>Przeno\u015bna konstrukcja, \u0142atwa do przenoszenia<\/li>\n<li><img fetchpriority=\"high\" decoding=\"async\" class=\"aligncenter wp-image-8234\" src=\"https:\/\/www.sellersunionagent.com\/wp-content\/uploads\/2022\/06\/china-wholesale-portable-toiletry-travel-washing-bag-5.png\" alt=\"Sprzeda\u017c hurtowa w Chinach \" width=\"600\" height=\"600\" \/><img decoding=\"async\" class=\"aligncenter wp-image-8235\" src=\"https:\/\/www.sellersunionagent.com\/wp-content\/uploads\/2022\/06\/china-wholesale-portable-toiletry-travel-washing-bag-6.png\" alt=\"Sprzeda\u017c hurtowa w Chinach \" width=\"600\" height=\"600\" \/><img decoding=\"async\" class=\"aligncenter wp-image-8229\" src=\"https:\/\/www.sellersunionagent.com\/wp-content\/uploads\/2022\/06\/china-wholesale-portable-toiletry-travel-washing-bag.jpg\" alt=\"Sprzeda\u017c hurtowa w Chinach \" width=\"600\" height=\"600\" \/> <img loading=\"lazy\" decoding=\"async\" class=\"aligncenter wp-image-8239\" src=\"https:\/\/www.sellersunionagent.com\/wp-content\/uploads\/2022\/06\/china-wholesale-portable-toiletry-travel-washing-bag-10.jpg\" alt=\"Sprzeda\u017c hurtowa w Chinach \" width=\"600\" height=\"457\" \/> <img loading=\"lazy\" decoding=\"async\" class=\"aligncenter wp-image-8238\" src=\"https:\/\/www.sellersunionagent.com\/wp-content\/uploads\/2022\/06\/china-wholesale-portable-toiletry-travel-washing-bag-9.jpg\" alt=\"Sprzeda\u017c hurtowa w Chinach \" width=\"600\" height=\"463\" \/> <img loading=\"lazy\" decoding=\"async\" class=\"aligncenter wp-image-8237\" src=\"https:\/\/www.sellersunionagent.com\/wp-content\/uploads\/2022\/06\/china-wholesale-portable-toiletry-travel-washing-bag-8.jpg\" alt=\"Sprzeda\u017c hurtowa w Chinach \" width=\"600\" height=\"714\" \/> <img loading=\"lazy\" decoding=\"async\" class=\"aligncenter wp-image-8236\" src=\"https:\/\/www.sellersunionagent.com\/wp-content\/uploads\/2022\/06\/china-wholesale-portable-toiletry-travel-washing-bag-7.jpg\" alt=\"Sprzeda\u017c hurtowa w Chinach \" width=\"600\" height=\"600\" \/><img loading=\"lazy\" decoding=\"async\" class=\"aligncenter wp-image-8233\" src=\"https:\/\/www.sellersunionagent.com\/wp-content\/uploads\/2022\/06\/china-wholesale-portable-toiletry-travel-washing-bag-4.jpg\" alt=\"Sprzeda\u017c hurtowa w Chinach \" width=\"600\" height=\"601\" \/><img loading=\"lazy\" decoding=\"async\" class=\"aligncenter wp-image-8230\" src=\"https:\/\/www.sellersunionagent.com\/wp-content\/uploads\/2022\/06\/china-wholesale-portable-toiletry-travel-washing-bag-1.jpg\" alt=\"Sprzeda\u017c hurtowa w Chinach \" width=\"600\" height=\"502\" \/><\/li>\n<\/ul>","protected":false},"excerpt":{"rendered":"<div class=\"elementor-element elementor-element-42815df elementor-widget elementor-widget-heading\" data-id=\"42815df\" data-element_type=\"widget\" data-widget_type=\"heading.default\">\n<div class=\"elementor-widget-container\">\n<p class=\"elementor-heading-title elementor-size-default\"><strong>MOQ<\/strong>:  100 szt.<br \/>\n<strong>Bezp\u0142atna pr\u00f3bka<\/strong>:  Obs\u0142ugiwane<br \/>\n<strong>Personalizacja<\/strong>logo \/ kolor \/ materia\u0142y \/ opakowanie itp.<br \/>\n<strong>Zni\u017cka<\/strong>:  Pierwsze zam\u00f3wienia ju\u017c od 10% taniej.<br \/>\n<strong>Wska\u017anik terminowo\u015bci dostaw<\/strong>:\u00a0 100%<br \/>\n<strong>Przesy\u0142ki og\u00f3\u0142em<\/strong>:  10000 szt.<br \/>\n<strong>Wysy\u0142ka<\/strong>: Fracht morski Fracht l\u0105dowy<\/p>\n<\/div>\n<\/div>\n<div class=\"elementor-element elementor-element-c17fac7 elementor-widget elementor-widget-woocommerce-product-short-description\" data-id=\"c17fac7\" data-element_type=\"widget\" data-widget_type=\"woocommerce-product-short-description.default\">\n<div class=\"elementor-widget-container\">\n<div class=\"woocommerce-product-details__short-description\">\n<p>&nbsp;<\/p>\n<p>&nbsp;<\/p>\n<p>Produkujemy doskona\u0142e torby do prania. Powody, dla kt\u00f3rych warto nas wybra\u0107:<br \/>\nProdukty certyfikowane przez profesjonalne instytucje, z wystarczaj\u0105c\u0105 i stabiln\u0105 poda\u017c\u0105<br \/>\nPonad dwadzie\u015bcia lat do\u015bwiadczenia, z technologi\u0105 i depozytami jako\u015bci.<br \/>\nMile widziana personalizacja spe\u0142niaj\u0105ca r\u00f3\u017cne potrzeby<br \/>\nProdukcja i wysy\u0142ka w najszybszym tempie<br \/>\nPrzemy\u015blana kompleksowa obs\u0142uga, w tym przedsprzeda\u017c, sprzeda\u017c i obs\u0142uga posprzeda\u017cna<\/p>\n<\/div>\n<\/div>\n<\/div>","protected":false},"featured_media":9332,"comment_status":"open","ping_status":"closed","template":"","meta":{"_acf_changed":false},"product_brand":[],"product_cat":[33],"product_tag":[142,60,50],"class_list":{"0":"post-8222","1":"product","2":"type-product","3":"status-publish","4":"has-post-thumbnail","6":"product_cat-toiletry-bag","7":"product_tag-makeup-organizer","8":"product_tag-portable","9":"product_tag-wholesale","11":"first","12":"instock","13":"shipping-taxable","14":"purchasable","15":"product-type-simple","16":"swiper-slide"},"acf":[],"_links":{"self":[{"href":"https:\/\/www.sellersunionagent.com\/pl\/wp-json\/wp\/v2\/product\/8222","targetHints":{"allow":["GET"]}}],"collection":[{"href":"https:\/\/www.sellersunionagent.com\/pl\/wp-json\/wp\/v2\/product"}],"about":[{"href":"https:\/\/www.sellersunionagent.com\/pl\/wp-json\/wp\/v2\/types\/product"}],"replies":[{"embeddable":true,"href":"https:\/\/www.sellersunionagent.com\/pl\/wp-json\/wp\/v2\/comments?post=8222"}],"wp:featuredmedia":[{"embeddable":true,"href":"https:\/\/www.sellersunionagent.com\/pl\/wp-json\/wp\/v2\/media\/9332"}],"wp:attachment":[{"href":"https:\/\/www.sellersunionagent.com\/pl\/wp-json\/wp\/v2\/media?parent=8222"}],"wp:term":[{"taxonomy":"product_brand","embeddable":true,"href":"https:\/\/www.sellersunionagent.com\/pl\/wp-json\/wp\/v2\/product_brand?post=8222"},{"taxonomy":"product_cat","embeddable":true,"href":"https:\/\/www.sellersunionagent.com\/pl\/wp-json\/wp\/v2\/product_cat?post=8222"},{"taxonomy":"product_tag","embeddable":true,"href":"https:\/\/www.sellersunionagent.com\/pl\/wp-json\/wp\/v2\/product_tag?post=8222"}],"curies":[{"name":"wp","href":"https:\/\/api.w.org\/{rel}","templated":true}]}}