{"id":8212,"date":"2022-06-29T18:49:15","date_gmt":"2022-06-29T10:49:15","guid":{"rendered":"https:\/\/sellersunionagent.com\/?post_type=product&#038;p=8212"},"modified":"2022-08-31T14:10:20","modified_gmt":"2022-08-31T06:10:20","slug":"wholesale-home-storage-travel-storage-for-family","status":"publish","type":"product","link":"https:\/\/www.sellersunionagent.com\/pl\/wholesale-home-storage-travel-storage-for-family\/","title":{"rendered":"Hurtownia domowych schowk\u00f3w podr\u00f3\u017cnych dla rodziny"},"content":{"rendered":"<h2>Travel BAG 6 Set Packing Cubes Luggage Packing Organizers for Travel Accessories<\/h2>\n<p>&nbsp;<\/p>\n<p>&nbsp;<\/p>\n<ul>\n<li><strong>Zorganizowane pakowanie i oszcz\u0119dno\u015b\u0107 miejsca:<\/strong>Oddzielanie r\u00f3\u017cnych ubra\u0144 za pomoc\u0105 kostek do pakowania o r\u00f3\u017cnych rozmiarach i dost\u0119pnych \u017cywych kolorach. Oszcz\u0119dno\u015b\u0107 czasu podczas podr\u00f3\u017cy, wycieczek lub zaj\u0119\u0107 na \u015bwie\u017cym powietrzu dzi\u0119ki unikaniu niew\u0142a\u015bciwego umieszczania r\u00f3\u017cnych przedmiot\u00f3w i pe\u0142nemu wykorzystaniu przestrzeni w baga\u017cu.<\/li>\n<\/ul>\n<p>&nbsp;<\/p>\n<p>&nbsp;<\/p>\n<ul>\n<li><strong>VERSATILE and MULTI-FUNCTIONAL :<\/strong>Fits Like a Glove into Most Airline Carry-ons,Tote,Weekender,Backpack,Duffel Bag,etc.<\/li>\n<\/ul>\n<p>&nbsp;<\/p>\n<p><img fetchpriority=\"high\" decoding=\"async\" class=\"aligncenter wp-image-8218\" src=\"https:\/\/www.sellersunionagent.com\/wp-content\/uploads\/2022\/06\/wholesale-home-storage-travel-storage-4.jpg\" alt=\"\" width=\"500\" height=\"500\" \/><\/p>\n<p><img decoding=\"async\" class=\"aligncenter wp-image-8219\" src=\"https:\/\/www.sellersunionagent.com\/wp-content\/uploads\/2022\/06\/wholesale-home-storage-travel-storage-5.jpg\" alt=\"\" width=\"500\" height=\"500\" \/><\/p>\n<p><img decoding=\"async\" class=\"aligncenter wp-image-8220\" src=\"https:\/\/www.sellersunionagent.com\/wp-content\/uploads\/2022\/06\/wholesale-home-storage-travel-storage-6.jpg\" alt=\"\" width=\"500\" height=\"500\" \/><\/p>","protected":false},"excerpt":{"rendered":"<p><strong>Typ<\/strong>Home Storage<\/p>\n<p><strong>Numer pozycji:<\/strong> GN002<\/p>\n<p><strong>Materia\u0142:<\/strong> Oxford<\/p>","protected":false},"featured_media":8223,"comment_status":"open","ping_status":"closed","template":"","meta":{"_acf_changed":false},"product_brand":[],"product_cat":[31,186],"product_tag":[73,47],"class_list":{"0":"post-8212","1":"product","2":"type-product","3":"status-publish","4":"has-post-thumbnail","6":"product_cat-home-storage","7":"product_cat-living-room","8":"product_tag-home-storagewholesaledurable","9":"product_tag-hot-sale","11":"first","12":"instock","13":"shipping-taxable","14":"product-type-simple","15":"swiper-slide"},"acf":[],"_links":{"self":[{"href":"https:\/\/www.sellersunionagent.com\/pl\/wp-json\/wp\/v2\/product\/8212","targetHints":{"allow":["GET"]}}],"collection":[{"href":"https:\/\/www.sellersunionagent.com\/pl\/wp-json\/wp\/v2\/product"}],"about":[{"href":"https:\/\/www.sellersunionagent.com\/pl\/wp-json\/wp\/v2\/types\/product"}],"replies":[{"embeddable":true,"href":"https:\/\/www.sellersunionagent.com\/pl\/wp-json\/wp\/v2\/comments?post=8212"}],"wp:featuredmedia":[{"embeddable":true,"href":"https:\/\/www.sellersunionagent.com\/pl\/wp-json\/wp\/v2\/media\/8223"}],"wp:attachment":[{"href":"https:\/\/www.sellersunionagent.com\/pl\/wp-json\/wp\/v2\/media?parent=8212"}],"wp:term":[{"taxonomy":"product_brand","embeddable":true,"href":"https:\/\/www.sellersunionagent.com\/pl\/wp-json\/wp\/v2\/product_brand?post=8212"},{"taxonomy":"product_cat","embeddable":true,"href":"https:\/\/www.sellersunionagent.com\/pl\/wp-json\/wp\/v2\/product_cat?post=8212"},{"taxonomy":"product_tag","embeddable":true,"href":"https:\/\/www.sellersunionagent.com\/pl\/wp-json\/wp\/v2\/product_tag?post=8212"}],"curies":[{"name":"wp","href":"https:\/\/api.w.org\/{rel}","templated":true}]}}