{"id":8210,"date":"2022-06-29T18:36:36","date_gmt":"2022-06-29T10:36:36","guid":{"rendered":"https:\/\/sellersunionagent.com\/?post_type=product&#038;p=8210"},"modified":"2026-01-06T14:29:22","modified_gmt":"2026-01-06T06:29:22","slug":"wholesale-cosmetic-bag-organizer-makeup-cases-portable-fashionable-bag","status":"publish","type":"product","link":"https:\/\/www.sellersunionagent.com\/pl\/wholesale-cosmetic-bag-organizer-makeup-cases-portable-fashionable-bag\/","title":{"rendered":"Hurtownia kosmetyczek Organizer do makija\u017cu Przeno\u015bna modna torba"},"content":{"rendered":"<h2>Cosmetic Bag With Multiple Uses for Makeup, Toiletries,\u00a0 Accessories<\/h2>\n<p>&nbsp;<\/p>\n<p>&nbsp;<\/p>\n<ul>\n<li>\u3010Improved Design\u3011Top &#8220;See-thru&#8221; clear section makes finding things easier and is waterproof.<\/li>\n<\/ul>\n<p>&nbsp;<\/p>\n<p>&nbsp;<\/p>\n<ul>\n<li>\u3010Multifunction Cosmetic Case\u3011Not only can storage cosmetics, personal hygiene items and every day essentials, such as foundation\/ lotions\/ nail polish\/ mascara\/ eye shadow\/comb\/ towel\/ toothbrush, but also electronic accessories\/ charger\/ jewelry\/ glasses\/ pens\/ vitamins etc.<\/li>\n<\/ul>\n<p>&nbsp;<\/p>\n<p>&nbsp;<\/p>\n<ul>\n<li>\u3010Premium Quality \u3011The cosmetic bag made of PU+PVC, any stain on the surface can be easily wiped out.<\/li>\n<\/ul>\n<p>&nbsp;<\/p>\n<p>&nbsp;<\/p>\n<p style=\"text-align: center\"><strong>Typ:<\/strong> Torebka do makija\u017cu<br \/>\n<strong>Numer pozycji:<\/strong> GN009<br \/>\n<strong>Waga przedmiotu<\/strong><br \/>\nS 0.045KG<br \/>\nM 0.12KG<br \/>\nL 0.18KG<br \/>\n<strong>Materia\u0142:<\/strong>PU+PVC<\/p>\n<p><img fetchpriority=\"high\" decoding=\"async\" class=\"aligncenter wp-image-8195\" src=\"https:\/\/www.sellersunionagent.com\/wp-content\/uploads\/2022\/06\/makeup-cosmetic-organizer-for-travel-12.jpg\" alt=\"\" width=\"500\" height=\"500\" \/><\/p>\n<p><img decoding=\"async\" class=\"aligncenter wp-image-8192\" src=\"https:\/\/www.sellersunionagent.com\/wp-content\/uploads\/2022\/06\/makeup-cosmetic-organizer-for-travel-9.jpg\" alt=\"\" width=\"500\" height=\"500\" \/><\/p>","protected":false},"excerpt":{"rendered":"<p><strong>MOQ<\/strong>:  100 szt.<br \/>\n<strong>Bezp\u0142atna pr\u00f3bka<\/strong>:  Obs\u0142ugiwane<br \/>\n<strong>Personalizacja<\/strong>logo \/ kolor \/ materia\u0142y \/ opakowanie itp.<br \/>\n<strong>Zni\u017cka<\/strong>:  Pierwsze zam\u00f3wienia ju\u017c od 10% taniej.<br \/>\n<strong>Wska\u017anik terminowo\u015bci dostaw<\/strong>:\u00a0 100%<br \/>\n<strong>Przesy\u0142ki og\u00f3\u0142em<\/strong>75500 sztuk<br \/>\n<strong>Wysy\u0142ka<\/strong>: Fracht morski Fracht l\u0105dowy<\/p>","protected":false},"featured_media":8205,"comment_status":"open","ping_status":"closed","template":"","meta":{"_acf_changed":false},"product_brand":[],"product_cat":[30],"product_tag":[171,78,59,50],"class_list":{"0":"post-8210","1":"product","2":"type-product","3":"status-publish","4":"has-post-thumbnail","6":"product_cat-makeup-bag","7":"product_tag-make-up-hot","8":"product_tag-makeup-bag","9":"product_tag-multifunctional","10":"product_tag-wholesale","12":"first","13":"instock","14":"shipping-taxable","15":"purchasable","16":"product-type-simple","17":"swiper-slide"},"acf":[],"_links":{"self":[{"href":"https:\/\/www.sellersunionagent.com\/pl\/wp-json\/wp\/v2\/product\/8210","targetHints":{"allow":["GET"]}}],"collection":[{"href":"https:\/\/www.sellersunionagent.com\/pl\/wp-json\/wp\/v2\/product"}],"about":[{"href":"https:\/\/www.sellersunionagent.com\/pl\/wp-json\/wp\/v2\/types\/product"}],"replies":[{"embeddable":true,"href":"https:\/\/www.sellersunionagent.com\/pl\/wp-json\/wp\/v2\/comments?post=8210"}],"wp:featuredmedia":[{"embeddable":true,"href":"https:\/\/www.sellersunionagent.com\/pl\/wp-json\/wp\/v2\/media\/8205"}],"wp:attachment":[{"href":"https:\/\/www.sellersunionagent.com\/pl\/wp-json\/wp\/v2\/media?parent=8210"}],"wp:term":[{"taxonomy":"product_brand","embeddable":true,"href":"https:\/\/www.sellersunionagent.com\/pl\/wp-json\/wp\/v2\/product_brand?post=8210"},{"taxonomy":"product_cat","embeddable":true,"href":"https:\/\/www.sellersunionagent.com\/pl\/wp-json\/wp\/v2\/product_cat?post=8210"},{"taxonomy":"product_tag","embeddable":true,"href":"https:\/\/www.sellersunionagent.com\/pl\/wp-json\/wp\/v2\/product_tag?post=8210"}],"curies":[{"name":"wp","href":"https:\/\/api.w.org\/{rel}","templated":true}]}}