{"id":8196,"date":"2022-06-29T18:42:14","date_gmt":"2022-06-29T10:42:14","guid":{"rendered":"https:\/\/sellersunionagent.com\/?post_type=product&#038;p=8196"},"modified":"2022-07-11T11:41:05","modified_gmt":"2022-07-11T03:41:05","slug":"nowa-torba-na-lunch-z-kreskowek","status":"publish","type":"product","link":"https:\/\/www.sellersunionagent.com\/pl\/new-arrival-cartoon-lunch-bag\/","title":{"rendered":"Torba na lunch z kresk\u00f3wek New Arrival"},"content":{"rendered":"<h2>Torba na lunch z kresk\u00f3wek New Arrival<\/h2>\n<p>Utrzymuje ciep\u0142o i \u015bwie\u017co\u015b\u0107 \u017cywno\u015bci: Ten produkt pochodzi ze \u015bci\u015ble wyselekcjonowanych fabryk wsp\u00f3\u0142pracuj\u0105cych z nami. Wewn\u0119trzna wy\u015bci\u00f3\u0142ka zosta\u0142a wykonana z aluminiowej folii spo\u017cywczej i wy\u015bcie\u0142ana piank\u0105 EPE o grubo\u015bci 5 mm, co zapewnia doskona\u0142\u0105 odporno\u015b\u0107 termiczn\u0105 i \u0142atwe czyszczenie. Izolowana podszewka mo\u017ce utrzymywa\u0107 ciep\u0142o i \u015bwie\u017co\u015b\u0107 \u017cywno\u015bci i napoj\u00f3w przez wiele godzin oraz zapobiega\u0107 wylewaniu si\u0119 p\u0142ynu z pojemnika. \u015awietnie nadaje si\u0119 r\u00f3wnie\u017c do utrzymywania temperatury lod\u00f3w lub zimnych napoj\u00f3w w samochodzie lub na si\u0142owni.<\/p>\n<p>&nbsp;<\/p>\n<p>&nbsp;<\/p>\n<p>Large capacity: The bag has a convenient size for packing your food to school, work and travel. This big lunch bag is enough to hold your lunch box, snacks and fruit.<\/p>\n<p>&nbsp;<\/p>\n<p>Sk\u0142adany i przeno\u015bny: Szeroko otwarta konstrukcja z podw\u00f3jnymi zamkami b\u0142yskawicznymi u\u0142atwia dost\u0119p, a ten izolowany pojemnik na lunch mo\u017cna nosi\u0107 tak \u0142atwo, jak ksi\u0105\u017ck\u0119 po z\u0142o\u017ceniu. Klasyczny i prosty wygl\u0105d z wy\u015bcie\u0142anym uchwytem oraz odpinanym i regulowanym paskiem na rami\u0119, dzi\u0119ki czemu mo\u017cna go nosi\u0107 w 2 trybach: torby na rami\u0119 i torebki.<\/p>\n<p><img fetchpriority=\"high\" decoding=\"async\" class=\"aligncenter wp-image-8197\" src=\"https:\/\/www.sellersunionagent.com\/wp-content\/uploads\/2022\/06\/new-arrival-cartoon-lunch-bag.jpg\" alt=\"nowo\u015b\u0107\" width=\"600\" height=\"600\" \/><img decoding=\"async\" class=\"aligncenter wp-image-9171\" src=\"https:\/\/www.sellersunionagent.com\/wp-content\/uploads\/2022\/06\/12204093294_1885106219-1-1.jpg\" alt=\"nowo\u015b\u0107\" width=\"600\" height=\"600\" \/><img decoding=\"async\" class=\"aligncenter wp-image-8203\" src=\"https:\/\/www.sellersunionagent.com\/wp-content\/uploads\/2022\/06\/new-arrival-cartoon-lunch-bag-3.jpg\" alt=\"nowo\u015b\u0107\" width=\"600\" height=\"600\" \/> <img loading=\"lazy\" decoding=\"async\" class=\"aligncenter wp-image-8198\" src=\"https:\/\/www.sellersunionagent.com\/wp-content\/uploads\/2022\/06\/new-arrival-cartoon-lunch-bag-1.jpg\" alt=\"nowo\u015b\u0107\" width=\"600\" height=\"600\" \/><img loading=\"lazy\" decoding=\"async\" class=\"aligncenter wp-image-9170\" src=\"https:\/\/www.sellersunionagent.com\/wp-content\/uploads\/2022\/06\/0b743ea010b12d4ead93f0edeba005be_12204105623_1885106219.jpg\" alt=\"nowo\u015b\u0107\" width=\"600\" height=\"600\" \/><\/p>\n<p>&nbsp;<\/p>\n<p><img loading=\"lazy\" decoding=\"async\" class=\"aligncenter wp-image-8204\" src=\"https:\/\/www.sellersunionagent.com\/wp-content\/uploads\/2022\/06\/new-arrival-cartoon-lunch-bag-4.jpg\" alt=\"nowo\u015b\u0107\" width=\"600\" height=\"600\" \/><\/p>","protected":false},"excerpt":{"rendered":"<p><strong>Typ<\/strong>: Torba na lunch<\/p>\n<p><strong>Numer pozycji:<\/strong> GN021<\/p>\n<p><strong>Rozmiar elementu<\/strong>: 21*16*23cm<\/p>\n<p><strong>Kolory<\/strong>: Blue\/ pink\/ black<\/p>\n<p><strong>Materia\u0142: <\/strong><span id=\"w_199\" class=\"\">Oxford\u00a0<\/span><span id=\"w_200\" class=\"\">tkanina\u00a0<\/span><\/p>\n<p>&nbsp;<\/p>\n<p>&nbsp;<\/p>\n<p>We always keep on strictly selected cooperative factories to manufacture products, and a good reputation determines the high quality and high standards of our goods. We find this new arrival lunch bag to offer you better experience of having a meal.<\/p>","protected":false},"featured_media":9176,"comment_status":"open","ping_status":"closed","template":"","meta":{"_acf_changed":false},"product_brand":[],"product_cat":[28],"product_tag":[141,41,23],"class_list":{"0":"post-8196","1":"product","2":"type-product","3":"status-publish","4":"has-post-thumbnail","6":"product_cat-lunch-bag","7":"product_tag-cute-printing","8":"product_tag-lunch-bag","9":"product_tag-new-arrival","11":"first","12":"instock","13":"shipping-taxable","14":"product-type-simple","15":"swiper-slide"},"acf":[],"_links":{"self":[{"href":"https:\/\/www.sellersunionagent.com\/pl\/wp-json\/wp\/v2\/product\/8196","targetHints":{"allow":["GET"]}}],"collection":[{"href":"https:\/\/www.sellersunionagent.com\/pl\/wp-json\/wp\/v2\/product"}],"about":[{"href":"https:\/\/www.sellersunionagent.com\/pl\/wp-json\/wp\/v2\/types\/product"}],"replies":[{"embeddable":true,"href":"https:\/\/www.sellersunionagent.com\/pl\/wp-json\/wp\/v2\/comments?post=8196"}],"wp:featuredmedia":[{"embeddable":true,"href":"https:\/\/www.sellersunionagent.com\/pl\/wp-json\/wp\/v2\/media\/9176"}],"wp:attachment":[{"href":"https:\/\/www.sellersunionagent.com\/pl\/wp-json\/wp\/v2\/media?parent=8196"}],"wp:term":[{"taxonomy":"product_brand","embeddable":true,"href":"https:\/\/www.sellersunionagent.com\/pl\/wp-json\/wp\/v2\/product_brand?post=8196"},{"taxonomy":"product_cat","embeddable":true,"href":"https:\/\/www.sellersunionagent.com\/pl\/wp-json\/wp\/v2\/product_cat?post=8196"},{"taxonomy":"product_tag","embeddable":true,"href":"https:\/\/www.sellersunionagent.com\/pl\/wp-json\/wp\/v2\/product_tag?post=8196"}],"curies":[{"name":"wp","href":"https:\/\/api.w.org\/{rel}","templated":true}]}}