{"id":8165,"date":"2022-06-29T17:46:10","date_gmt":"2022-06-29T09:46:10","guid":{"rendered":"https:\/\/sellersunionagent.com\/?post_type=product&#038;p=8165"},"modified":"2022-06-29T17:46:11","modified_gmt":"2022-06-29T09:46:11","slug":"specjalna-kosmetyczka-do-makijazu-dla-kobiet","status":"publish","type":"product","link":"https:\/\/www.sellersunionagent.com\/pl\/special-design-makeup-cosmetic-bag-for-women\/","title":{"rendered":"Specjalna kosmetyczka do makija\u017cu dla kobiet"},"content":{"rendered":"<h2><span id=\"productTitle\" class=\"a-size-large product-title-word-break\">Kosmetyczka do makija\u017cu \u015aliczne pude\u0142ko na akcesoria podr\u00f3\u017cne Organizer Prezenty urodzinowe dla kobiet Dziewczyny Przyjaciele<\/span><\/h2>\n<h2><\/h2>\n<p>&nbsp;<\/p>\n<ul>\n<li>\u3010\u015aliczny design i zabawny motyw\u3011 Uroczy beczu\u0142kowaty design, niezb\u0119dny dla ka\u017cdej modnej kobiety lub dziewczyny.<\/li>\n<\/ul>\n<p>&nbsp;<\/p>\n<p>&nbsp;<\/p>\n<ul>\n<li class=\"a-size-large a-spacing-none\"><span id=\"productTitle\" class=\"a-size-large product-title-word-break\">\u3010Najlepszy prezent dla kobiet\u3011 Ta kosmetyczka podr\u00f3\u017cna b\u0119dzie uroczym i niezapomnianym prezentem na ka\u017cd\u0105 okazj\u0119 lub \u015bwi\u0119to: prezenty urodzinowe, prezenty na uko\u0144czenie szko\u0142y, prezenty szkolne, prezenty \u015bwi\u0105teczne, prezenty na parapet\u00f3wk\u0119, prezenty na Dzie\u0144 Matki, prezenty walentynkowe, prezent rocznicowy, prezent okoliczno\u015bciowy, prezent na emerytur\u0119.<\/span><\/li>\n<\/ul>\n<p>&nbsp;<\/p>\n<p>&nbsp;<\/p>\n<ul>\n<li class=\"a-size-large a-spacing-none\"><span id=\"productTitle\" class=\"a-size-large product-title-word-break\">\u3010MATERIA\u0141\u3011 R\u00f3\u017cowa kosmetyczka do makija\u017cu wykonana z wytrzyma\u0142ego materia\u0142u Oxford twill\uff0c trwa\u0142a i d\u0142ugowieczna.<\/span><\/li>\n<\/ul>\n<p>&nbsp;<\/p>\n<p>&nbsp;<\/p>\n<ul>\n<li class=\"a-size-large a-spacing-none\"><span id=\"productTitle\" class=\"a-size-large product-title-word-break\">\u3010WIELOFUNKCYJNA TORBA\u3011 Ta urocza r\u00f3\u017cowa torba na suwak mo\u017ce s\u0142u\u017cy\u0107 jako kosmetyczka, kosmetyczka, kosmetyczka, organizer podr\u00f3\u017cny, a nawet torebka. Nasze torby do makija\u017cu mog\u0105 nie tylko przechowywa\u0107 kosmetyki, p\u0119dzle do makija\u017cu, ale tak\u017ce przybory toaletowe, olejki eteryczne, zestaw do golenia, bi\u017cuteri\u0119, akcesoria cyfrowe, klucze, telefony, cokolwiek potrzebujesz.<\/span><\/li>\n<\/ul>\n<p>&nbsp;<\/p>\n<p>&nbsp;<\/p>\n<ul>\n<li class=\"a-size-large a-spacing-none\"><span id=\"productTitle\" class=\"a-size-large product-title-word-break\">\u3010DOPASOWUJE SI\u0118\u3011 Ta r\u00f3\u017cowa kosmetyczka podr\u00f3\u017cna pasuje do kobiecych podr\u00f3\u017cy, podr\u00f3\u017cy s\u0142u\u017cbowych, organizer\u00f3w przedmiot\u00f3w domowych, innych wycieczek lub akcesori\u00f3w podr\u00f3\u017cnych.\u00a0<\/span><\/li>\n<\/ul>\n<p>&nbsp;<\/p>\n<p><img fetchpriority=\"high\" decoding=\"async\" class=\"aligncenter wp-image-8169\" src=\"https:\/\/www.sellersunionagent.com\/wp-content\/uploads\/2022\/06\/special-design-makeup-cosmetic-bag-3.jpg\" alt=\"\" width=\"500\" height=\"500\" \/><\/p>\n<p><img decoding=\"async\" class=\"aligncenter wp-image-8170\" src=\"https:\/\/www.sellersunionagent.com\/wp-content\/uploads\/2022\/06\/special-design-makeup-cosmetic-bag-4.jpg\" alt=\"\" width=\"500\" height=\"500\" \/><\/p>\n<p><img decoding=\"async\" class=\"aligncenter wp-image-8171\" src=\"https:\/\/www.sellersunionagent.com\/wp-content\/uploads\/2022\/06\/special-design-makeup-cosmetic-bag-5.jpg\" alt=\"\" width=\"500\" height=\"476\" \/><\/p>\n<p><img loading=\"lazy\" decoding=\"async\" class=\"aligncenter wp-image-8172\" src=\"https:\/\/www.sellersunionagent.com\/wp-content\/uploads\/2022\/06\/special-design-makeup-cosmetic-bag-6.jpg\" alt=\"\" width=\"500\" height=\"500\" \/><\/p>","protected":false},"excerpt":{"rendered":"<p><strong>\u00a0<\/strong><strong>Typ<\/strong>: kosmetyczka<\/p>\n<p><strong>Numer pozycji:<\/strong> GN011<\/p>\n<p><strong>Waga przedmiotu<\/strong>: 0.07KG<\/p>\n<p><strong>Materia\u0142: <\/strong>tkanina oxford<\/p>","protected":false},"featured_media":8177,"comment_status":"open","ping_status":"closed","template":"","meta":{"_acf_changed":false},"product_brand":[],"product_cat":[30],"product_tag":[78,53,67,99],"class_list":{"0":"post-8165","1":"product","2":"type-product","3":"status-publish","4":"has-post-thumbnail","6":"product_cat-makeup-bag","7":"product_tag-makeup-bag","8":"product_tag-professional-supplier","9":"product_tag-travel-organizer","10":"product_tag-wholesale-maker-from-china","12":"first","13":"instock","14":"shipping-taxable","15":"product-type-simple","16":"swiper-slide"},"acf":[],"_links":{"self":[{"href":"https:\/\/www.sellersunionagent.com\/pl\/wp-json\/wp\/v2\/product\/8165","targetHints":{"allow":["GET"]}}],"collection":[{"href":"https:\/\/www.sellersunionagent.com\/pl\/wp-json\/wp\/v2\/product"}],"about":[{"href":"https:\/\/www.sellersunionagent.com\/pl\/wp-json\/wp\/v2\/types\/product"}],"replies":[{"embeddable":true,"href":"https:\/\/www.sellersunionagent.com\/pl\/wp-json\/wp\/v2\/comments?post=8165"}],"wp:featuredmedia":[{"embeddable":true,"href":"https:\/\/www.sellersunionagent.com\/pl\/wp-json\/wp\/v2\/media\/8177"}],"wp:attachment":[{"href":"https:\/\/www.sellersunionagent.com\/pl\/wp-json\/wp\/v2\/media?parent=8165"}],"wp:term":[{"taxonomy":"product_brand","embeddable":true,"href":"https:\/\/www.sellersunionagent.com\/pl\/wp-json\/wp\/v2\/product_brand?post=8165"},{"taxonomy":"product_cat","embeddable":true,"href":"https:\/\/www.sellersunionagent.com\/pl\/wp-json\/wp\/v2\/product_cat?post=8165"},{"taxonomy":"product_tag","embeddable":true,"href":"https:\/\/www.sellersunionagent.com\/pl\/wp-json\/wp\/v2\/product_tag?post=8165"}],"curies":[{"name":"wp","href":"https:\/\/api.w.org\/{rel}","templated":true}]}}