{"id":8160,"date":"2022-06-29T17:40:36","date_gmt":"2022-06-29T09:40:36","guid":{"rendered":"https:\/\/sellersunionagent.com\/?post_type=product&#038;p=8160"},"modified":"2022-08-31T14:10:39","modified_gmt":"2022-08-31T06:10:39","slug":"16-kratek-do-przechowywania-aby-zaoszczedzic-miejsce","status":"publish","type":"product","link":"https:\/\/www.sellersunionagent.com\/pl\/16-grids-storage-product-to-save-your-space\/","title":{"rendered":"16 produkt\u00f3w do przechowywania siatek, aby zaoszcz\u0119dzi\u0107 miejsce"},"content":{"rendered":"<h2>16 produkt\u00f3w do przechowywania siatek, aby zaoszcz\u0119dzi\u0107 miejsce<\/h2>\n<p>&nbsp;<\/p>\n<p>&nbsp;<\/p>\n<p>Chroni rzeczy przed brudem podczas przechowywania w baga\u017cu. Mo\u017ce r\u00f3wnie\u017c utrzyma\u0107 buty w czysto\u015bci, gdy przechowujesz je w szafie. Dlatego jest to dobry projekt do u\u017cytku domowego i podr\u00f3\u017cnego.<\/p>\n<p>&nbsp;<\/p>\n<p>&nbsp;<\/p>\n<p>Wykonane z wysokiej jako\u015bci PVC z grubym sznurkiem do wygodnej organizacji, \u0142adnym rysunkiem i trwa\u0142ym u\u017cytkowaniem. Torby s\u0105 sk\u0142adane, lekkie i przeno\u015bne, wygodne w u\u017cyciu.<\/p>\n<p>&nbsp;<\/p>\n<p>&nbsp;<\/p>\n<p>P\u00f3\u0142przezroczysta konstrukcja, pomaga \u0142atwiej zidentyfikowa\u0107, kt\u00f3re rzeczy w nim s\u0105, oszcz\u0119dzaj\u0105c czas. Wygodny w podr\u00f3\u017cy i \u017cyciu.<\/p>\n<p>&nbsp;<\/p>\n<p>&nbsp;<\/p>\n<p><img fetchpriority=\"high\" decoding=\"async\" class=\"aligncenter wp-image-9183\" src=\"https:\/\/www.sellersunionagent.com\/wp-content\/uploads\/2022\/06\/2531558988_1885106219-1.jpg\" alt=\"Produkt Grids Storage\" width=\"600\" height=\"600\" \/><img decoding=\"async\" class=\"aligncenter wp-image-8126\" src=\"https:\/\/www.sellersunionagent.com\/wp-content\/uploads\/2022\/06\/cute-shoe-bags-pouch-with-rope-3.jpg\" alt=\"Produkt Grids Storage\" width=\"600\" height=\"600\" \/><img decoding=\"async\" class=\"aligncenter wp-image-9181\" src=\"https:\/\/www.sellersunionagent.com\/wp-content\/uploads\/2022\/06\/O1CN01CUcZoj1rMdM1jmJyL_2369055617-0-cib-1.jpg\" alt=\"Produkt Grids Storage\" width=\"600\" height=\"600\" \/><\/p>\n<p><img loading=\"lazy\" decoding=\"async\" class=\"aligncenter wp-image-8127\" src=\"https:\/\/www.sellersunionagent.com\/wp-content\/uploads\/2022\/06\/cute-shoe-bags-pouch-with-rope-4.jpg\" alt=\"Produkt Grids Storage\" width=\"600\" height=\"600\" \/> <img loading=\"lazy\" decoding=\"async\" class=\"aligncenter wp-image-8128\" src=\"https:\/\/www.sellersunionagent.com\/wp-content\/uploads\/2022\/06\/cute-shoe-bags-pouch-with-rope-5.jpg\" alt=\"Produkt Grids Storage\" width=\"600\" height=\"600\" \/><\/p>","protected":false},"excerpt":{"rendered":"<p>Typ:Przechowywanie w domu<\/p>\n<p>Nr artyku\u0142u:GN016<\/p>\n<p>Rozmiar: 75*40 cm<\/p>\n<p>OEM\/ODM: zaakceptowane<\/p>","protected":false},"featured_media":8129,"comment_status":"open","ping_status":"closed","template":"","meta":{"_acf_changed":false},"product_brand":[],"product_cat":[31,187],"product_tag":[70,140,64],"class_list":{"0":"post-8160","1":"product","2":"type-product","3":"status-publish","4":"has-post-thumbnail","6":"product_cat-home-storage","7":"product_cat-bedroom","8":"product_tag-home-storage","9":"product_tag-save-storage","10":"product_tag-travel","12":"first","13":"instock","14":"shipping-taxable","15":"product-type-simple","16":"swiper-slide"},"acf":[],"_links":{"self":[{"href":"https:\/\/www.sellersunionagent.com\/pl\/wp-json\/wp\/v2\/product\/8160","targetHints":{"allow":["GET"]}}],"collection":[{"href":"https:\/\/www.sellersunionagent.com\/pl\/wp-json\/wp\/v2\/product"}],"about":[{"href":"https:\/\/www.sellersunionagent.com\/pl\/wp-json\/wp\/v2\/types\/product"}],"replies":[{"embeddable":true,"href":"https:\/\/www.sellersunionagent.com\/pl\/wp-json\/wp\/v2\/comments?post=8160"}],"wp:featuredmedia":[{"embeddable":true,"href":"https:\/\/www.sellersunionagent.com\/pl\/wp-json\/wp\/v2\/media\/8129"}],"wp:attachment":[{"href":"https:\/\/www.sellersunionagent.com\/pl\/wp-json\/wp\/v2\/media?parent=8160"}],"wp:term":[{"taxonomy":"product_brand","embeddable":true,"href":"https:\/\/www.sellersunionagent.com\/pl\/wp-json\/wp\/v2\/product_brand?post=8160"},{"taxonomy":"product_cat","embeddable":true,"href":"https:\/\/www.sellersunionagent.com\/pl\/wp-json\/wp\/v2\/product_cat?post=8160"},{"taxonomy":"product_tag","embeddable":true,"href":"https:\/\/www.sellersunionagent.com\/pl\/wp-json\/wp\/v2\/product_tag?post=8160"}],"curies":[{"name":"wp","href":"https:\/\/api.w.org\/{rel}","templated":true}]}}