{"id":8118,"date":"2022-06-29T17:40:12","date_gmt":"2022-06-29T09:40:12","guid":{"rendered":"https:\/\/sellersunionagent.com\/?post_type=product&#038;p=8118"},"modified":"2026-01-06T14:29:24","modified_gmt":"2026-01-06T06:29:24","slug":"niestandardowa-izolowana-torba-na-lunch-o-okraglym-ksztalcie","status":"publish","type":"product","link":"https:\/\/www.sellersunionagent.com\/pl\/custom-round-shape-insulated-lunch-bag\/","title":{"rendered":"Niestandardowa izolowana torba termiczna o okr\u0105g\u0142ym kszta\u0142cie"},"content":{"rendered":"<h2>Niestandardowa izolowana torba termiczna o okr\u0105g\u0142ym kszta\u0142cie<\/h2>\n<p><strong>Typ<\/strong>: Torba termiczna<\/p>\n<p><strong>Numer pozycji:<\/strong> JF002<\/p>\n<p><strong>Rozmiar elementu<\/strong>: S: 17*19cm, oko\u0142o 4,3L\/ M: 17*25cm, oko\u0142o 5,6L\/ L: 19*25cm, oko\u0142o 7L<\/p>\n<p><strong>Kolory<\/strong>: Ciemnoniebieski\/szary\/czarny\/ciemnoczerwony<\/p>\n<p><strong>Materia\u0142:<\/strong><span id=\"w_199\" class=\"\">Oxford\u00a0<\/span><span id=\"w_200\" class=\"\">tkanina\u00a0<\/span><\/p>\n<p>&nbsp;<\/p>\n<p>&nbsp;<\/p>\n<ul>\n<li>Obudowa wykonana jest z grubej tkaniny oxford, kt\u00f3ra jest odporna na rozdarcia i trwa\u0142a.<\/li>\n<li>Podszewka wykonana z folii aluminiowej sprawia, \u017ce produkt ten jest dumny ze wspania\u0142ej ochrony cieplnej. \u0141atwo j\u0105 wytrze\u0107 i wyczy\u015bci\u0107. Wewn\u0119trzna wy\u015bci\u00f3\u0142ka to per\u0142owa bawe\u0142na, mi\u0119kka i odporna na wstrz\u0105sy.<\/li>\n<li>Izolacja termiczna zapewniaj\u0105ca d\u0142u\u017csz\u0105 \u015bwie\u017co\u015b\u0107 \u017cywno\u015bci.<\/li>\n<li>Dwukierunkowy zamek b\u0142yskawiczny, mi\u0119kki uchwyt i odpinane paski u\u0142atwiaj\u0105 zabranie go w podr\u00f3\u017c.<\/li>\n<li>Przednia kiesze\u0144, wygodna do przechowywania drobnych przedmiot\u00f3w codziennego u\u017cytku<\/li>\n<li>Nadaje si\u0119 do u\u017cytku w pracy, szkole, podr\u00f3\u017cy, na kempingu itp.<\/li>\n<\/ul>\n<p><img fetchpriority=\"high\" decoding=\"async\" class=\"aligncenter wp-image-8119\" src=\"https:\/\/www.sellersunionagent.com\/wp-content\/uploads\/2022\/06\/custom-round-shape-insulated-thermal-bag.jpg\" alt=\"Niestandardowe\" width=\"500\" height=\"500\" \/><img decoding=\"async\" class=\"aligncenter wp-image-8157\" src=\"https:\/\/www.sellersunionagent.com\/wp-content\/uploads\/2022\/06\/custom-round-shape-insulated-thermal-bag-5.jpg\" alt=\"Niestandardowe\" width=\"600\" height=\"341\" \/><img decoding=\"async\" class=\"aligncenter wp-image-8158\" src=\"https:\/\/www.sellersunionagent.com\/wp-content\/uploads\/2022\/06\/custom-round-shape-insulated-thermal-bag-4.jpg\" alt=\"Niestandardowe\" width=\"600\" height=\"336\" \/><img loading=\"lazy\" decoding=\"async\" class=\"aligncenter wp-image-8159\" src=\"https:\/\/www.sellersunionagent.com\/wp-content\/uploads\/2022\/06\/custom-round-shape-insulated-thermal-bag-3.jpg\" alt=\"Niestandardowe\" width=\"600\" height=\"333\" \/><img loading=\"lazy\" decoding=\"async\" class=\"aligncenter wp-image-8120\" src=\"https:\/\/www.sellersunionagent.com\/wp-content\/uploads\/2022\/06\/custom-round-shape-insulated-thermal-bag-1.jpg\" alt=\"Niestandardowe\" width=\"600\" height=\"600\" \/><img loading=\"lazy\" decoding=\"async\" class=\"aligncenter wp-image-8156\" src=\"https:\/\/www.sellersunionagent.com\/wp-content\/uploads\/2022\/06\/custom-round-shape-insulated-thermal-bag-6.jpg\" alt=\"Niestandardowe\" width=\"600\" height=\"600\" \/> <img loading=\"lazy\" decoding=\"async\" class=\"aligncenter wp-image-8161\" src=\"https:\/\/www.sellersunionagent.com\/wp-content\/uploads\/2022\/06\/custom-round-shape-insulated-thermal-bag-7.jpg\" alt=\"Niestandardowe\" width=\"600\" height=\"400\" \/> <img loading=\"lazy\" decoding=\"async\" class=\"aligncenter wp-image-8164\" src=\"https:\/\/www.sellersunionagent.com\/wp-content\/uploads\/2022\/06\/custom-round-shape-insulated-thermal-bag-9.png\" alt=\"Niestandardowe\" width=\"600\" height=\"402\" \/> <img loading=\"lazy\" decoding=\"async\" class=\"aligncenter wp-image-8163\" src=\"https:\/\/www.sellersunionagent.com\/wp-content\/uploads\/2022\/06\/custom-round-shape-insulated-thermal-bag-10.png\" alt=\"Niestandardowe\" width=\"600\" height=\"400\" \/><img loading=\"lazy\" decoding=\"async\" class=\"aligncenter wp-image-8121 size-full\" src=\"https:\/\/www.sellersunionagent.com\/wp-content\/uploads\/2022\/06\/custom-round-shape-insulated-thermal-bag-2.jpg\" alt=\"Niestandardowe\" width=\"509\" height=\"1111\" \/><\/p>","protected":false},"excerpt":{"rendered":"<p><strong>MOQ<\/strong>: 500 lub Elastyczny<\/p>\n<p><strong>Bezp\u0142atna pr\u00f3bka<\/strong>: Obs\u0142ugiwane<\/p>\n<p><strong>Personalizacja<\/strong>logo\/kolor\/materia\u0142y\/opakowanie<\/p>\n<p><strong>Zni\u017cka<\/strong>: 10% zni\u017cki na pierwsze zam\u00f3wienie<\/p>\n<p><strong>Wska\u017anik terminowo\u015bci dostaw<\/strong>: 100%<\/p>\n<p><strong>Przesy\u0142ki og\u00f3\u0142em<\/strong>: 106823 PCS<\/p>\n<p><strong>Wysy\u0142ka<\/strong>: Obs\u0142uga przesy\u0142ek ekspresowych\/frachtu morskiego\/frachtu l\u0105dowego<\/p>\n<p>&nbsp;<\/p>\n<p>&nbsp;<\/p>\n<p>Jako dostawca toreb na lunch w Chinach, mamy ponad 20-letnie do\u015bwiadczenie, jeste\u015bmy zobowi\u0105zani do dostarczania niestandardowych produkt\u00f3w do przechowywania produkt\u00f3w w konkurencyjnych cenach. Eksportujemy modne, wysokiej jako\u015bci towary w dobrej cenie, wspieramy dostosowywanie OEM i ODM oraz zapewniamy profesjonaln\u0105 kompleksow\u0105 obs\u0142ug\u0119.<\/p>","protected":false},"featured_media":8119,"comment_status":"open","ping_status":"closed","template":"","meta":{"_acf_changed":false},"product_brand":[],"product_cat":[28],"product_tag":[121,138],"class_list":{"0":"post-8118","1":"product","2":"type-product","3":"status-publish","4":"has-post-thumbnail","6":"product_cat-lunch-bag","7":"product_tag-custom","8":"product_tag-insulated","10":"first","11":"instock","12":"shipping-taxable","13":"purchasable","14":"product-type-simple","15":"swiper-slide"},"acf":[],"_links":{"self":[{"href":"https:\/\/www.sellersunionagent.com\/pl\/wp-json\/wp\/v2\/product\/8118","targetHints":{"allow":["GET"]}}],"collection":[{"href":"https:\/\/www.sellersunionagent.com\/pl\/wp-json\/wp\/v2\/product"}],"about":[{"href":"https:\/\/www.sellersunionagent.com\/pl\/wp-json\/wp\/v2\/types\/product"}],"replies":[{"embeddable":true,"href":"https:\/\/www.sellersunionagent.com\/pl\/wp-json\/wp\/v2\/comments?post=8118"}],"wp:featuredmedia":[{"embeddable":true,"href":"https:\/\/www.sellersunionagent.com\/pl\/wp-json\/wp\/v2\/media\/8119"}],"wp:attachment":[{"href":"https:\/\/www.sellersunionagent.com\/pl\/wp-json\/wp\/v2\/media?parent=8118"}],"wp:term":[{"taxonomy":"product_brand","embeddable":true,"href":"https:\/\/www.sellersunionagent.com\/pl\/wp-json\/wp\/v2\/product_brand?post=8118"},{"taxonomy":"product_cat","embeddable":true,"href":"https:\/\/www.sellersunionagent.com\/pl\/wp-json\/wp\/v2\/product_cat?post=8118"},{"taxonomy":"product_tag","embeddable":true,"href":"https:\/\/www.sellersunionagent.com\/pl\/wp-json\/wp\/v2\/product_tag?post=8118"}],"curies":[{"name":"wp","href":"https:\/\/api.w.org\/{rel}","templated":true}]}}