{"id":8116,"date":"2022-06-29T17:23:26","date_gmt":"2022-06-29T09:23:26","guid":{"rendered":"https:\/\/sellersunionagent.com\/?post_type=product&#038;p=8116"},"modified":"2022-08-31T14:10:50","modified_gmt":"2022-08-31T06:10:50","slug":"urocze-torby-na-buty-z-linka-do-podrozy-duze-przezroczyste-organizery-do-przechowywania-butow-dla-mezczyzn-i-kobiet","status":"publish","type":"product","link":"https:\/\/www.sellersunionagent.com\/pl\/cute-shoe-bags-pouch-with-rope-for-travel-large-clear-shoes-storage-organizers-for-men-and-women\/","title":{"rendered":"\u00a0\u015aliczne torby na buty z link\u0105 do podr\u00f3\u017cy Du\u017ce przezroczyste organizery do przechowywania but\u00f3w dla m\u0119\u017cczyzn i kobiet"},"content":{"rendered":"<h2 class=\"a-size-large a-spacing-none\"><span class=\"a-size-large product-title-word-break\">\u00a0\u015aliczne worki na buty <\/span><span id=\"productTitle\" class=\"a-size-large product-title-word-break\">Pokrowiec z lin\u0105 <\/span><span id=\"productTitle\" class=\"a-size-large product-title-word-break\">Du\u017ce przezroczyste organizery do przechowywania but\u00f3w dla m\u0119\u017cczyzn i kobiet<\/span><\/h2>\n<p>&nbsp;<\/p>\n<p>&nbsp;<\/p>\n<p>Chroni buty przed brudem podczas przechowywania w baga\u017cu. Mo\u017ce r\u00f3wnie\u017c utrzyma\u0107 buty w czysto\u015bci, gdy przechowujesz je w szafie. Dlatego jest to dobry projekt do u\u017cytku domowego i podr\u00f3\u017cnego.<\/p>\n<p>&nbsp;<\/p>\n<p>&nbsp;<\/p>\n<p>Wykonany z wysokiej jako\u015bci PVC z grubym sznurkiem do wygodnej organizacji, \u0142adnym rysunkiem i trwa\u0142ym u\u017cytkowaniem. Podr\u00f3\u017cne torby na buty s\u0105 sk\u0142adane, lekkie i przeno\u015bne, wygodne w u\u017cyciu.<\/p>\n<p>&nbsp;<\/p>\n<p>&nbsp;<\/p>\n<p>Nie tylko torba na buty, mo\u017ce by\u0107 r\u00f3wnie\u017c u\u017cywana jako torba do makija\u017cu, akcesoria do but\u00f3w, torby podr\u00f3\u017cne, torba na przybory toaletowe, torby do pakowania, akcesoria do si\u0142owni, torby na pranie, torby podr\u00f3\u017cne, torby do przechowywania but\u00f3w, torby wystawowe, torby sportowe, sznurkowe torby na prezenty \u015bwi\u0105teczne i do innych zastosowa\u0144.<\/p>\n<p>&nbsp;<\/p>\n<p>&nbsp;<\/p>\n<p><img fetchpriority=\"high\" decoding=\"async\" class=\"aligncenter wp-image-8123\" src=\"https:\/\/www.sellersunionagent.com\/wp-content\/uploads\/2022\/06\/cute-shoe-bags-pouch-with-rope.jpg\" alt=\"\" width=\"600\" height=\"600\" \/><img decoding=\"async\" class=\"aligncenter wp-image-8811\" src=\"https:\/\/www.sellersunionagent.com\/wp-content\/uploads\/2022\/06\/wholesale-storage-bag-4.png\" alt=\"Produkcja w Chinach\" width=\"600\" height=\"526\" \/> <img decoding=\"async\" class=\"aligncenter wp-image-8810\" src=\"https:\/\/www.sellersunionagent.com\/wp-content\/uploads\/2022\/06\/wholesale-storage-bag-5.png\" alt=\"Produkcja w Chinach\" width=\"600\" height=\"515\" \/> <img loading=\"lazy\" decoding=\"async\" class=\"aligncenter wp-image-8809\" src=\"https:\/\/www.sellersunionagent.com\/wp-content\/uploads\/2022\/06\/wholesale-storage-bag.png\" alt=\"Produkcja w Chinach\" width=\"600\" height=\"513\" \/> <img loading=\"lazy\" decoding=\"async\" class=\"aligncenter wp-image-8808\" src=\"https:\/\/www.sellersunionagent.com\/wp-content\/uploads\/2022\/06\/wholesale-storage-bag-1.png\" alt=\"Produkcja w Chinach\" width=\"600\" height=\"495\" \/><\/p>","protected":false},"excerpt":{"rendered":"<p>Typ:Przechowywanie w domu<\/p>\n<p>Nr artyku\u0142u:GN015<\/p>\n<p>Rozmiar:<\/p>\n<p>\u015aredni - 37*26 cm<\/p>\n<p>Du\u017cy-43*30cm<\/p>\n<p>OEM\/ODM: zaakceptowane<\/p>","protected":false},"featured_media":8807,"comment_status":"open","ping_status":"closed","template":"","meta":{"_acf_changed":false},"product_brand":[],"product_cat":[31,187],"product_tag":[70,139],"class_list":{"0":"post-8116","1":"product","2":"type-product","3":"status-publish","4":"has-post-thumbnail","6":"product_cat-home-storage","7":"product_cat-bedroom","8":"product_tag-home-storage","9":"product_tag-shoes-storage","11":"first","12":"instock","13":"shipping-taxable","14":"product-type-simple","15":"swiper-slide"},"acf":[],"_links":{"self":[{"href":"https:\/\/www.sellersunionagent.com\/pl\/wp-json\/wp\/v2\/product\/8116","targetHints":{"allow":["GET"]}}],"collection":[{"href":"https:\/\/www.sellersunionagent.com\/pl\/wp-json\/wp\/v2\/product"}],"about":[{"href":"https:\/\/www.sellersunionagent.com\/pl\/wp-json\/wp\/v2\/types\/product"}],"replies":[{"embeddable":true,"href":"https:\/\/www.sellersunionagent.com\/pl\/wp-json\/wp\/v2\/comments?post=8116"}],"wp:featuredmedia":[{"embeddable":true,"href":"https:\/\/www.sellersunionagent.com\/pl\/wp-json\/wp\/v2\/media\/8807"}],"wp:attachment":[{"href":"https:\/\/www.sellersunionagent.com\/pl\/wp-json\/wp\/v2\/media?parent=8116"}],"wp:term":[{"taxonomy":"product_brand","embeddable":true,"href":"https:\/\/www.sellersunionagent.com\/pl\/wp-json\/wp\/v2\/product_brand?post=8116"},{"taxonomy":"product_cat","embeddable":true,"href":"https:\/\/www.sellersunionagent.com\/pl\/wp-json\/wp\/v2\/product_cat?post=8116"},{"taxonomy":"product_tag","embeddable":true,"href":"https:\/\/www.sellersunionagent.com\/pl\/wp-json\/wp\/v2\/product_tag?post=8116"}],"curies":[{"name":"wp","href":"https:\/\/api.w.org\/{rel}","templated":true}]}}