{"id":8098,"date":"2022-06-29T16:07:26","date_gmt":"2022-06-29T08:07:26","guid":{"rendered":"https:\/\/sellersunionagent.com\/?post_type=product&#038;p=8098"},"modified":"2022-08-31T14:11:07","modified_gmt":"2022-08-31T06:11:07","slug":"thick-soft-breathable-closet-organizer-for-bedding-comforters-pillows-blankets-clothes","status":"publish","type":"product","link":"https:\/\/www.sellersunionagent.com\/pl\/thick-soft-breathable-closet-organizer-for-bedding-comforters-pillows-blankets-clothes\/","title":{"rendered":"Gruby, mi\u0119kki, oddychaj\u0105cy organizer do szafy na po\u015bciel, ko\u0142dry, poduszki, koce, ubrania"},"content":{"rendered":"<h2 id=\"title\" class=\"a-size-large a-spacing-none\"><span id=\"productTitle\" class=\"a-size-large product-title-word-break\">Gruby, mi\u0119kki, oddychaj\u0105cy organizer do szafy na po\u015bciel, ko\u0142dry, poduszki, koce, ubrania<\/span><\/h2>\n<p>&nbsp;<\/p>\n<p>&lt;Durable&gt; This storage bag was made of PEVA and packed by OPP bag. It is breathable and thick which is very sturdy and durable.<\/p>\n<p>&nbsp;<\/p>\n<p>&nbsp;<\/p>\n<p>&lt;Easy to fold&gt; The weight of this product is 130g only. You can use it to storage quilt or any other clothes such as comforters, blankets, clothes, pillows, sweaters and so on. When you do not need it, you can fold it very easy and put it to your closet.<\/p>\n<p>&nbsp;<\/p>\n<p>&nbsp;<\/p>\n<p>&lt;Washable&gt; It can be washed and have long lifetime for using. However, it is a soft bag without any frame structure.<\/p>\n<p>&nbsp;<\/p>\n<p>&nbsp;<\/p>\n<p><img fetchpriority=\"high\" decoding=\"async\" class=\"aligncenter wp-image-8799\" src=\"https:\/\/www.sellersunionagent.com\/wp-content\/uploads\/2022\/06\/thick-soft-breathable-closet-organizer-14.jpg\" alt=\"\" width=\"600\" height=\"600\" \/> <img decoding=\"async\" class=\"aligncenter wp-image-8800\" src=\"https:\/\/www.sellersunionagent.com\/wp-content\/uploads\/2022\/06\/thick-soft-breathable-closet-organizer-13.jpg\" alt=\"\" width=\"600\" height=\"600\" \/> <img decoding=\"async\" class=\"aligncenter wp-image-8801\" src=\"https:\/\/www.sellersunionagent.com\/wp-content\/uploads\/2022\/06\/thick-soft-breathable-closet-organizer-12.jpg\" alt=\"\" width=\"600\" height=\"600\" \/><\/p>","protected":false},"excerpt":{"rendered":"<p>Typ:Przechowywanie w domu<\/p>\n<p>Item No.:GN014<\/p>\n<p>Weight: 130g<\/p>\n<p>OEM\/ODM: zaakceptowane<\/p>","protected":false},"featured_media":8105,"comment_status":"open","ping_status":"closed","template":"","meta":{"_acf_changed":false},"product_brand":[],"product_cat":[31,187],"product_tag":[70,64],"class_list":{"0":"post-8098","1":"product","2":"type-product","3":"status-publish","4":"has-post-thumbnail","6":"product_cat-home-storage","7":"product_cat-bedroom","8":"product_tag-home-storage","9":"product_tag-travel","11":"first","12":"instock","13":"shipping-taxable","14":"product-type-simple","15":"swiper-slide"},"acf":[],"_links":{"self":[{"href":"https:\/\/www.sellersunionagent.com\/pl\/wp-json\/wp\/v2\/product\/8098","targetHints":{"allow":["GET"]}}],"collection":[{"href":"https:\/\/www.sellersunionagent.com\/pl\/wp-json\/wp\/v2\/product"}],"about":[{"href":"https:\/\/www.sellersunionagent.com\/pl\/wp-json\/wp\/v2\/types\/product"}],"replies":[{"embeddable":true,"href":"https:\/\/www.sellersunionagent.com\/pl\/wp-json\/wp\/v2\/comments?post=8098"}],"wp:featuredmedia":[{"embeddable":true,"href":"https:\/\/www.sellersunionagent.com\/pl\/wp-json\/wp\/v2\/media\/8105"}],"wp:attachment":[{"href":"https:\/\/www.sellersunionagent.com\/pl\/wp-json\/wp\/v2\/media?parent=8098"}],"wp:term":[{"taxonomy":"product_brand","embeddable":true,"href":"https:\/\/www.sellersunionagent.com\/pl\/wp-json\/wp\/v2\/product_brand?post=8098"},{"taxonomy":"product_cat","embeddable":true,"href":"https:\/\/www.sellersunionagent.com\/pl\/wp-json\/wp\/v2\/product_cat?post=8098"},{"taxonomy":"product_tag","embeddable":true,"href":"https:\/\/www.sellersunionagent.com\/pl\/wp-json\/wp\/v2\/product_tag?post=8098"}],"curies":[{"name":"wp","href":"https:\/\/api.w.org\/{rel}","templated":true}]}}