{"id":8075,"date":"2022-06-29T15:04:55","date_gmt":"2022-06-29T07:04:55","guid":{"rendered":"https:\/\/sellersunionagent.com\/?post_type=product&#038;p=8075"},"modified":"2022-06-29T15:04:56","modified_gmt":"2022-06-29T07:04:56","slug":"podrozna-kosmetyczka-z-nadrukiem-z-kreskowek","status":"publish","type":"product","link":"https:\/\/www.sellersunionagent.com\/pl\/cartoon-printed-travel-makeup-bag\/","title":{"rendered":"Podr\u00f3\u017cna kosmetyczka z nadrukiem z kresk\u00f3wek"},"content":{"rendered":"<h2>Podr\u00f3\u017cna kosmetyczka z nadrukiem z kresk\u00f3wek<\/h2>\n<ul>\n<li>Du\u017ca pojemno\u015b\u0107<\/li>\n<li>G\u0142adki i trwa\u0142y podw\u00f3jny zamek b\u0142yskawiczny<\/li>\n<li>Znakomity nadruk<\/li>\n<li>Odporna na wilgo\u0107 i ple\u015b\u0144 tkanina Oxford<\/li>\n<li>Do\u0142\u0105czony uchwyt u\u0142atwiaj\u0105cy dost\u0119p\n<p>&nbsp;<\/p>\n<p><img fetchpriority=\"high\" decoding=\"async\" class=\"aligncenter wp-image-8078\" src=\"https:\/\/www.sellersunionagent.com\/wp-content\/uploads\/2022\/06\/cartoon-printed-travel-makeup-bag-2.jpg\" alt=\"Podr\u00f3\u017cna kosmetyczka \" width=\"600\" height=\"600\" \/><img decoding=\"async\" class=\"aligncenter wp-image-8081\" src=\"https:\/\/www.sellersunionagent.com\/wp-content\/uploads\/2022\/06\/cartoon-printed-travel-makeup-bag-5.jpg\" alt=\"Podr\u00f3\u017cna kosmetyczka \" width=\"600\" height=\"600\" \/>\u00a0<img decoding=\"async\" class=\"aligncenter wp-image-8077\" src=\"https:\/\/www.sellersunionagent.com\/wp-content\/uploads\/2022\/06\/cartoon-printed-travel-makeup-bag-1.jpg\" alt=\"Podr\u00f3\u017cna kosmetyczka \" width=\"600\" height=\"600\" \/> \u00a0<img loading=\"lazy\" decoding=\"async\" class=\"aligncenter wp-image-8079\" src=\"https:\/\/www.sellersunionagent.com\/wp-content\/uploads\/2022\/06\/cartoon-printed-travel-makeup-bag-3.jpg\" alt=\"Podr\u00f3\u017cna kosmetyczka \" width=\"600\" height=\"600\" \/><\/p>\n<p><img loading=\"lazy\" decoding=\"async\" class=\"aligncenter wp-image-8083\" src=\"https:\/\/www.sellersunionagent.com\/wp-content\/uploads\/2022\/06\/cartoon-printed-travel-makeup-bag-7.jpg\" alt=\"Podr\u00f3\u017cna kosmetyczka \" width=\"600\" height=\"600\" \/> \u00a0<img loading=\"lazy\" decoding=\"async\" class=\"aligncenter wp-image-8082\" src=\"https:\/\/www.sellersunionagent.com\/wp-content\/uploads\/2022\/06\/cartoon-printed-travel-makeup-bag-6.jpg\" alt=\"Podr\u00f3\u017cna kosmetyczka \" width=\"600\" height=\"600\" \/><\/li>\n<\/ul>","protected":false},"excerpt":{"rendered":"<p><strong>Typ<\/strong>: Kosmetyczka<\/p>\n<p><strong>Numer pozycji:<\/strong> JF004<\/p>\n<p><strong>Rozmiar elementu<\/strong>22*16*8cm<\/p>\n<p><strong>Kolory<\/strong>: R\u00f3\u017cowy\/ czarny\/ niebieski\/ bia\u0142y\/ szary<\/p>\n<p><strong>Materia\u0142: <\/strong>Sztuczna sk\u00f3ra + tkanina Oxford<\/p>\n<p>&nbsp;<\/p>\n<p>&nbsp;<\/p>\n<p>Produkujemy doskona\u0142e kosmetyczki podr\u00f3\u017cne. Powody, dla kt\u00f3rych warto nas wybra\u0107:<br \/>\nProdukty certyfikowane przez profesjonalne instytucje, z wystarczaj\u0105c\u0105 i stabiln\u0105 poda\u017c\u0105<br \/>\nPonad dwadzie\u015bcia lat do\u015bwiadczenia, z technologi\u0105 i depozytami jako\u015bci.<br \/>\nMile widziana personalizacja spe\u0142niaj\u0105ca r\u00f3\u017cne potrzeby<br \/>\nProdukcja i wysy\u0142ka w najszybszym tempie<br \/>\nPrzemy\u015blana kompleksowa obs\u0142uga, w tym przedsprzeda\u017c, sprzeda\u017c i obs\u0142uga posprzeda\u017cna<\/p>","protected":false},"featured_media":8076,"comment_status":"open","ping_status":"closed","template":"","meta":{"_acf_changed":false},"product_brand":[],"product_cat":[30],"product_tag":[48,78],"class_list":{"0":"post-8075","1":"product","2":"type-product","3":"status-publish","4":"has-post-thumbnail","6":"product_cat-makeup-bag","7":"product_tag-large-capacity","8":"product_tag-makeup-bag","10":"first","11":"instock","12":"shipping-taxable","13":"product-type-simple","14":"swiper-slide"},"acf":[],"_links":{"self":[{"href":"https:\/\/www.sellersunionagent.com\/pl\/wp-json\/wp\/v2\/product\/8075","targetHints":{"allow":["GET"]}}],"collection":[{"href":"https:\/\/www.sellersunionagent.com\/pl\/wp-json\/wp\/v2\/product"}],"about":[{"href":"https:\/\/www.sellersunionagent.com\/pl\/wp-json\/wp\/v2\/types\/product"}],"replies":[{"embeddable":true,"href":"https:\/\/www.sellersunionagent.com\/pl\/wp-json\/wp\/v2\/comments?post=8075"}],"wp:featuredmedia":[{"embeddable":true,"href":"https:\/\/www.sellersunionagent.com\/pl\/wp-json\/wp\/v2\/media\/8076"}],"wp:attachment":[{"href":"https:\/\/www.sellersunionagent.com\/pl\/wp-json\/wp\/v2\/media?parent=8075"}],"wp:term":[{"taxonomy":"product_brand","embeddable":true,"href":"https:\/\/www.sellersunionagent.com\/pl\/wp-json\/wp\/v2\/product_brand?post=8075"},{"taxonomy":"product_cat","embeddable":true,"href":"https:\/\/www.sellersunionagent.com\/pl\/wp-json\/wp\/v2\/product_cat?post=8075"},{"taxonomy":"product_tag","embeddable":true,"href":"https:\/\/www.sellersunionagent.com\/pl\/wp-json\/wp\/v2\/product_tag?post=8075"}],"curies":[{"name":"wp","href":"https:\/\/api.w.org\/{rel}","templated":true}]}}