{"id":8069,"date":"2022-06-29T06:41:32","date_gmt":"2022-06-28T22:41:32","guid":{"rendered":"https:\/\/sellersunionagent.com\/?post_type=product&#038;p=8069"},"modified":"2022-07-13T15:09:03","modified_gmt":"2022-07-13T07:09:03","slug":"podrozna-kosmetyczka-kosmetyczka-podrozna-kosmetyczka-dla-kobiet-przezroczysta-wodoodporna-kosmetyczka-kosmetyczka-podrozna-organizer","status":"publish","type":"product","link":"https:\/\/www.sellersunionagent.com\/pl\/travel-makeup-bagcosmetic-bag%ef%bc%8ctravel-toiletry-bag-for-womentranslucent-waterproof-makeup-cosmetic-bag-travel-organizer\/","title":{"rendered":"Niestandardowa podr\u00f3\u017cna kosmetyczka, kosmetyczka, podr\u00f3\u017cna kosmetyczka dla kobiet, p\u00f3\u0142przezroczysta wodoodporna kosmetyczka do makija\u017cu, organizer podr\u00f3\u017cny"},"content":{"rendered":"<h2 id=\"title\" class=\"a-size-large a-spacing-none\"><span id=\"productTitle\" class=\"a-size-large product-title-word-break\">Niestandardowa podr\u00f3\u017cna kosmetyczka, kosmetyczka, podr\u00f3\u017cna kosmetyczka dla kobiet, p\u00f3\u0142przezroczysta wodoodporna kosmetyczka do makija\u017cu, organizer podr\u00f3\u017cny<\/span><\/h2>\n<p>&nbsp;<\/p>\n<p>&nbsp;<\/p>\n<p>Nasz wisz\u0105cy schowek wykonany z wysokiej jako\u015bci tkaniny Oxford, znacznie mocniejszej ni\u017c w\u0142\u00f3kniny i kieszenie z PVC. Dzi\u0119ki dwustronnej siatkowej torbie oszcz\u0119dza miejsce i jest trwa\u0142a. Mo\u017cna go umie\u015bci\u0107 w polu widzenia i umie\u015bci\u0107 osobno.<\/p>\n<p>&nbsp;<\/p>\n<p>&nbsp;<\/p>\n<p>Wytrzyma\u0142y, mocny haczyk, kt\u00f3ry mo\u017cna zawiesi\u0107 na drzwiach, \u015bcianach, szafkach, sypialniach itp. Wieszak mo\u017cna \u0142atwo zdj\u0105\u0107, a torb\u0119 do przechowywania mo\u017cna zwin\u0105\u0107 lub z\u0142o\u017cy\u0107.<\/p>\n<p>&nbsp;<\/p>\n<p>&nbsp;<\/p>\n<p>Wielofunkcyjne wisz\u0105ce kosze do organizowania mo\u017cna zawiesi\u0107 w sypialni, \u0142azience, kuchni, biurze, mo\u017ce przechowywa\u0107 wszystkie piloty, okulary, bi\u017cuteri\u0119, odporne na wilgo\u0107 kije, \u0142adowarki, poczt\u0119, rachunki, klucze, ma\u0142e notatniki, niekt\u00f3re d\u0142ugopisy, koperty itp. Jest to zgubiony przedmiot.<\/p>\n<p>&nbsp;<\/p>\n<p>&nbsp;<\/p>\n<p><img fetchpriority=\"high\" decoding=\"async\" class=\"aligncenter wp-image-8074\" src=\"https:\/\/www.sellersunionagent.com\/wp-content\/uploads\/2022\/06\/drawer-underwear-organizer-divider-8.jpg\" alt=\"\" width=\"600\" height=\"600\" \/><img decoding=\"async\" class=\"aligncenter wp-image-8070\" src=\"https:\/\/www.sellersunionagent.com\/wp-content\/uploads\/2022\/06\/drawer-underwear-organizer-divider-4.jpg\" alt=\"Dystrybutor\" width=\"600\" height=\"600\" \/> <img decoding=\"async\" class=\"aligncenter wp-image-8072\" src=\"https:\/\/www.sellersunionagent.com\/wp-content\/uploads\/2022\/06\/drawer-underwear-organizer-divider-6.jpg\" alt=\"Dystrybutor\" width=\"600\" height=\"600\" \/> <img loading=\"lazy\" decoding=\"async\" class=\"aligncenter wp-image-8073\" src=\"https:\/\/www.sellersunionagent.com\/wp-content\/uploads\/2022\/06\/custom-travel-makeup-bag.jpg\" alt=\"Dystrybutor\" width=\"600\" height=\"600\" \/> <img loading=\"lazy\" decoding=\"async\" class=\"aligncenter wp-image-8074\" src=\"https:\/\/www.sellersunionagent.com\/wp-content\/uploads\/2022\/06\/drawer-underwear-organizer-divider-8.jpg\" alt=\"Dystrybutor\" width=\"600\" height=\"600\" \/><\/p>","protected":false},"excerpt":{"rendered":"<p>Nazwa: Torba do przechowywania w domu<\/p>\n<p>Nr artyku\u0142u:MYXS-006<\/p>\n<p>Rozmiar:&amp;Waga: 24*17*13CM-210g<\/p>","protected":false},"featured_media":8071,"comment_status":"open","ping_status":"closed","template":"","meta":{"_acf_changed":false},"product_brand":[],"product_cat":[33],"product_tag":[62],"class_list":{"0":"post-8069","1":"product","2":"type-product","3":"status-publish","4":"has-post-thumbnail","6":"product_cat-toiletry-bag","7":"product_tag-multifunctionwashing-bagorganizer","9":"first","10":"instock","11":"shipping-taxable","12":"product-type-simple","13":"swiper-slide"},"acf":[],"_links":{"self":[{"href":"https:\/\/www.sellersunionagent.com\/pl\/wp-json\/wp\/v2\/product\/8069","targetHints":{"allow":["GET"]}}],"collection":[{"href":"https:\/\/www.sellersunionagent.com\/pl\/wp-json\/wp\/v2\/product"}],"about":[{"href":"https:\/\/www.sellersunionagent.com\/pl\/wp-json\/wp\/v2\/types\/product"}],"replies":[{"embeddable":true,"href":"https:\/\/www.sellersunionagent.com\/pl\/wp-json\/wp\/v2\/comments?post=8069"}],"wp:featuredmedia":[{"embeddable":true,"href":"https:\/\/www.sellersunionagent.com\/pl\/wp-json\/wp\/v2\/media\/8071"}],"wp:attachment":[{"href":"https:\/\/www.sellersunionagent.com\/pl\/wp-json\/wp\/v2\/media?parent=8069"}],"wp:term":[{"taxonomy":"product_brand","embeddable":true,"href":"https:\/\/www.sellersunionagent.com\/pl\/wp-json\/wp\/v2\/product_brand?post=8069"},{"taxonomy":"product_cat","embeddable":true,"href":"https:\/\/www.sellersunionagent.com\/pl\/wp-json\/wp\/v2\/product_cat?post=8069"},{"taxonomy":"product_tag","embeddable":true,"href":"https:\/\/www.sellersunionagent.com\/pl\/wp-json\/wp\/v2\/product_tag?post=8069"}],"curies":[{"name":"wp","href":"https:\/\/api.w.org\/{rel}","templated":true}]}}