{"id":8052,"date":"2022-06-29T06:28:18","date_gmt":"2022-06-28T22:28:18","guid":{"rendered":"https:\/\/sellersunionagent.com\/?post_type=product&#038;p=8052"},"modified":"2022-08-31T14:11:46","modified_gmt":"2022-08-31T06:11:46","slug":"large-canvas-comforter-storage-bags-closet-organizer-for-clothes","status":"publish","type":"product","link":"https:\/\/www.sellersunionagent.com\/pl\/large-canvas-comforter-storage-bags-closet-organizer-for-clothes\/","title":{"rendered":"Du\u017ce p\u0142\u00f3cienne torby na ko\u0142dry Organizer do szafy na ubrania"},"content":{"rendered":"<h2 id=\"title\" class=\"a-size-large a-spacing-none\"><span id=\"productTitle\" class=\"a-size-large product-title-word-break\">Du\u017ce p\u0142\u00f3cienne torby na ko\u0142dry Organizer do szafy na ubrania<\/span><\/h2>\n<p>&nbsp;<\/p>\n<p>&nbsp;<\/p>\n<p>Nasz wisz\u0105cy schowek wykonany z wysokiej jako\u015bci tkaniny Oxford, znacznie mocniejszej ni\u017c w\u0142\u00f3kniny i kieszenie z PVC. Dzi\u0119ki dwustronnej siatkowej torbie oszcz\u0119dza miejsce i jest trwa\u0142a. Mo\u017cna go umie\u015bci\u0107 w polu widzenia i umie\u015bci\u0107 osobno.<\/p>\n<p>&nbsp;<\/p>\n<p>&nbsp;<\/p>\n<p>Wytrzyma\u0142y, mocny haczyk, kt\u00f3ry mo\u017cna zawiesi\u0107 na drzwiach, \u015bcianach, szafkach, sypialniach itp. Wieszak mo\u017cna \u0142atwo zdj\u0105\u0107, a torb\u0119 do przechowywania mo\u017cna zwin\u0105\u0107 lub z\u0142o\u017cy\u0107.<\/p>\n<p>&nbsp;<\/p>\n<p>&nbsp;<\/p>\n<p>Wielofunkcyjne wisz\u0105ce kosze do organizowania mo\u017cna zawiesi\u0107 w sypialni, \u0142azience, kuchni, biurze, mo\u017ce przechowywa\u0107 wszystkie piloty, okulary, bi\u017cuteri\u0119, odporne na wilgo\u0107 kije, \u0142adowarki, poczt\u0119, rachunki, klucze, ma\u0142e notatniki, niekt\u00f3re d\u0142ugopisy, koperty itp. Jest to zgubiony przedmiot.<\/p>\n<p>&nbsp;<\/p>\n<p>&nbsp;<\/p>\n<p><img fetchpriority=\"high\" decoding=\"async\" class=\"aligncenter wp-image-8055\" src=\"https:\/\/www.sellersunionagent.com\/wp-content\/uploads\/2022\/06\/large-canvas-comforter-storage-bags-2.jpg\" alt=\"\" width=\"600\" height=\"600\" \/> <img decoding=\"async\" class=\"aligncenter wp-image-8056\" src=\"https:\/\/www.sellersunionagent.com\/wp-content\/uploads\/2022\/06\/large-canvas-comforter-storage-bags-3.jpg\" alt=\"\" width=\"600\" height=\"600\" \/><img decoding=\"async\" class=\"aligncenter wp-image-8971\" src=\"https:\/\/www.sellersunionagent.com\/wp-content\/uploads\/2022\/06\/O1CN01QcLshx1smZSxufwvh_2153205809-0-cib.jpg\" alt=\"Produkcja w Chinach\" width=\"600\" height=\"600\" \/><\/p>","protected":false},"excerpt":{"rendered":"<p>Nazwa: Torba do przechowywania w domu<\/p>\n<p>Item No.:MYSNH01<\/p>\n<p>Size&amp;Weight: 30x30x30CM&#8211;540g<\/p>","protected":false},"featured_media":8053,"comment_status":"open","ping_status":"closed","template":"","meta":{"_acf_changed":false},"product_brand":[],"product_cat":[31,186],"product_tag":[73],"class_list":{"0":"post-8052","1":"product","2":"type-product","3":"status-publish","4":"has-post-thumbnail","6":"product_cat-home-storage","7":"product_cat-living-room","8":"product_tag-home-storagewholesaledurable","10":"first","11":"instock","12":"shipping-taxable","13":"product-type-simple","14":"swiper-slide"},"acf":[],"_links":{"self":[{"href":"https:\/\/www.sellersunionagent.com\/pl\/wp-json\/wp\/v2\/product\/8052","targetHints":{"allow":["GET"]}}],"collection":[{"href":"https:\/\/www.sellersunionagent.com\/pl\/wp-json\/wp\/v2\/product"}],"about":[{"href":"https:\/\/www.sellersunionagent.com\/pl\/wp-json\/wp\/v2\/types\/product"}],"replies":[{"embeddable":true,"href":"https:\/\/www.sellersunionagent.com\/pl\/wp-json\/wp\/v2\/comments?post=8052"}],"wp:featuredmedia":[{"embeddable":true,"href":"https:\/\/www.sellersunionagent.com\/pl\/wp-json\/wp\/v2\/media\/8053"}],"wp:attachment":[{"href":"https:\/\/www.sellersunionagent.com\/pl\/wp-json\/wp\/v2\/media?parent=8052"}],"wp:term":[{"taxonomy":"product_brand","embeddable":true,"href":"https:\/\/www.sellersunionagent.com\/pl\/wp-json\/wp\/v2\/product_brand?post=8052"},{"taxonomy":"product_cat","embeddable":true,"href":"https:\/\/www.sellersunionagent.com\/pl\/wp-json\/wp\/v2\/product_cat?post=8052"},{"taxonomy":"product_tag","embeddable":true,"href":"https:\/\/www.sellersunionagent.com\/pl\/wp-json\/wp\/v2\/product_tag?post=8052"}],"curies":[{"name":"wp","href":"https:\/\/api.w.org\/{rel}","templated":true}]}}