{"id":8036,"date":"2022-06-29T06:15:12","date_gmt":"2022-06-28T22:15:12","guid":{"rendered":"https:\/\/sellersunionagent.com\/?post_type=product&#038;p=8036"},"modified":"2022-08-31T14:13:59","modified_gmt":"2022-08-31T06:13:59","slug":"organizer-do-przechowywania-kolder-wykonany-z-wlokniny","status":"publish","type":"product","link":"https:\/\/www.sellersunionagent.com\/pl\/quilt-home-storage-bag-organizer-made-of-non-woven-fabrics\/","title":{"rendered":"Torba\/organizer do przechowywania ko\u0142der wykonana z w\u0142\u00f3kniny"},"content":{"rendered":"<h2>Torba\/organizer do przechowywania ko\u0142der wykonana z w\u0142\u00f3kniny<\/h2>\n<p>&nbsp;<\/p>\n<p>&nbsp;<\/p>\n<p>Nasz wisz\u0105cy schowek wykonany z wysokiej jako\u015bci tkaniny Oxford, znacznie mocniejszej ni\u017c w\u0142\u00f3kniny i kieszenie z PVC. Dzi\u0119ki dwustronnej siatkowej torbie oszcz\u0119dza miejsce i jest trwa\u0142a. Mo\u017cna go umie\u015bci\u0107 w polu widzenia i umie\u015bci\u0107 osobno.<\/p>\n<p>&nbsp;<\/p>\n<p>&nbsp;<\/p>\n<p>Wytrzyma\u0142y, mocny haczyk, kt\u00f3ry mo\u017cna zawiesi\u0107 na drzwiach, \u015bcianach, szafkach, sypialniach itp. Wieszak mo\u017cna \u0142atwo zdj\u0105\u0107, a torb\u0119 do przechowywania mo\u017cna zwin\u0105\u0107 lub z\u0142o\u017cy\u0107.<\/p>\n<p>&nbsp;<\/p>\n<p>&nbsp;<\/p>\n<p>Wielofunkcyjne wisz\u0105ce kosze do organizowania mo\u017cna zawiesi\u0107 w sypialni, \u0142azience, kuchni, biurze, mo\u017ce przechowywa\u0107 wszystkie piloty, okulary, bi\u017cuteri\u0119, odporne na wilgo\u0107 kije, \u0142adowarki, poczt\u0119, rachunki, klucze, ma\u0142e notatniki, niekt\u00f3re d\u0142ugopisy, koperty itp. Jest to zgubiony przedmiot.<\/p>\n<p>&nbsp;<\/p>\n<p>&nbsp;<\/p>\n<p><img fetchpriority=\"high\" decoding=\"async\" class=\"aligncenter wp-image-8916\" src=\"https:\/\/www.sellersunionagent.com\/wp-content\/uploads\/2022\/06\/quilt-home-storage-bag-11.jpg\" alt=\"Produkcja w Chinach\" width=\"600\" height=\"596\" \/> <img decoding=\"async\" class=\"aligncenter wp-image-8917\" src=\"https:\/\/www.sellersunionagent.com\/wp-content\/uploads\/2022\/06\/quilt-home-storage-bag.png\" alt=\"Produkcja w Chinach\" width=\"600\" height=\"609\" \/> <img decoding=\"async\" class=\"aligncenter wp-image-8918\" src=\"https:\/\/www.sellersunionagent.com\/wp-content\/uploads\/2022\/06\/\u8be6\u60c5\u9875-3-5.png\" alt=\"Produkcja w Chinach\" width=\"600\" height=\"580\" \/><img loading=\"lazy\" decoding=\"async\" class=\"aligncenter wp-image-8038\" src=\"https:\/\/www.sellersunionagent.com\/wp-content\/uploads\/2022\/06\/quilt-home-storage-bag-1.jpg\" alt=\"\" width=\"600\" height=\"600\" \/><\/p>","protected":false},"excerpt":{"rendered":"<p>Nazwa: Torba do przechowywania w domu<\/p>\n<p>Nr artyku\u0142u:MYMBSN07<\/p>\n<p>Rozmiar i waga: 41*33*50CM-300G<\/p>","protected":false},"featured_media":8041,"comment_status":"open","ping_status":"closed","template":"","meta":{"_acf_changed":false},"product_brand":[],"product_cat":[31,186],"product_tag":[70],"class_list":{"0":"post-8036","1":"product","2":"type-product","3":"status-publish","4":"has-post-thumbnail","6":"product_cat-home-storage","7":"product_cat-living-room","8":"product_tag-home-storage","10":"first","11":"instock","12":"shipping-taxable","13":"product-type-simple","14":"swiper-slide"},"acf":[],"_links":{"self":[{"href":"https:\/\/www.sellersunionagent.com\/pl\/wp-json\/wp\/v2\/product\/8036","targetHints":{"allow":["GET"]}}],"collection":[{"href":"https:\/\/www.sellersunionagent.com\/pl\/wp-json\/wp\/v2\/product"}],"about":[{"href":"https:\/\/www.sellersunionagent.com\/pl\/wp-json\/wp\/v2\/types\/product"}],"replies":[{"embeddable":true,"href":"https:\/\/www.sellersunionagent.com\/pl\/wp-json\/wp\/v2\/comments?post=8036"}],"wp:featuredmedia":[{"embeddable":true,"href":"https:\/\/www.sellersunionagent.com\/pl\/wp-json\/wp\/v2\/media\/8041"}],"wp:attachment":[{"href":"https:\/\/www.sellersunionagent.com\/pl\/wp-json\/wp\/v2\/media?parent=8036"}],"wp:term":[{"taxonomy":"product_brand","embeddable":true,"href":"https:\/\/www.sellersunionagent.com\/pl\/wp-json\/wp\/v2\/product_brand?post=8036"},{"taxonomy":"product_cat","embeddable":true,"href":"https:\/\/www.sellersunionagent.com\/pl\/wp-json\/wp\/v2\/product_cat?post=8036"},{"taxonomy":"product_tag","embeddable":true,"href":"https:\/\/www.sellersunionagent.com\/pl\/wp-json\/wp\/v2\/product_tag?post=8036"}],"curies":[{"name":"wp","href":"https:\/\/api.w.org\/{rel}","templated":true}]}}