{"id":8029,"date":"2022-06-29T06:08:47","date_gmt":"2022-06-28T22:08:47","guid":{"rendered":"https:\/\/sellersunionagent.com\/?post_type=product&#038;p=8029"},"modified":"2022-08-31T14:14:07","modified_gmt":"2022-08-31T06:14:07","slug":"szafa-wiszaca-schowek-na-kieszenie-lazienka-akademik-organizer-baglinowy-bawelniany-organizer-pojemniki-do-sypialni","status":"publish","type":"product","link":"https:\/\/www.sellersunionagent.com\/pl\/closet-hanging-storage-for-pocketbathroom-dormitory-organizer-baglinen-cotton-organizer-box-containers-for-bedroom\/","title":{"rendered":"Wisz\u0105cy schowek na kiesze\u0144, torba organizacyjna do \u0142azienki, lniane bawe\u0142niane pojemniki organizacyjne do sypialni"},"content":{"rendered":"<h2 id=\"title\" class=\"a-size-large a-spacing-none\"><span id=\"productTitle\" class=\"a-size-large product-title-word-break\">Wisz\u0105cy schowek na kiesze\u0144, torba organizacyjna do \u0142azienki, lniane bawe\u0142niane pojemniki organizacyjne do sypialni<\/span><\/h2>\n<p>&nbsp;<\/p>\n<p>&nbsp;<\/p>\n<p>Nasz wisz\u0105cy schowek wykonany z wysokiej jako\u015bci tkaniny Oxford, znacznie mocniejszej ni\u017c w\u0142\u00f3kniny i kieszenie z PVC. Dzi\u0119ki dwustronnej siatkowej torbie oszcz\u0119dza miejsce i jest trwa\u0142a. Mo\u017cna go umie\u015bci\u0107 w polu widzenia i umie\u015bci\u0107 osobno.<\/p>\n<p>&nbsp;<\/p>\n<p>&nbsp;<\/p>\n<p>Wytrzyma\u0142y, mocny haczyk, kt\u00f3ry mo\u017cna zawiesi\u0107 na drzwiach, \u015bcianach, szafkach, sypialniach itp. Wieszak mo\u017cna \u0142atwo zdj\u0105\u0107, a torb\u0119 do przechowywania mo\u017cna zwin\u0105\u0107 lub z\u0142o\u017cy\u0107.<\/p>\n<p>&nbsp;<\/p>\n<p>&nbsp;<\/p>\n<p>Wielofunkcyjne wisz\u0105ce kosze do organizowania mo\u017cna zawiesi\u0107 w sypialni, \u0142azience, kuchni, biurze, mo\u017ce przechowywa\u0107 wszystkie piloty, okulary, bi\u017cuteri\u0119, odporne na wilgo\u0107 kije, \u0142adowarki, poczt\u0119, rachunki, klucze, ma\u0142e notatniki, niekt\u00f3re d\u0142ugopisy, koperty itp. Jest to zgubiony przedmiot.<\/p>\n<p>&nbsp;<\/p>\n<p>&nbsp;<\/p>\n<p><img fetchpriority=\"high\" decoding=\"async\" class=\"aligncenter wp-image-8030\" src=\"https:\/\/www.sellersunionagent.com\/wp-content\/uploads\/2022\/06\/closet-hanging-storage-for-pocket.jpg\" alt=\"\" width=\"600\" height=\"600\" \/><\/p>\n<p><img decoding=\"async\" class=\"aligncenter wp-image-8032\" src=\"https:\/\/www.sellersunionagent.com\/wp-content\/uploads\/2022\/06\/closet-hanging-storage-for-pocket-2.jpg\" alt=\"\" width=\"600\" height=\"596\" \/><img decoding=\"async\" class=\"aligncenter wp-image-8910\" src=\"https:\/\/www.sellersunionagent.com\/wp-content\/uploads\/2022\/06\/closet-hanging-storage-for-pocket.png\" alt=\"Produkcja w Chinach\" width=\"600\" height=\"604\" \/><img loading=\"lazy\" decoding=\"async\" class=\"aligncenter wp-image-9158\" src=\"https:\/\/www.sellersunionagent.com\/wp-content\/uploads\/2022\/06\/\u767d\u5e95\u56fe-\u6b63\u65b9\u5f622.jpg\" alt=\"\" width=\"600\" height=\"600\" \/><\/p>","protected":false},"excerpt":{"rendered":"<p>Nazwa: Torba do przechowywania w domu<\/p>\n<p>Nr artyku\u0142u:MYMBSN05<\/p>\n<p>Rozmiar i waga: 27*27*27.5cm-250g<\/p>","protected":false},"featured_media":9158,"comment_status":"open","ping_status":"closed","template":"","meta":{"_acf_changed":false},"product_brand":[],"product_cat":[31,187],"product_tag":[70],"class_list":{"0":"post-8029","1":"product","2":"type-product","3":"status-publish","4":"has-post-thumbnail","6":"product_cat-home-storage","7":"product_cat-bedroom","8":"product_tag-home-storage","10":"first","11":"instock","12":"shipping-taxable","13":"product-type-simple","14":"swiper-slide"},"acf":[],"_links":{"self":[{"href":"https:\/\/www.sellersunionagent.com\/pl\/wp-json\/wp\/v2\/product\/8029","targetHints":{"allow":["GET"]}}],"collection":[{"href":"https:\/\/www.sellersunionagent.com\/pl\/wp-json\/wp\/v2\/product"}],"about":[{"href":"https:\/\/www.sellersunionagent.com\/pl\/wp-json\/wp\/v2\/types\/product"}],"replies":[{"embeddable":true,"href":"https:\/\/www.sellersunionagent.com\/pl\/wp-json\/wp\/v2\/comments?post=8029"}],"wp:featuredmedia":[{"embeddable":true,"href":"https:\/\/www.sellersunionagent.com\/pl\/wp-json\/wp\/v2\/media\/9158"}],"wp:attachment":[{"href":"https:\/\/www.sellersunionagent.com\/pl\/wp-json\/wp\/v2\/media?parent=8029"}],"wp:term":[{"taxonomy":"product_brand","embeddable":true,"href":"https:\/\/www.sellersunionagent.com\/pl\/wp-json\/wp\/v2\/product_brand?post=8029"},{"taxonomy":"product_cat","embeddable":true,"href":"https:\/\/www.sellersunionagent.com\/pl\/wp-json\/wp\/v2\/product_cat?post=8029"},{"taxonomy":"product_tag","embeddable":true,"href":"https:\/\/www.sellersunionagent.com\/pl\/wp-json\/wp\/v2\/product_tag?post=8029"}],"curies":[{"name":"wp","href":"https:\/\/api.w.org\/{rel}","templated":true}]}}