{"id":8024,"date":"2022-06-29T06:04:00","date_gmt":"2022-06-28T22:04:00","guid":{"rendered":"https:\/\/sellersunionagent.com\/?post_type=product&#038;p=8024"},"modified":"2022-08-31T14:14:30","modified_gmt":"2022-08-31T06:14:30","slug":"dwuwarstwowa-torba-wiszaca-na-scianie-do-przechowywania-w-domu","status":"publish","type":"product","link":"https:\/\/www.sellersunionagent.com\/pl\/double-layers-hanging-on-wall-home-storage-bag\/","title":{"rendered":"Dwuwarstwowa torba do przechowywania na \u015bcianie"},"content":{"rendered":"<h2>Dwuwarstwowa torba do przechowywania na \u015bcianie<\/h2>\n<p>&nbsp;<\/p>\n<p>&nbsp;<\/p>\n<p>Nasz wisz\u0105cy schowek wykonany z wysokiej jako\u015bci tkaniny Oxford, znacznie mocniejszej ni\u017c w\u0142\u00f3kniny i kieszenie z PVC. Dzi\u0119ki dwustronnej siatkowej torbie oszcz\u0119dza miejsce i jest trwa\u0142a. Mo\u017cna go umie\u015bci\u0107 w polu widzenia i umie\u015bci\u0107 osobno.<\/p>\n<p>&nbsp;<\/p>\n<p>&nbsp;<\/p>\n<p>Wytrzyma\u0142y, mocny haczyk, kt\u00f3ry mo\u017cna zawiesi\u0107 na drzwiach, \u015bcianach, szafkach, sypialniach itp. Wieszak mo\u017cna \u0142atwo zdj\u0105\u0107, a torb\u0119 do przechowywania mo\u017cna zwin\u0105\u0107 lub z\u0142o\u017cy\u0107.<\/p>\n<p>&nbsp;<\/p>\n<p>&nbsp;<\/p>\n<p>Wielofunkcyjne wisz\u0105ce kosze do organizowania mo\u017cna zawiesi\u0107 w sypialni, \u0142azience, kuchni, biurze, mo\u017ce przechowywa\u0107 wszystkie piloty, okulary, bi\u017cuteri\u0119, odporne na wilgo\u0107 kije, \u0142adowarki, poczt\u0119, rachunki, klucze, ma\u0142e notatniki, niekt\u00f3re d\u0142ugopisy, koperty itp. Jest to zgubiony przedmiot.<\/p>\n<p>&nbsp;<\/p>\n<p>&nbsp;<\/p>\n<p><img fetchpriority=\"high\" decoding=\"async\" class=\"aligncenter wp-image-8027\" src=\"https:\/\/www.sellersunionagent.com\/wp-content\/uploads\/2022\/06\/double-layers-hanging-on-wall-home-storage-bag-2.jpg\" alt=\"\" width=\"600\" height=\"600\" \/><img decoding=\"async\" class=\"aligncenter wp-image-8896\" src=\"https:\/\/www.sellersunionagent.com\/wp-content\/uploads\/2022\/06\/double-layers-hanging-on-wall-home-storage-bag-4.png\" alt=\"Produkcja w Chinach\" width=\"600\" height=\"584\" \/> <img decoding=\"async\" class=\"aligncenter wp-image-8897\" src=\"https:\/\/www.sellersunionagent.com\/wp-content\/uploads\/2022\/06\/double-layers-hanging-on-wall-home-storage-bag-3.png\" alt=\"Produkcja w Chinach\" width=\"600\" height=\"576\" \/><img loading=\"lazy\" decoding=\"async\" class=\"aligncenter wp-image-9166\" src=\"https:\/\/www.sellersunionagent.com\/wp-content\/uploads\/2022\/06\/\u6b63\u65b9\u5f62-3.jpg\" alt=\"OEM\/ODM\" width=\"600\" height=\"600\" \/> <img loading=\"lazy\" decoding=\"async\" class=\"aligncenter wp-image-9164\" src=\"https:\/\/www.sellersunionagent.com\/wp-content\/uploads\/2022\/06\/\u6b63\u65b9\u5f62-1-1.jpg\" alt=\"OEM\/ODM\" width=\"600\" height=\"600\" \/> <img loading=\"lazy\" decoding=\"async\" class=\"aligncenter wp-image-9165\" src=\"https:\/\/www.sellersunionagent.com\/wp-content\/uploads\/2022\/06\/\u6b63\u65b9\u5f62-2-1.jpg\" alt=\"OEM\/ODM\" width=\"600\" height=\"600\" \/><\/p>","protected":false},"excerpt":{"rendered":"<p>Nazwa: Torba do przechowywania w domu<\/p>\n<p>Nr artyku\u0142u:MYGD09<\/p>\n<p>Rozmiar i waga: 85*36cm-200g<\/p>","protected":false},"featured_media":9164,"comment_status":"open","ping_status":"closed","template":"","meta":{"_acf_changed":false},"product_brand":[],"product_cat":[31,187],"product_tag":[70],"class_list":{"0":"post-8024","1":"product","2":"type-product","3":"status-publish","4":"has-post-thumbnail","6":"product_cat-home-storage","7":"product_cat-bedroom","8":"product_tag-home-storage","10":"first","11":"instock","12":"shipping-taxable","13":"product-type-simple","14":"swiper-slide"},"acf":[],"_links":{"self":[{"href":"https:\/\/www.sellersunionagent.com\/pl\/wp-json\/wp\/v2\/product\/8024","targetHints":{"allow":["GET"]}}],"collection":[{"href":"https:\/\/www.sellersunionagent.com\/pl\/wp-json\/wp\/v2\/product"}],"about":[{"href":"https:\/\/www.sellersunionagent.com\/pl\/wp-json\/wp\/v2\/types\/product"}],"replies":[{"embeddable":true,"href":"https:\/\/www.sellersunionagent.com\/pl\/wp-json\/wp\/v2\/comments?post=8024"}],"wp:featuredmedia":[{"embeddable":true,"href":"https:\/\/www.sellersunionagent.com\/pl\/wp-json\/wp\/v2\/media\/9164"}],"wp:attachment":[{"href":"https:\/\/www.sellersunionagent.com\/pl\/wp-json\/wp\/v2\/media?parent=8024"}],"wp:term":[{"taxonomy":"product_brand","embeddable":true,"href":"https:\/\/www.sellersunionagent.com\/pl\/wp-json\/wp\/v2\/product_brand?post=8024"},{"taxonomy":"product_cat","embeddable":true,"href":"https:\/\/www.sellersunionagent.com\/pl\/wp-json\/wp\/v2\/product_cat?post=8024"},{"taxonomy":"product_tag","embeddable":true,"href":"https:\/\/www.sellersunionagent.com\/pl\/wp-json\/wp\/v2\/product_tag?post=8024"}],"curies":[{"name":"wp","href":"https:\/\/api.w.org\/{rel}","templated":true}]}}